{"id":10438,"date":"2023-08-02T14:43:14","date_gmt":"2023-08-02T11:43:14","guid":{"rendered":"https:\/\/liiveri.net\/kylat\/kylaesittelyt\/huissinkyla-2\/"},"modified":"2023-08-04T14:49:31","modified_gmt":"2023-08-04T11:49:31","slug":"jalasjarven-kirkonkyla","status":"publish","type":"page","link":"https:\/\/liiveri.net\/en\/kylat\/kylaesittelyt\/jalasjarven-kirkonkyla\/","title":{"rendered":"Church village of Jalasj\u00e4rvi"},"content":{"rendered":"<div data-elementor-type=\"wp-page\" data-elementor-id=\"10438\" class=\"elementor elementor-10438\">\n\t\t\t\t\t\t<section class=\"elementor-section elementor-top-section elementor-element elementor-element-354c1aef elementor-section-height-min-height elementor-section-boxed elementor-section-height-default elementor-section-items-middle\" data-id=\"354c1aef\" data-element_type=\"section\" data-settings=\"{&quot;background_background&quot;:&quot;classic&quot;}\">\n\t\t\t\t\t\t<div class=\"elementor-container elementor-column-gap-default\">\n\t\t\t\t\t<div class=\"elementor-column elementor-col-100 elementor-top-column elementor-element elementor-element-294ead1f\" data-id=\"294ead1f\" data-element_type=\"column\">\n\t\t\t<div class=\"elementor-widget-wrap elementor-element-populated\">\n\t\t\t\t\t\t<div class=\"elementor-element elementor-element-6e9037d elementor-widget elementor-widget-heading\" data-id=\"6e9037d\" data-element_type=\"widget\" data-widget_type=\"heading.default\">\n\t\t\t\t<div class=\"elementor-widget-container\">\n\t\t\t<style>\/*! elementor - v3.23.0 - 05-08-2024 *\/\n.elementor-heading-title{padding:0;margin:0;line-height:1}.elementor-widget-heading .elementor-heading-title[class*=elementor-size-]>a{color:inherit;font-size:inherit;line-height:inherit}.elementor-widget-heading .elementor-heading-title.elementor-size-small{font-size:15px}.elementor-widget-heading .elementor-heading-title.elementor-size-medium{font-size:19px}.elementor-widget-heading .elementor-heading-title.elementor-size-large{font-size:29px}.elementor-widget-heading .elementor-heading-title.elementor-size-xl{font-size:39px}.elementor-widget-heading .elementor-heading-title.elementor-size-xxl{font-size:59px}<\/style><h1 class=\"elementor-heading-title elementor-size-default\">Church village of Jalasj\u00e4rvi<\/h1>\t\t<\/div>\n\t\t\t\t<\/div>\n\t\t\t\t\t<\/div>\n\t\t<\/div>\n\t\t\t\t\t<\/div>\n\t\t<\/section>\n\t\t\t\t<section class=\"elementor-section elementor-top-section elementor-element elementor-element-5572e7be elementor-section-boxed elementor-section-height-default elementor-section-height-default\" data-id=\"5572e7be\" data-element_type=\"section\">\n\t\t\t\t\t\t<div class=\"elementor-container elementor-column-gap-default\">\n\t\t\t\t\t<div class=\"elementor-column elementor-col-100 elementor-top-column elementor-element elementor-element-316da01f\" data-id=\"316da01f\" data-element_type=\"column\">\n\t\t\t<div class=\"elementor-widget-wrap elementor-element-populated\">\n\t\t\t\t\t\t<div class=\"elementor-element elementor-element-32e71314 elementor-widget elementor-widget-shortcode\" data-id=\"32e71314\" data-element_type=\"widget\" data-widget_type=\"shortcode.default\">\n\t\t\t\t<div class=\"elementor-widget-container\">\n\t\t\t\t\t<div class=\"elementor-shortcode\"><span><span><a href=\"https:\/\/liiveri.net\/en\/\">Front page<\/a><\/span><\/span><\/div>\n\t\t\t\t<\/div>\n\t\t\t\t<\/div>\n\t\t\t\t<div class=\"elementor-element elementor-element-114eb8a8 elementor-widget elementor-widget-spacer\" data-id=\"114eb8a8\" data-element_type=\"widget\" data-widget_type=\"spacer.default\">\n\t\t\t\t<div class=\"elementor-widget-container\">\n\t\t\t<style>\/*! elementor - v3.23.0 - 05-08-2024 *\/\n.elementor-column .elementor-spacer-inner{height:var(--spacer-size)}.e-con{--container-widget-width:100%}.e-con-inner>.elementor-widget-spacer,.e-con>.elementor-widget-spacer{width:var(--container-widget-width,var(--spacer-size));--align-self:var(--container-widget-align-self,initial);--flex-shrink:0}.e-con-inner>.elementor-widget-spacer>.elementor-widget-container,.e-con>.elementor-widget-spacer>.elementor-widget-container{height:100%;width:100%}.e-con-inner>.elementor-widget-spacer>.elementor-widget-container>.elementor-spacer,.e-con>.elementor-widget-spacer>.elementor-widget-container>.elementor-spacer{height:100%}.e-con-inner>.elementor-widget-spacer>.elementor-widget-container>.elementor-spacer>.elementor-spacer-inner,.e-con>.elementor-widget-spacer>.elementor-widget-container>.elementor-spacer>.elementor-spacer-inner{height:var(--container-widget-height,var(--spacer-size))}.e-con-inner>.elementor-widget-spacer.elementor-widget-empty,.e-con>.elementor-widget-spacer.elementor-widget-empty{position:relative;min-height:22px;min-width:22px}.e-con-inner>.elementor-widget-spacer.elementor-widget-empty .elementor-widget-empty-icon,.e-con>.elementor-widget-spacer.elementor-widget-empty .elementor-widget-empty-icon{position:absolute;top:0;bottom:0;left:0;right:0;margin:auto;padding:0;width:22px;height:22px}<\/style>\t\t<div class=\"elementor-spacer\">\n\t\t\t<div class=\"elementor-spacer-inner\"><\/div>\n\t\t<\/div>\n\t\t\t\t<\/div>\n\t\t\t\t<\/div>\n\t\t\t\t\t<\/div>\n\t\t<\/div>\n\t\t\t\t\t<\/div>\n\t\t<\/section>\n\t\t\t\t<section class=\"elementor-section elementor-top-section elementor-element elementor-element-189c2b4 elementor-section-boxed elementor-section-height-default elementor-section-height-default\" data-id=\"189c2b4\" data-element_type=\"section\">\n\t\t\t\t\t\t<div class=\"elementor-container elementor-column-gap-default\">\n\t\t\t\t\t<div class=\"elementor-column elementor-col-100 elementor-top-column elementor-element elementor-element-b387b64\" data-id=\"b387b64\" data-element_type=\"column\">\n\t\t\t<div class=\"elementor-widget-wrap elementor-element-populated\">\n\t\t\t\t\t\t<div class=\"elementor-element elementor-element-0dacc11 elementor-widget elementor-widget-text-editor\" data-id=\"0dacc11\" data-element_type=\"widget\" data-widget_type=\"text-editor.default\">\n\t\t\t\t<div class=\"elementor-widget-container\">\n\t\t\t<style>\/*! elementor - v3.23.0 - 05-08-2024 *\/\n.elementor-widget-text-editor.elementor-drop-cap-view-stacked .elementor-drop-cap{background-color:#69727d;color:#fff}.elementor-widget-text-editor.elementor-drop-cap-view-framed .elementor-drop-cap{color:#69727d;border:3px solid;background-color:transparent}.elementor-widget-text-editor:not(.elementor-drop-cap-view-default) .elementor-drop-cap{margin-top:8px}.elementor-widget-text-editor:not(.elementor-drop-cap-view-default) .elementor-drop-cap-letter{width:1em;height:1em}.elementor-widget-text-editor .elementor-drop-cap{float:left;text-align:center;line-height:1;font-size:50px}.elementor-widget-text-editor .elementor-drop-cap-letter{display:inline-block}<\/style>\t\t\t\t<h1>Church village of Jalasj\u00e4rvi<\/h1><p>\u00a0<\/p><h2>Services<\/h2><p>Services located in Kirkonkyl\u00e4 include: three grocery stores, two hardware stores, many other different businesses, such as eateries and hair salons, as well as a movie theater. The village also has a library, a swimming hall, the Wilhola Youth Centre, a parish center. Kirkonkyl\u00e4 operates an elementary school, a middle school and a high school. There are two daycare centers and in addition there is an eskari in Kirjatalo.<\/p><p>\u00a0<\/p><h2>Shared spaces and hobby opportunities<\/h2><p>Kirkonkyl\u00e4 has good opportunities for outdoor activities. Kirkonkyl\u00e4&#039;s surroundings offer opportunities for versatile movement in nature, for example in the area of Kiuaskallio. The area of Kiuaskallio has good outdoor routes for walking and cycling, and downhill cycling is also available in the summer. The area also has an athletics field and Kuplahalli, which is currently under renovation. In winter, you can ski and snowboard in the area.<\/p><p>In the middle of the church village is Lake Lamminj\u00e4rvi, on the shore of which there is a swimming beach, a traffic park open in summer, a skate park, baseball and beach volleyball fields, and a place to wash carpets. A fitness trail goes around Lake Lamminj\u00e4rvi, and in winter there is an open sauna on the shore of the lake.<\/p><p>In the Kirkonkyl\u00e4 area, there is an active Sports Club Jalasj\u00e4rven Jalas, in whose divisions you can practice a variety of sports in different sports, e.g. in foot, badminton, netball and volleyball, athletics, orienteering, wrestling, skiing and biathlon.<\/p><p>Kirkonkyl\u00e4 has various cultural and hobby associations that organize various events and activities.<\/p><p>\u00a0<\/p><h2>Special features<\/h2><p>The Kirkonkyl\u00e4 area is home to well-known companies such as Juustoportin dairy and Koja.<\/p><p>\u00a0<\/p><h2>Good aspects in terms of business operations<\/h2><p>The busy highway 3, one of the main roads of the kingdom, passes through Jalasj\u00e4rvi&#039;s Kirkonkyl\u00e4. In addition, immediately north of the church village, highway 19 branches off from the three-way road. The location at the intersection of the highways guarantees good traffic connections in many directions. From Kirkonkyl\u00e4, the travel time to Sein\u00e4joki is only approx. 30 minutes, to Vaasa approx. 1 hour and Tampere can be reached in an hour and a half.<\/p><p>\u00a0<\/p><p>Updated 8\/2\/23<\/p>\t\t\t\t\t\t<\/div>\n\t\t\t\t<\/div>\n\t\t\t\t\t<\/div>\n\t\t<\/div>\n\t\t\t\t\t<\/div>\n\t\t<\/section>\n\t\t\t\t<section class=\"elementor-section elementor-top-section elementor-element elementor-element-5b6c5aac elementor-section-boxed elementor-section-height-default elementor-section-height-default\" data-id=\"5b6c5aac\" data-element_type=\"section\">\n\t\t\t\t\t\t\t<div class=\"elementor-background-overlay\"><\/div>\n\t\t\t\t\t\t\t<div class=\"elementor-container elementor-column-gap-default\">\n\t\t\t\t\t<div class=\"elementor-column elementor-col-100 elementor-top-column elementor-element elementor-element-6f80850a\" data-id=\"6f80850a\" data-element_type=\"column\">\n\t\t\t<div class=\"elementor-widget-wrap elementor-element-populated\">\n\t\t\t\t\t\t<div class=\"elementor-element elementor-element-23b5ead2 elementor-widget elementor-widget-spacer\" data-id=\"23b5ead2\" data-element_type=\"widget\" data-widget_type=\"spacer.default\">\n\t\t\t\t<div class=\"elementor-widget-container\">\n\t\t\t\t\t<div class=\"elementor-spacer\">\n\t\t\t<div class=\"elementor-spacer-inner\"><\/div>\n\t\t<\/div>\n\t\t\t\t<\/div>\n\t\t\t\t<\/div>\n\t\t\t\t<div class=\"elementor-element elementor-element-58c01d5e elementor-widget elementor-widget-text-editor\" data-id=\"58c01d5e\" data-element_type=\"widget\" data-widget_type=\"text-editor.default\">\n\t\t\t\t<div class=\"elementor-widget-container\">\n\t\t\t\t\t\t\t<h3 style=\"text-align: center\">Church village of Jalasj\u00e4rvi<\/h3>\n<p style=\"text-align: center\"><br><\/p>\t\t\t\t\t\t<\/div>\n\t\t\t\t<\/div>\n\t\t\t\t<div class=\"elementor-element elementor-element-33d66e60 elementor-align-center elementor-widget elementor-widget-button\" data-id=\"33d66e60\" data-element_type=\"widget\" data-widget_type=\"button.default\">\n\t\t\t\t<div class=\"elementor-widget-container\">\n\t\t\t\t\t<div class=\"elementor-button-wrapper\">\n\t\t\t<a class=\"elementor-button elementor-button-link elementor-size-md\" href=\"https:\/\/www.facebook.com\/jalasjarvenkirkonkyla\" target=\"_blank\">\n\t\t\t\t\t\t<span class=\"elementor-button-content-wrapper\">\n\t\t\t\t\t\t\t\t\t<span class=\"elementor-button-text\">The Facebook pages of Jalasj\u00e4rvi Kirkonkyl\u00e4 development board<\/span>\n\t\t\t\t\t<\/span>\n\t\t\t\t\t<\/a>\n\t\t<\/div>\n\t\t\t\t<\/div>\n\t\t\t\t<\/div>\n\t\t\t\t<div class=\"elementor-element elementor-element-54fa55dc elementor-widget elementor-widget-spacer\" data-id=\"54fa55dc\" data-element_type=\"widget\" data-widget_type=\"spacer.default\">\n\t\t\t\t<div class=\"elementor-widget-container\">\n\t\t\t\t\t<div class=\"elementor-spacer\">\n\t\t\t<div class=\"elementor-spacer-inner\"><\/div>\n\t\t<\/div>\n\t\t\t\t<\/div>\n\t\t\t\t<\/div>\n\t\t\t\t\t<\/div>\n\t\t<\/div>\n\t\t\t\t\t<\/div>\n\t\t<\/section>\n\t\t\t\t<\/div>","protected":false},"excerpt":{"rendered":"<p>Jalasj\u00e4rvi Kirkonkyl\u00e4 Jalasj\u00e4rvi Kirkonkyl\u00e4 Services The services located in Kirkonkyl\u00e4 are: three grocery stores, two hardware stores, many other different businesses, such as restaurants and hair salons and a movie theater. The village also has a library, a swimming hall, the Wilhola Youth Centre, a parish center. Kirkonkyl\u00e4 operates an elementary school, a middle school and a high school. There are two daycare centers and in addition there is an eskari in Kirjatalo. Shared facilities and hobby opportunities in Kirkonkyl\u00e4 are [\u2026]<\/p>","protected":false},"author":8,"featured_media":0,"parent":240,"menu_order":0,"comment_status":"closed","ping_status":"closed","template":"elementor_header_footer","meta":{"_acf_changed":false,"footnotes":""},"class_list":["post-10438","page","type-page","status-publish","hentry"],"yoast_head":"<!-- This site is optimized with the Yoast SEO plugin v23.3 - https:\/\/yoast.com\/wordpress\/plugins\/seo\/ -->\n<title>Jalasj\u00e4rven Kirkonkyl\u00e4 - Liiveri<\/title>\n<meta name=\"robots\" content=\"index, follow, max-snippet:-1, max-image-preview:large, max-video-preview:-1\" \/>\n<link rel=\"canonical\" href=\"https:\/\/liiveri.net\/en\/kylat\/kylaesittelyt\/jalasjarven-kirkonkyla\/\" \/>\n<meta property=\"og:locale\" content=\"en_GB\" \/>\n<meta property=\"og:type\" content=\"article\" \/>\n<meta property=\"og:title\" content=\"Jalasj\u00e4rven Kirkonkyl\u00e4 - Liiveri\" \/>\n<meta property=\"og:description\" content=\"Jalasj\u00e4rven Kirkonkyl\u00e4 Jalasj\u00e4rven Kirkonkyl\u00e4 \u00a0 Palvelut Kirkonkyl\u00e4ll\u00e4 sijaitsevia palveluita ovat: kolme ruokakauppaa, kaksi rautakauppaa, monia muita erilaisia yrityksi\u00e4, kuten ruokapaikkoja ja kampaamoita sek\u00e4 elokuvateatteri. Kyl\u00e4lt\u00e4 l\u00f6ytyy my\u00f6s kirjasto, uimahalli, Nuorisotila Wilhola, seurakuntakeskus. Kirkonkyl\u00e4ll\u00e4 toimii ala-aste, yl\u00e4aste ja lukio. P\u00e4iv\u00e4koteja on kaksi ja lis\u00e4ksi Kirjatalossa on eskari. \u00a0 Yhteisess\u00e4 k\u00e4yt\u00f6ss\u00e4 olevat tilat ja harrastusmahdollisuudet Kirkonkyl\u00e4ll\u00e4 on [&hellip;]\" \/>\n<meta property=\"og:url\" content=\"https:\/\/liiveri.net\/en\/kylat\/kylaesittelyt\/jalasjarven-kirkonkyla\/\" \/>\n<meta property=\"og:site_name\" content=\"Liiveri\" \/>\n<meta property=\"article:publisher\" content=\"https:\/\/www.facebook.com\/LeaderLiiveri\" \/>\n<meta property=\"article:modified_time\" content=\"2023-08-04T11:49:31+00:00\" \/>\n<meta property=\"og:image\" content=\"https:\/\/liiveri.net\/wp-content\/uploads\/2023\/02\/placeholder.png\" \/>\n\t<meta property=\"og:image:width\" content=\"1920\" \/>\n\t<meta property=\"og:image:height\" content=\"1080\" \/>\n\t<meta property=\"og:image:type\" content=\"image\/png\" \/>\n<meta name=\"twitter:card\" content=\"summary_large_image\" \/>\n<meta name=\"twitter:site\" content=\"@LeaderLiiveri\" \/>\n<meta name=\"twitter:label1\" content=\"Estimated reading time\" \/>\n\t<meta name=\"twitter:data1\" content=\"2 minutes\" \/>\n<script type=\"application\/ld+json\" class=\"yoast-schema-graph\">{\"@context\":\"https:\/\/schema.org\",\"@graph\":[{\"@type\":\"Article\",\"@id\":\"https:\/\/liiveri.net\/kylat\/kylaesittelyt\/jalasjarven-kirkonkyla\/#article\",\"isPartOf\":{\"@id\":\"https:\/\/liiveri.net\/kylat\/kylaesittelyt\/jalasjarven-kirkonkyla\/\"},\"author\":{\"name\":\"Anne Palohuhta\",\"@id\":\"https:\/\/liiveri.net\/#\/schema\/person\/695b3ac3ad86072b48f9d3dc46101495\"},\"headline\":\"Jalasj\u00e4rven Kirkonkyl\u00e4\",\"datePublished\":\"2023-08-02T11:43:14+00:00\",\"dateModified\":\"2023-08-04T11:49:31+00:00\",\"mainEntityOfPage\":{\"@id\":\"https:\/\/liiveri.net\/kylat\/kylaesittelyt\/jalasjarven-kirkonkyla\/\"},\"wordCount\":292,\"publisher\":{\"@id\":\"https:\/\/liiveri.net\/#organization\"},\"inLanguage\":\"en-GB\"},{\"@type\":\"WebPage\",\"@id\":\"https:\/\/liiveri.net\/kylat\/kylaesittelyt\/jalasjarven-kirkonkyla\/\",\"url\":\"https:\/\/liiveri.net\/kylat\/kylaesittelyt\/jalasjarven-kirkonkyla\/\",\"name\":\"Jalasj\u00e4rven Kirkonkyl\u00e4 - Liiveri\",\"isPartOf\":{\"@id\":\"https:\/\/liiveri.net\/#website\"},\"datePublished\":\"2023-08-02T11:43:14+00:00\",\"dateModified\":\"2023-08-04T11:49:31+00:00\",\"breadcrumb\":{\"@id\":\"https:\/\/liiveri.net\/kylat\/kylaesittelyt\/jalasjarven-kirkonkyla\/#breadcrumb\"},\"inLanguage\":\"en-GB\",\"potentialAction\":[{\"@type\":\"ReadAction\",\"target\":[\"https:\/\/liiveri.net\/kylat\/kylaesittelyt\/jalasjarven-kirkonkyla\/\"]}]},{\"@type\":\"BreadcrumbList\",\"@id\":\"https:\/\/liiveri.net\/kylat\/kylaesittelyt\/jalasjarven-kirkonkyla\/#breadcrumb\",\"itemListElement\":[{\"@type\":\"ListItem\",\"position\":1,\"name\":\"Etusivu\",\"item\":\"https:\/\/liiveri.net\/\"},{\"@type\":\"ListItem\",\"position\":2,\"name\":\"Kyl\u00e4t\",\"item\":\"https:\/\/liiveri.net\/kylat\/\"},{\"@type\":\"ListItem\",\"position\":3,\"name\":\"Kyl\u00e4esittelyt\",\"item\":\"https:\/\/liiveri.net\/kylat\/kylaesittelyt\/\"},{\"@type\":\"ListItem\",\"position\":4,\"name\":\"Jalasj\u00e4rven Kirkonkyl\u00e4\"}]},{\"@type\":\"WebSite\",\"@id\":\"https:\/\/liiveri.net\/#website\",\"url\":\"https:\/\/liiveri.net\/\",\"name\":\"Liiveri - Kehitt\u00e4misyhdistys\",\"description\":\"REILU RAHOITTAJA PALVELUKSESSASI\",\"publisher\":{\"@id\":\"https:\/\/liiveri.net\/#organization\"},\"potentialAction\":[{\"@type\":\"SearchAction\",\"target\":{\"@type\":\"EntryPoint\",\"urlTemplate\":\"https:\/\/liiveri.net\/?s={search_term_string}\"},\"query-input\":\"required name=search_term_string\"}],\"inLanguage\":\"en-GB\"},{\"@type\":\"Organization\",\"@id\":\"https:\/\/liiveri.net\/#organization\",\"name\":\"Kehitt\u00e4misyhdistys Liiveri ry\",\"url\":\"https:\/\/liiveri.net\/\",\"logo\":{\"@type\":\"ImageObject\",\"inLanguage\":\"en-GB\",\"@id\":\"https:\/\/liiveri.net\/#\/schema\/logo\/image\/\",\"url\":\"https:\/\/liiveri.net\/wp-content\/uploads\/2023\/02\/placeholder.png\",\"contentUrl\":\"https:\/\/liiveri.net\/wp-content\/uploads\/2023\/02\/placeholder.png\",\"width\":1920,\"height\":1080,\"caption\":\"Kehitt\u00e4misyhdistys Liiveri ry\"},\"image\":{\"@id\":\"https:\/\/liiveri.net\/#\/schema\/logo\/image\/\"},\"sameAs\":[\"https:\/\/www.facebook.com\/LeaderLiiveri\",\"https:\/\/x.com\/LeaderLiiveri\",\"https:\/\/www.instagram.com\/leaderliiveri\/\"]},{\"@type\":\"Person\",\"@id\":\"https:\/\/liiveri.net\/#\/schema\/person\/695b3ac3ad86072b48f9d3dc46101495\",\"name\":\"Anne Palohuhta\",\"image\":{\"@type\":\"ImageObject\",\"inLanguage\":\"en-GB\",\"@id\":\"https:\/\/liiveri.net\/#\/schema\/person\/image\/\",\"url\":\"https:\/\/liiveri.net\/wp-content\/litespeed\/avatar\/1\/d82383b70a738698a450c9a9e67b0baa.jpg?ver=1777493162\",\"contentUrl\":\"https:\/\/liiveri.net\/wp-content\/litespeed\/avatar\/1\/d82383b70a738698a450c9a9e67b0baa.jpg?ver=1777493162\",\"caption\":\"Anne Palohuhta\"},\"url\":\"https:\/\/liiveri.net\/en\/uutiset\/author\/anne-palohuhta\/\"}]}<\/script>\n<!-- \/ Yoast SEO plugin. -->","yoast_head_json":{"title":"Jalasj\u00e4rven Kirkonkyl\u00e4 - Liiveri","robots":{"index":"index","follow":"follow","max-snippet":"max-snippet:-1","max-image-preview":"max-image-preview:large","max-video-preview":"max-video-preview:-1"},"canonical":"https:\/\/liiveri.net\/en\/kylat\/kylaesittelyt\/jalasjarven-kirkonkyla\/","og_locale":"en_GB","og_type":"article","og_title":"Jalasj\u00e4rven Kirkonkyl\u00e4 - Liiveri","og_description":"Jalasj\u00e4rven Kirkonkyl\u00e4 Jalasj\u00e4rven Kirkonkyl\u00e4 \u00a0 Palvelut Kirkonkyl\u00e4ll\u00e4 sijaitsevia palveluita ovat: kolme ruokakauppaa, kaksi rautakauppaa, monia muita erilaisia yrityksi\u00e4, kuten ruokapaikkoja ja kampaamoita sek\u00e4 elokuvateatteri. Kyl\u00e4lt\u00e4 l\u00f6ytyy my\u00f6s kirjasto, uimahalli, Nuorisotila Wilhola, seurakuntakeskus. Kirkonkyl\u00e4ll\u00e4 toimii ala-aste, yl\u00e4aste ja lukio. P\u00e4iv\u00e4koteja on kaksi ja lis\u00e4ksi Kirjatalossa on eskari. \u00a0 Yhteisess\u00e4 k\u00e4yt\u00f6ss\u00e4 olevat tilat ja harrastusmahdollisuudet Kirkonkyl\u00e4ll\u00e4 on [&hellip;]","og_url":"https:\/\/liiveri.net\/en\/kylat\/kylaesittelyt\/jalasjarven-kirkonkyla\/","og_site_name":"Liiveri","article_publisher":"https:\/\/www.facebook.com\/LeaderLiiveri","article_modified_time":"2023-08-04T11:49:31+00:00","og_image":[{"width":1920,"height":1080,"url":"https:\/\/liiveri.net\/wp-content\/uploads\/2023\/02\/placeholder.png","type":"image\/png"}],"twitter_card":"summary_large_image","twitter_site":"@LeaderLiiveri","twitter_misc":{"Estimated reading time":"2 minutes"},"schema":{"@context":"https:\/\/schema.org","@graph":[{"@type":"Article","@id":"https:\/\/liiveri.net\/kylat\/kylaesittelyt\/jalasjarven-kirkonkyla\/#article","isPartOf":{"@id":"https:\/\/liiveri.net\/kylat\/kylaesittelyt\/jalasjarven-kirkonkyla\/"},"author":{"name":"Anne Palohuhta","@id":"https:\/\/liiveri.net\/#\/schema\/person\/695b3ac3ad86072b48f9d3dc46101495"},"headline":"Jalasj\u00e4rven Kirkonkyl\u00e4","datePublished":"2023-08-02T11:43:14+00:00","dateModified":"2023-08-04T11:49:31+00:00","mainEntityOfPage":{"@id":"https:\/\/liiveri.net\/kylat\/kylaesittelyt\/jalasjarven-kirkonkyla\/"},"wordCount":292,"publisher":{"@id":"https:\/\/liiveri.net\/#organization"},"inLanguage":"en-GB"},{"@type":"WebPage","@id":"https:\/\/liiveri.net\/kylat\/kylaesittelyt\/jalasjarven-kirkonkyla\/","url":"https:\/\/liiveri.net\/kylat\/kylaesittelyt\/jalasjarven-kirkonkyla\/","name":"Jalasj\u00e4rven Kirkonkyl\u00e4 - Liiveri","isPartOf":{"@id":"https:\/\/liiveri.net\/#website"},"datePublished":"2023-08-02T11:43:14+00:00","dateModified":"2023-08-04T11:49:31+00:00","breadcrumb":{"@id":"https:\/\/liiveri.net\/kylat\/kylaesittelyt\/jalasjarven-kirkonkyla\/#breadcrumb"},"inLanguage":"en-GB","potentialAction":[{"@type":"ReadAction","target":["https:\/\/liiveri.net\/kylat\/kylaesittelyt\/jalasjarven-kirkonkyla\/"]}]},{"@type":"BreadcrumbList","@id":"https:\/\/liiveri.net\/kylat\/kylaesittelyt\/jalasjarven-kirkonkyla\/#breadcrumb","itemListElement":[{"@type":"ListItem","position":1,"name":"Etusivu","item":"https:\/\/liiveri.net\/"},{"@type":"ListItem","position":2,"name":"Kyl\u00e4t","item":"https:\/\/liiveri.net\/kylat\/"},{"@type":"ListItem","position":3,"name":"Kyl\u00e4esittelyt","item":"https:\/\/liiveri.net\/kylat\/kylaesittelyt\/"},{"@type":"ListItem","position":4,"name":"Jalasj\u00e4rven Kirkonkyl\u00e4"}]},{"@type":"WebSite","@id":"https:\/\/liiveri.net\/#website","url":"https:\/\/liiveri.net\/","name":"Liiveri - Kehitt\u00e4misyhdistys","description":"REILU RAHOITTAJA PALVELUKSESSASI","publisher":{"@id":"https:\/\/liiveri.net\/#organization"},"potentialAction":[{"@type":"SearchAction","target":{"@type":"EntryPoint","urlTemplate":"https:\/\/liiveri.net\/?s={search_term_string}"},"query-input":"required name=search_term_string"}],"inLanguage":"en-GB"},{"@type":"Organization","@id":"https:\/\/liiveri.net\/#organization","name":"Kehitt\u00e4misyhdistys Liiveri ry","url":"https:\/\/liiveri.net\/","logo":{"@type":"ImageObject","inLanguage":"en-GB","@id":"https:\/\/liiveri.net\/#\/schema\/logo\/image\/","url":"https:\/\/liiveri.net\/wp-content\/uploads\/2023\/02\/placeholder.png","contentUrl":"https:\/\/liiveri.net\/wp-content\/uploads\/2023\/02\/placeholder.png","width":1920,"height":1080,"caption":"Kehitt\u00e4misyhdistys Liiveri ry"},"image":{"@id":"https:\/\/liiveri.net\/#\/schema\/logo\/image\/"},"sameAs":["https:\/\/www.facebook.com\/LeaderLiiveri","https:\/\/x.com\/LeaderLiiveri","https:\/\/www.instagram.com\/leaderliiveri\/"]},{"@type":"Person","@id":"https:\/\/liiveri.net\/#\/schema\/person\/695b3ac3ad86072b48f9d3dc46101495","name":"Anne Palohuhta","image":{"@type":"ImageObject","inLanguage":"en-GB","@id":"https:\/\/liiveri.net\/#\/schema\/person\/image\/","url":"https:\/\/liiveri.net\/wp-content\/litespeed\/avatar\/1\/d82383b70a738698a450c9a9e67b0baa.jpg?ver=1777493162","contentUrl":"https:\/\/liiveri.net\/wp-content\/litespeed\/avatar\/1\/d82383b70a738698a450c9a9e67b0baa.jpg?ver=1777493162","caption":"Anne Palohuhta"},"url":"https:\/\/liiveri.net\/en\/uutiset\/author\/anne-palohuhta\/"}]}},"acf":[],"_links":{"self":[{"href":"https:\/\/liiveri.net\/en\/wp-json\/wp\/v2\/pages\/10438","targetHints":{"allow":["GET"]}}],"collection":[{"href":"https:\/\/liiveri.net\/en\/wp-json\/wp\/v2\/pages"}],"about":[{"href":"https:\/\/liiveri.net\/en\/wp-json\/wp\/v2\/types\/page"}],"author":[{"embeddable":true,"href":"https:\/\/liiveri.net\/en\/wp-json\/wp\/v2\/users\/8"}],"replies":[{"embeddable":true,"href":"https:\/\/liiveri.net\/en\/wp-json\/wp\/v2\/comments?post=10438"}],"version-history":[{"count":0,"href":"https:\/\/liiveri.net\/en\/wp-json\/wp\/v2\/pages\/10438\/revisions"}],"up":[{"embeddable":true,"href":"https:\/\/liiveri.net\/en\/wp-json\/wp\/v2\/pages\/240"}],"wp:attachment":[{"href":"https:\/\/liiveri.net\/en\/wp-json\/wp\/v2\/media?parent=10438"}],"curies":[{"name":"wp","href":"https:\/\/api.w.org\/{rel}","templated":true}]}}