{"id":5199,"date":"2023-04-10T20:11:24","date_gmt":"2023-04-10T17:11:24","guid":{"rendered":"https:\/\/liiveri.net\/nuoret\/nuoriso-leader-yrittajyys-saannot-2\/"},"modified":"2025-11-06T11:41:11","modified_gmt":"2025-11-06T09:41:11","slug":"nuoriso-leader-porukat-saannot","status":"publish","type":"page","link":"https:\/\/liiveri.net\/en\/nuoret\/nuoriso-leader-porukat\/nuoriso-leader-porukat-saannot\/","title":{"rendered":"Youth Leader groups rules"},"content":{"rendered":"<div data-elementor-type=\"wp-page\" data-elementor-id=\"5199\" class=\"elementor elementor-5199\">\n\t\t\t\t\t\t<section class=\"elementor-section elementor-top-section elementor-element elementor-element-71d4d2ce elementor-section-height-min-height elementor-section-boxed elementor-section-height-default elementor-section-items-middle\" data-id=\"71d4d2ce\" data-element_type=\"section\" data-settings=\"{&quot;background_background&quot;:&quot;classic&quot;}\">\n\t\t\t\t\t\t<div class=\"elementor-container elementor-column-gap-default\">\n\t\t\t\t\t<div class=\"elementor-column elementor-col-100 elementor-top-column elementor-element elementor-element-7f0a337d\" data-id=\"7f0a337d\" data-element_type=\"column\">\n\t\t\t<div class=\"elementor-widget-wrap\">\n\t\t\t\t\t\t\t<\/div>\n\t\t<\/div>\n\t\t\t\t\t<\/div>\n\t\t<\/section>\n\t\t\t\t<section class=\"elementor-section elementor-top-section elementor-element elementor-element-2bbcea0d elementor-section-boxed elementor-section-height-default elementor-section-height-default\" data-id=\"2bbcea0d\" data-element_type=\"section\">\n\t\t\t\t\t\t<div class=\"elementor-container elementor-column-gap-default\">\n\t\t\t\t\t<div class=\"elementor-column elementor-col-100 elementor-top-column elementor-element elementor-element-492e324d\" data-id=\"492e324d\" data-element_type=\"column\">\n\t\t\t<div class=\"elementor-widget-wrap elementor-element-populated\">\n\t\t\t\t\t\t<div class=\"elementor-element elementor-element-63158d2 elementor-widget elementor-widget-spacer\" data-id=\"63158d2\" data-element_type=\"widget\" data-widget_type=\"spacer.default\">\n\t\t\t\t<div class=\"elementor-widget-container\">\n\t\t\t<style>\/*! elementor - v3.23.0 - 05-08-2024 *\/\n.elementor-column .elementor-spacer-inner{height:var(--spacer-size)}.e-con{--container-widget-width:100%}.e-con-inner>.elementor-widget-spacer,.e-con>.elementor-widget-spacer{width:var(--container-widget-width,var(--spacer-size));--align-self:var(--container-widget-align-self,initial);--flex-shrink:0}.e-con-inner>.elementor-widget-spacer>.elementor-widget-container,.e-con>.elementor-widget-spacer>.elementor-widget-container{height:100%;width:100%}.e-con-inner>.elementor-widget-spacer>.elementor-widget-container>.elementor-spacer,.e-con>.elementor-widget-spacer>.elementor-widget-container>.elementor-spacer{height:100%}.e-con-inner>.elementor-widget-spacer>.elementor-widget-container>.elementor-spacer>.elementor-spacer-inner,.e-con>.elementor-widget-spacer>.elementor-widget-container>.elementor-spacer>.elementor-spacer-inner{height:var(--container-widget-height,var(--spacer-size))}.e-con-inner>.elementor-widget-spacer.elementor-widget-empty,.e-con>.elementor-widget-spacer.elementor-widget-empty{position:relative;min-height:22px;min-width:22px}.e-con-inner>.elementor-widget-spacer.elementor-widget-empty .elementor-widget-empty-icon,.e-con>.elementor-widget-spacer.elementor-widget-empty .elementor-widget-empty-icon{position:absolute;top:0;bottom:0;left:0;right:0;margin:auto;padding:0;width:22px;height:22px}<\/style>\t\t<div class=\"elementor-spacer\">\n\t\t\t<div class=\"elementor-spacer-inner\"><\/div>\n\t\t<\/div>\n\t\t\t\t<\/div>\n\t\t\t\t<\/div>\n\t\t\t\t<div class=\"elementor-element elementor-element-69fc517b elementor-widget elementor-widget-shortcode\" data-id=\"69fc517b\" data-element_type=\"widget\" data-widget_type=\"shortcode.default\">\n\t\t\t\t<div class=\"elementor-widget-container\">\n\t\t\t\t\t<div class=\"elementor-shortcode\"><span><span><a href=\"https:\/\/liiveri.net\/en\/\">Front page<\/a><\/span><\/span><\/div>\n\t\t\t\t<\/div>\n\t\t\t\t<\/div>\n\t\t\t\t<div class=\"elementor-element elementor-element-1b4e6aef elementor-widget elementor-widget-spacer\" data-id=\"1b4e6aef\" data-element_type=\"widget\" data-widget_type=\"spacer.default\">\n\t\t\t\t<div class=\"elementor-widget-container\">\n\t\t\t\t\t<div class=\"elementor-spacer\">\n\t\t\t<div class=\"elementor-spacer-inner\"><\/div>\n\t\t<\/div>\n\t\t\t\t<\/div>\n\t\t\t\t<\/div>\n\t\t\t\t\t<\/div>\n\t\t<\/div>\n\t\t\t\t\t<\/div>\n\t\t<\/section>\n\t\t\t\t<section class=\"elementor-section elementor-top-section elementor-element elementor-element-ff5f303 elementor-section-boxed elementor-section-height-default elementor-section-height-default\" data-id=\"ff5f303\" data-element_type=\"section\">\n\t\t\t\t\t\t<div class=\"elementor-container elementor-column-gap-default\">\n\t\t\t\t\t<div class=\"elementor-column elementor-col-100 elementor-top-column elementor-element elementor-element-fc1a0a0\" data-id=\"fc1a0a0\" data-element_type=\"column\">\n\t\t\t<div class=\"elementor-widget-wrap elementor-element-populated\">\n\t\t\t\t\t\t<div class=\"elementor-element elementor-element-0a4ee7f elementor-widget elementor-widget-text-editor\" data-id=\"0a4ee7f\" data-element_type=\"widget\" data-widget_type=\"text-editor.default\">\n\t\t\t\t<div class=\"elementor-widget-container\">\n\t\t\t<style>\/*! elementor - v3.23.0 - 05-08-2024 *\/\n.elementor-widget-text-editor.elementor-drop-cap-view-stacked .elementor-drop-cap{background-color:#69727d;color:#fff}.elementor-widget-text-editor.elementor-drop-cap-view-framed .elementor-drop-cap{color:#69727d;border:3px solid;background-color:transparent}.elementor-widget-text-editor:not(.elementor-drop-cap-view-default) .elementor-drop-cap{margin-top:8px}.elementor-widget-text-editor:not(.elementor-drop-cap-view-default) .elementor-drop-cap-letter{width:1em;height:1em}.elementor-widget-text-editor .elementor-drop-cap{float:left;text-align:center;line-height:1;font-size:50px}.elementor-widget-text-editor .elementor-drop-cap-letter{display:inline-block}<\/style>\t\t\t\t<h1>Youth Leader support rules for groups<\/h1><div>Please read the rules before submitting an application.<\/div><h3>\u00a0<\/h3><h5>Youth Leader support objectives in Liiveri<\/h5><p>\u2022 Get young people involved in development work<br \/>\u2022 Offer young people ways to influence their living environment and comfort<br \/>\u2022 Encourages young people to be active and entrepreneurial<\/p><p>\u00a0<\/p><h5><b>Who can apply?<\/b><\/h5><p>\u2022 A group of at least three people aged 13\u201325. <br \/>\u2022 The group must have a designated adult contact person who is one of the group&#039;s youth or an adult responsible adult. <br \/>\u2022 The applicant can be a free-form group or association.<br \/>\u2022 Youth funding is awarded to projects in which young people are the implementers.<\/p><p>\u00a0<\/p><h5 style=\"font-family: Inter, sans-serif;font-weight: bold;color: #235a41\">Which region is supported?<\/h5><p>Liiveri grants Youth Leader support for youth projects in the Ilmajoki, Jalasj\u00e4rvi and Sein\u00e4joki regions, as well as for youth entrepreneurship (separate rules for support).<\/p><p>\u00a0<\/p><h5>For what purpose can a group of young people apply for support?<\/h5><p>\u2022 The theme of the project is free. The project can be, for example, the organization of an event, the purchase of shared hobby equipment, or anything else that a youth group can do together and is reasonable and legal. The activity must be drug-free.<\/p><p>\u00a0<\/p><h5 style=\"font-family: Inter, sans-serif;font-weight: bold;color: #235a41\">Mandatory criteria for Youth Leader support<\/h5><p>\u2022 The project is realistic and feasible.<br \/>\u2022 The applicant has the financial and operational abilities to implement the project.<br \/>\u2022 The benefits or results of the project are focused on the Liiveri area.<br \/>\u2022 The outputs and inputs of the project are proportionate.<\/p><p>\u00a0<\/p><h5>Other criteria to be considered in the assessment<\/h5><p>\u2022 The idea is to use as many young people as possible.<br \/>\u2022 The project must be planned, implemented and reported by young people.<br \/>\u2022 The project has novelty value.<br \/>\u2022 It is good if the project is done in cooperation with other local entities, such as an organization, school, municipality or company. <br \/>\u2022 It is advantageous if the activity can become permanent, and it is also suitable for other groups of young people.<\/p><h5>\u00a0<\/h5><h5>Restrictions and conditions<\/h5><p>Support is not granted for costs incurred before submitting the application. You can start the operation at your own risk when the application has been submitted to Liiver.<\/p><p>Youth Leader support can only be used for the project for which it was applied for.<br \/>\u2022 If funds are collected in the project, the purpose of use of the income must be stated when applying for support.<br \/>\u2022 In furniture purchases, the applicant must provide an explanation in advance of where the purchases will be stored, how their joint use will be successful, and who\/who will be responsible for their maintenance.<br \/>\u2022 The condition for the support is that the recipient of the support submits supporting documents (photos of receipts or invoices) for the project costs and prepares a report on the project. <br \/>\u2022 It is not recommended to apply for support for wages, per diems, travel expenses or meals. <br \/>\u2022 Support is not granted for expenses arising from normal ongoing hobbies or for participation fees in hobbies.<br \/>\u2022 Support for groups is not granted for standard training and courses required in normal working life (e.g. hygiene passport, first aid courses, security training, etc.) <br \/>\u2022 Not for equipment intended for private use.<\/p><p>\u00a0<\/p><h5>How to apply for support?<\/h5><p>The application form can be found on Liiver&#039;s website. The application is ongoing. Decisions will be made on applications received by the end of January, April, August and October during the following month. The implementation period is one year from the date of the decision. (Note! If you start the project before Liiver&#039;s decision, you do so at your own risk, i.e. if Liiver&#039;s decision is negative, you will not receive funding).<\/p><p>A group applying for Youth Leader support must have a designated contact person, who is one of the young people in the group. If none of the group members are of legal age, the group must have a designated responsible adult. The responsible adult assists the group in completing the application and reporting and is responsible for the use of the support with the group. In the case of a youth group application, the application form requires the information of at least three young people in the group.<\/p><p>\u00a0<\/p><h5>Judgment<\/h5><ul><li>Applications are evaluated by the Liiveri Youth Division four times a year at its meetings.<\/li><li>Applications for minors must include the consent of the guardian\/responsible adult, to whom the application will be sent as a copy. The guardian\/responsible adult will be informed when the support is granted.<\/li><\/ul><p>\u00a0<\/p><h5>Amount of aid to be granted<\/h5><p>The amount of Youth Leader support is 100\u2013800 euros \/ project of a group of young people. Support is granted up to 90% of the costs of the % project. In connection with the final reporting, the applicant must submit receipts for the purchases made. The applicant must return the unused portion of the support. If the project is implemented larger than planned, the support will not increase from the amount granted. If the project is cancelled completely, the entire support must be returned.<\/p><p>\u00a0<\/p><h5>Deciding on support and paying support<\/h5><p>The decision on the Youth Leader grants to be funded will be made approximately one month after the application period ends. The Development Association Liiveri ry reserves the full right to accept or reject the Youth Leader application. The granted support will be paid to the applicant&#039;s account approximately two weeks after the decision.<\/p><p>\u00a0<\/p><h5>Reportage<\/h5><p>Youth groups report on their projects and the use of youth funding to Liiver using an electronic reporting form. The reporting form can be found on Liiver&#039;s website. Images of receipts and invoices for which the funding has been used are sent with the report. The reporting period is specified in the funding decision. Groups that do not report by the deadline will have the money granted refunded in full. The condition for funding is that the recipient of the funding submits supporting documents (images of receipts and invoices) for the project&#039;s costs and prepares a report on the project.<\/p><p>\u00a0<\/p><p>\u00a0<\/p><p>\u00a0<\/p>\t\t\t\t\t\t<\/div>\n\t\t\t\t<\/div>\n\t\t\t\t\t<\/div>\n\t\t<\/div>\n\t\t\t\t\t<\/div>\n\t\t<\/section>\n\t\t\t\t<\/div>","protected":false},"excerpt":{"rendered":"<p>Nuoriso-Leader-tuen s\u00e4\u00e4nn\u00f6t porukoille Luethan s\u00e4\u00e4nn\u00f6t ennen hakemuksen j\u00e4tt\u00e4mist\u00e4. \u00a0 Nuoriso-Leader-tuen tavoitteet Liiveriss\u00e4 \u2022 Saada nuoria mukaan kehitt\u00e4misty\u00f6h\u00f6n\u2022 Tarjota nuorille keinoja vaikuttaa elinymp\u00e4rist\u00f6\u00f6ns\u00e4 ja viihtyvyyteen\u2022 Kannustaa nuoria aktiivisuuteen ja yritt\u00e4jyyteen \u00a0 Kuka voi hakea? \u2022 Ryhm\u00e4, jossa on v\u00e4hint\u00e4\u00e4n kolme 13\u201325-vuotiasta henkil\u00f6\u00e4. \u2022 Ryhm\u00e4ll\u00e4 tulee olla nimetty t\u00e4ysi-ik\u00e4inen yhteyshenkil\u00f6, joka on yksi ryhm\u00e4n nuorista tai t\u00e4ysi-ik\u00e4inen [&hellip;]<\/p>","protected":false},"author":3,"featured_media":0,"parent":1472,"menu_order":0,"comment_status":"closed","ping_status":"closed","template":"elementor_header_footer","meta":{"_acf_changed":false,"footnotes":""},"class_list":["post-5199","page","type-page","status-publish","hentry"],"yoast_head":"<!-- This site is optimized with the Yoast SEO plugin v23.3 - https:\/\/yoast.com\/wordpress\/plugins\/seo\/ -->\n<title>Nuoriso-Leader porukat s\u00e4\u00e4nn\u00f6t - Liiveri<\/title>\n<meta name=\"robots\" content=\"index, follow, max-snippet:-1, max-image-preview:large, max-video-preview:-1\" \/>\n<link rel=\"canonical\" href=\"https:\/\/liiveri.net\/en\/nuoret\/nuoriso-leader-porukat\/nuoriso-leader-porukat-saannot\/\" \/>\n<meta property=\"og:locale\" content=\"en_GB\" \/>\n<meta property=\"og:type\" content=\"article\" \/>\n<meta property=\"og:title\" content=\"Nuoriso-Leader porukat s\u00e4\u00e4nn\u00f6t - Liiveri\" \/>\n<meta property=\"og:description\" content=\"Nuoriso-Leader-tuen s\u00e4\u00e4nn\u00f6t porukoille Luethan s\u00e4\u00e4nn\u00f6t ennen hakemuksen j\u00e4tt\u00e4mist\u00e4. \u00a0 Nuoriso-Leader-tuen tavoitteet Liiveriss\u00e4 \u2022 Saada nuoria mukaan kehitt\u00e4misty\u00f6h\u00f6n\u2022 Tarjota nuorille keinoja vaikuttaa elinymp\u00e4rist\u00f6\u00f6ns\u00e4 ja viihtyvyyteen\u2022 Kannustaa nuoria aktiivisuuteen ja yritt\u00e4jyyteen \u00a0 Kuka voi hakea? \u2022 Ryhm\u00e4, jossa on v\u00e4hint\u00e4\u00e4n kolme 13\u201325-vuotiasta henkil\u00f6\u00e4. \u2022 Ryhm\u00e4ll\u00e4 tulee olla nimetty t\u00e4ysi-ik\u00e4inen yhteyshenkil\u00f6, joka on yksi ryhm\u00e4n nuorista tai t\u00e4ysi-ik\u00e4inen [&hellip;]\" \/>\n<meta property=\"og:url\" content=\"https:\/\/liiveri.net\/en\/nuoret\/nuoriso-leader-porukat\/nuoriso-leader-porukat-saannot\/\" \/>\n<meta property=\"og:site_name\" content=\"Liiveri\" \/>\n<meta property=\"article:publisher\" content=\"https:\/\/www.facebook.com\/LeaderLiiveri\" \/>\n<meta property=\"article:modified_time\" content=\"2025-11-06T09:41:11+00:00\" \/>\n<meta property=\"og:image\" content=\"https:\/\/liiveri.net\/wp-content\/uploads\/2023\/02\/placeholder.png\" \/>\n\t<meta property=\"og:image:width\" content=\"1920\" \/>\n\t<meta property=\"og:image:height\" content=\"1080\" \/>\n\t<meta property=\"og:image:type\" content=\"image\/png\" \/>\n<meta name=\"twitter:card\" content=\"summary_large_image\" \/>\n<meta name=\"twitter:site\" content=\"@LeaderLiiveri\" \/>\n<meta name=\"twitter:label1\" content=\"Estimated reading time\" \/>\n\t<meta name=\"twitter:data1\" content=\"4 minutes\" \/>\n<script type=\"application\/ld+json\" class=\"yoast-schema-graph\">{\"@context\":\"https:\/\/schema.org\",\"@graph\":[{\"@type\":\"Article\",\"@id\":\"https:\/\/liiveri.net\/nuoret\/nuoriso-leader-porukat\/nuoriso-leader-porukat-saannot\/#article\",\"isPartOf\":{\"@id\":\"https:\/\/liiveri.net\/nuoret\/nuoriso-leader-porukat\/nuoriso-leader-porukat-saannot\/\"},\"author\":{\"name\":\"Sanna Haapakoski\",\"@id\":\"https:\/\/liiveri.net\/#\/schema\/person\/ac306228647ee1c649862732e141a9c2\"},\"headline\":\"Nuoriso-Leader porukat s\u00e4\u00e4nn\u00f6t\",\"datePublished\":\"2023-04-10T17:11:24+00:00\",\"dateModified\":\"2025-11-06T09:41:11+00:00\",\"mainEntityOfPage\":{\"@id\":\"https:\/\/liiveri.net\/nuoret\/nuoriso-leader-porukat\/nuoriso-leader-porukat-saannot\/\"},\"wordCount\":729,\"publisher\":{\"@id\":\"https:\/\/liiveri.net\/#organization\"},\"inLanguage\":\"en-GB\"},{\"@type\":\"WebPage\",\"@id\":\"https:\/\/liiveri.net\/nuoret\/nuoriso-leader-porukat\/nuoriso-leader-porukat-saannot\/\",\"url\":\"https:\/\/liiveri.net\/nuoret\/nuoriso-leader-porukat\/nuoriso-leader-porukat-saannot\/\",\"name\":\"Nuoriso-Leader porukat s\u00e4\u00e4nn\u00f6t - Liiveri\",\"isPartOf\":{\"@id\":\"https:\/\/liiveri.net\/#website\"},\"datePublished\":\"2023-04-10T17:11:24+00:00\",\"dateModified\":\"2025-11-06T09:41:11+00:00\",\"breadcrumb\":{\"@id\":\"https:\/\/liiveri.net\/nuoret\/nuoriso-leader-porukat\/nuoriso-leader-porukat-saannot\/#breadcrumb\"},\"inLanguage\":\"en-GB\",\"potentialAction\":[{\"@type\":\"ReadAction\",\"target\":[\"https:\/\/liiveri.net\/nuoret\/nuoriso-leader-porukat\/nuoriso-leader-porukat-saannot\/\"]}]},{\"@type\":\"BreadcrumbList\",\"@id\":\"https:\/\/liiveri.net\/nuoret\/nuoriso-leader-porukat\/nuoriso-leader-porukat-saannot\/#breadcrumb\",\"itemListElement\":[{\"@type\":\"ListItem\",\"position\":1,\"name\":\"Etusivu\",\"item\":\"https:\/\/liiveri.net\/\"},{\"@type\":\"ListItem\",\"position\":2,\"name\":\"Nuoret\",\"item\":\"https:\/\/liiveri.net\/nuoret\/\"},{\"@type\":\"ListItem\",\"position\":3,\"name\":\"Nuoriso-Leader porukat\",\"item\":\"https:\/\/liiveri.net\/nuoret\/nuoriso-leader-porukat\/\"},{\"@type\":\"ListItem\",\"position\":4,\"name\":\"Nuoriso-Leader porukat s\u00e4\u00e4nn\u00f6t\"}]},{\"@type\":\"WebSite\",\"@id\":\"https:\/\/liiveri.net\/#website\",\"url\":\"https:\/\/liiveri.net\/\",\"name\":\"Liiveri - Kehitt\u00e4misyhdistys\",\"description\":\"REILU RAHOITTAJA PALVELUKSESSASI\",\"publisher\":{\"@id\":\"https:\/\/liiveri.net\/#organization\"},\"potentialAction\":[{\"@type\":\"SearchAction\",\"target\":{\"@type\":\"EntryPoint\",\"urlTemplate\":\"https:\/\/liiveri.net\/?s={search_term_string}\"},\"query-input\":\"required name=search_term_string\"}],\"inLanguage\":\"en-GB\"},{\"@type\":\"Organization\",\"@id\":\"https:\/\/liiveri.net\/#organization\",\"name\":\"Kehitt\u00e4misyhdistys Liiveri ry\",\"url\":\"https:\/\/liiveri.net\/\",\"logo\":{\"@type\":\"ImageObject\",\"inLanguage\":\"en-GB\",\"@id\":\"https:\/\/liiveri.net\/#\/schema\/logo\/image\/\",\"url\":\"https:\/\/liiveri.net\/wp-content\/uploads\/2023\/02\/placeholder.png\",\"contentUrl\":\"https:\/\/liiveri.net\/wp-content\/uploads\/2023\/02\/placeholder.png\",\"width\":1920,\"height\":1080,\"caption\":\"Kehitt\u00e4misyhdistys Liiveri ry\"},\"image\":{\"@id\":\"https:\/\/liiveri.net\/#\/schema\/logo\/image\/\"},\"sameAs\":[\"https:\/\/www.facebook.com\/LeaderLiiveri\",\"https:\/\/x.com\/LeaderLiiveri\",\"https:\/\/www.instagram.com\/leaderliiveri\/\"]},{\"@type\":\"Person\",\"@id\":\"https:\/\/liiveri.net\/#\/schema\/person\/ac306228647ee1c649862732e141a9c2\",\"name\":\"Sanna Haapakoski\",\"image\":{\"@type\":\"ImageObject\",\"inLanguage\":\"en-GB\",\"@id\":\"https:\/\/liiveri.net\/#\/schema\/person\/image\/\",\"url\":\"https:\/\/liiveri.net\/wp-content\/litespeed\/avatar\/1\/608d57c6a3106ab30083d3b9e2c64800.jpg?ver=1776082505\",\"contentUrl\":\"https:\/\/liiveri.net\/wp-content\/litespeed\/avatar\/1\/608d57c6a3106ab30083d3b9e2c64800.jpg?ver=1776082505\",\"caption\":\"Sanna Haapakoski\"},\"url\":\"https:\/\/liiveri.net\/en\/uutiset\/author\/sanna\/\"}]}<\/script>\n<!-- \/ Yoast SEO plugin. -->","yoast_head_json":{"title":"Nuoriso-Leader porukat s\u00e4\u00e4nn\u00f6t - Liiveri","robots":{"index":"index","follow":"follow","max-snippet":"max-snippet:-1","max-image-preview":"max-image-preview:large","max-video-preview":"max-video-preview:-1"},"canonical":"https:\/\/liiveri.net\/en\/nuoret\/nuoriso-leader-porukat\/nuoriso-leader-porukat-saannot\/","og_locale":"en_GB","og_type":"article","og_title":"Nuoriso-Leader porukat s\u00e4\u00e4nn\u00f6t - Liiveri","og_description":"Nuoriso-Leader-tuen s\u00e4\u00e4nn\u00f6t porukoille Luethan s\u00e4\u00e4nn\u00f6t ennen hakemuksen j\u00e4tt\u00e4mist\u00e4. \u00a0 Nuoriso-Leader-tuen tavoitteet Liiveriss\u00e4 \u2022 Saada nuoria mukaan kehitt\u00e4misty\u00f6h\u00f6n\u2022 Tarjota nuorille keinoja vaikuttaa elinymp\u00e4rist\u00f6\u00f6ns\u00e4 ja viihtyvyyteen\u2022 Kannustaa nuoria aktiivisuuteen ja yritt\u00e4jyyteen \u00a0 Kuka voi hakea? \u2022 Ryhm\u00e4, jossa on v\u00e4hint\u00e4\u00e4n kolme 13\u201325-vuotiasta henkil\u00f6\u00e4. \u2022 Ryhm\u00e4ll\u00e4 tulee olla nimetty t\u00e4ysi-ik\u00e4inen yhteyshenkil\u00f6, joka on yksi ryhm\u00e4n nuorista tai t\u00e4ysi-ik\u00e4inen [&hellip;]","og_url":"https:\/\/liiveri.net\/en\/nuoret\/nuoriso-leader-porukat\/nuoriso-leader-porukat-saannot\/","og_site_name":"Liiveri","article_publisher":"https:\/\/www.facebook.com\/LeaderLiiveri","article_modified_time":"2025-11-06T09:41:11+00:00","og_image":[{"width":1920,"height":1080,"url":"https:\/\/liiveri.net\/wp-content\/uploads\/2023\/02\/placeholder.png","type":"image\/png"}],"twitter_card":"summary_large_image","twitter_site":"@LeaderLiiveri","twitter_misc":{"Estimated reading time":"4 minutes"},"schema":{"@context":"https:\/\/schema.org","@graph":[{"@type":"Article","@id":"https:\/\/liiveri.net\/nuoret\/nuoriso-leader-porukat\/nuoriso-leader-porukat-saannot\/#article","isPartOf":{"@id":"https:\/\/liiveri.net\/nuoret\/nuoriso-leader-porukat\/nuoriso-leader-porukat-saannot\/"},"author":{"name":"Sanna Haapakoski","@id":"https:\/\/liiveri.net\/#\/schema\/person\/ac306228647ee1c649862732e141a9c2"},"headline":"Nuoriso-Leader porukat s\u00e4\u00e4nn\u00f6t","datePublished":"2023-04-10T17:11:24+00:00","dateModified":"2025-11-06T09:41:11+00:00","mainEntityOfPage":{"@id":"https:\/\/liiveri.net\/nuoret\/nuoriso-leader-porukat\/nuoriso-leader-porukat-saannot\/"},"wordCount":729,"publisher":{"@id":"https:\/\/liiveri.net\/#organization"},"inLanguage":"en-GB"},{"@type":"WebPage","@id":"https:\/\/liiveri.net\/nuoret\/nuoriso-leader-porukat\/nuoriso-leader-porukat-saannot\/","url":"https:\/\/liiveri.net\/nuoret\/nuoriso-leader-porukat\/nuoriso-leader-porukat-saannot\/","name":"Nuoriso-Leader porukat s\u00e4\u00e4nn\u00f6t - Liiveri","isPartOf":{"@id":"https:\/\/liiveri.net\/#website"},"datePublished":"2023-04-10T17:11:24+00:00","dateModified":"2025-11-06T09:41:11+00:00","breadcrumb":{"@id":"https:\/\/liiveri.net\/nuoret\/nuoriso-leader-porukat\/nuoriso-leader-porukat-saannot\/#breadcrumb"},"inLanguage":"en-GB","potentialAction":[{"@type":"ReadAction","target":["https:\/\/liiveri.net\/nuoret\/nuoriso-leader-porukat\/nuoriso-leader-porukat-saannot\/"]}]},{"@type":"BreadcrumbList","@id":"https:\/\/liiveri.net\/nuoret\/nuoriso-leader-porukat\/nuoriso-leader-porukat-saannot\/#breadcrumb","itemListElement":[{"@type":"ListItem","position":1,"name":"Etusivu","item":"https:\/\/liiveri.net\/"},{"@type":"ListItem","position":2,"name":"Nuoret","item":"https:\/\/liiveri.net\/nuoret\/"},{"@type":"ListItem","position":3,"name":"Nuoriso-Leader porukat","item":"https:\/\/liiveri.net\/nuoret\/nuoriso-leader-porukat\/"},{"@type":"ListItem","position":4,"name":"Nuoriso-Leader porukat s\u00e4\u00e4nn\u00f6t"}]},{"@type":"WebSite","@id":"https:\/\/liiveri.net\/#website","url":"https:\/\/liiveri.net\/","name":"Liiveri - Kehitt\u00e4misyhdistys","description":"REILU RAHOITTAJA PALVELUKSESSASI","publisher":{"@id":"https:\/\/liiveri.net\/#organization"},"potentialAction":[{"@type":"SearchAction","target":{"@type":"EntryPoint","urlTemplate":"https:\/\/liiveri.net\/?s={search_term_string}"},"query-input":"required name=search_term_string"}],"inLanguage":"en-GB"},{"@type":"Organization","@id":"https:\/\/liiveri.net\/#organization","name":"Kehitt\u00e4misyhdistys Liiveri ry","url":"https:\/\/liiveri.net\/","logo":{"@type":"ImageObject","inLanguage":"en-GB","@id":"https:\/\/liiveri.net\/#\/schema\/logo\/image\/","url":"https:\/\/liiveri.net\/wp-content\/uploads\/2023\/02\/placeholder.png","contentUrl":"https:\/\/liiveri.net\/wp-content\/uploads\/2023\/02\/placeholder.png","width":1920,"height":1080,"caption":"Kehitt\u00e4misyhdistys Liiveri ry"},"image":{"@id":"https:\/\/liiveri.net\/#\/schema\/logo\/image\/"},"sameAs":["https:\/\/www.facebook.com\/LeaderLiiveri","https:\/\/x.com\/LeaderLiiveri","https:\/\/www.instagram.com\/leaderliiveri\/"]},{"@type":"Person","@id":"https:\/\/liiveri.net\/#\/schema\/person\/ac306228647ee1c649862732e141a9c2","name":"Sanna Haapakoski","image":{"@type":"ImageObject","inLanguage":"en-GB","@id":"https:\/\/liiveri.net\/#\/schema\/person\/image\/","url":"https:\/\/liiveri.net\/wp-content\/litespeed\/avatar\/1\/608d57c6a3106ab30083d3b9e2c64800.jpg?ver=1776082505","contentUrl":"https:\/\/liiveri.net\/wp-content\/litespeed\/avatar\/1\/608d57c6a3106ab30083d3b9e2c64800.jpg?ver=1776082505","caption":"Sanna Haapakoski"},"url":"https:\/\/liiveri.net\/en\/uutiset\/author\/sanna\/"}]}},"acf":[],"_links":{"self":[{"href":"https:\/\/liiveri.net\/en\/wp-json\/wp\/v2\/pages\/5199","targetHints":{"allow":["GET"]}}],"collection":[{"href":"https:\/\/liiveri.net\/en\/wp-json\/wp\/v2\/pages"}],"about":[{"href":"https:\/\/liiveri.net\/en\/wp-json\/wp\/v2\/types\/page"}],"author":[{"embeddable":true,"href":"https:\/\/liiveri.net\/en\/wp-json\/wp\/v2\/users\/3"}],"replies":[{"embeddable":true,"href":"https:\/\/liiveri.net\/en\/wp-json\/wp\/v2\/comments?post=5199"}],"version-history":[{"count":54,"href":"https:\/\/liiveri.net\/en\/wp-json\/wp\/v2\/pages\/5199\/revisions"}],"predecessor-version":[{"id":20783,"href":"https:\/\/liiveri.net\/en\/wp-json\/wp\/v2\/pages\/5199\/revisions\/20783"}],"up":[{"embeddable":true,"href":"https:\/\/liiveri.net\/en\/wp-json\/wp\/v2\/pages\/1472"}],"wp:attachment":[{"href":"https:\/\/liiveri.net\/en\/wp-json\/wp\/v2\/media?parent=5199"}],"curies":[{"name":"wp","href":"https:\/\/api.w.org\/{rel}","templated":true}]}}