{"id":5807,"date":"2023-04-25T13:12:22","date_gmt":"2023-04-25T10:12:22","guid":{"rendered":"https:\/\/liiveri.net\/kylat\/kylaesittelyt\/huissinkyla-2\/"},"modified":"2023-05-11T14:56:20","modified_gmt":"2023-05-11T11:56:20","slug":"taivalmaa","status":"publish","type":"page","link":"https:\/\/liiveri.net\/en\/kylat\/kylaesittelyt\/taivalmaa\/","title":{"rendered":"Taivalmaa"},"content":{"rendered":"<div data-elementor-type=\"wp-page\" data-elementor-id=\"5807\" class=\"elementor elementor-5807\">\n\t\t\t\t\t\t<section class=\"elementor-section elementor-top-section elementor-element elementor-element-354c1aef elementor-section-height-min-height elementor-section-boxed elementor-section-height-default elementor-section-items-middle\" data-id=\"354c1aef\" data-element_type=\"section\" data-settings=\"{&quot;background_background&quot;:&quot;classic&quot;}\">\n\t\t\t\t\t\t<div class=\"elementor-container elementor-column-gap-default\">\n\t\t\t\t\t<div class=\"elementor-column elementor-col-100 elementor-top-column elementor-element elementor-element-294ead1f\" data-id=\"294ead1f\" data-element_type=\"column\">\n\t\t\t<div class=\"elementor-widget-wrap elementor-element-populated\">\n\t\t\t\t\t\t<div class=\"elementor-element elementor-element-6e9037d elementor-widget elementor-widget-heading\" data-id=\"6e9037d\" data-element_type=\"widget\" data-widget_type=\"heading.default\">\n\t\t\t\t<div class=\"elementor-widget-container\">\n\t\t\t<style>\/*! elementor - v3.23.0 - 05-08-2024 *\/\n.elementor-heading-title{padding:0;margin:0;line-height:1}.elementor-widget-heading .elementor-heading-title[class*=elementor-size-]>a{color:inherit;font-size:inherit;line-height:inherit}.elementor-widget-heading .elementor-heading-title.elementor-size-small{font-size:15px}.elementor-widget-heading .elementor-heading-title.elementor-size-medium{font-size:19px}.elementor-widget-heading .elementor-heading-title.elementor-size-large{font-size:29px}.elementor-widget-heading .elementor-heading-title.elementor-size-xl{font-size:39px}.elementor-widget-heading .elementor-heading-title.elementor-size-xxl{font-size:59px}<\/style><h1 class=\"elementor-heading-title elementor-size-default\">Taivalmaa<\/h1>\t\t<\/div>\n\t\t\t\t<\/div>\n\t\t\t\t\t<\/div>\n\t\t<\/div>\n\t\t\t\t\t<\/div>\n\t\t<\/section>\n\t\t\t\t<section class=\"elementor-section elementor-top-section elementor-element elementor-element-5572e7be elementor-section-boxed elementor-section-height-default elementor-section-height-default\" data-id=\"5572e7be\" data-element_type=\"section\">\n\t\t\t\t\t\t<div class=\"elementor-container elementor-column-gap-default\">\n\t\t\t\t\t<div class=\"elementor-column elementor-col-100 elementor-top-column elementor-element elementor-element-316da01f\" data-id=\"316da01f\" data-element_type=\"column\">\n\t\t\t<div class=\"elementor-widget-wrap elementor-element-populated\">\n\t\t\t\t\t\t<div class=\"elementor-element elementor-element-32e71314 elementor-widget elementor-widget-shortcode\" data-id=\"32e71314\" data-element_type=\"widget\" data-widget_type=\"shortcode.default\">\n\t\t\t\t<div class=\"elementor-widget-container\">\n\t\t\t\t\t<div class=\"elementor-shortcode\"><span><span><a href=\"https:\/\/liiveri.net\/en\/\">Front page<\/a><\/span><\/span><\/div>\n\t\t\t\t<\/div>\n\t\t\t\t<\/div>\n\t\t\t\t<div class=\"elementor-element elementor-element-114eb8a8 elementor-widget elementor-widget-spacer\" data-id=\"114eb8a8\" data-element_type=\"widget\" data-widget_type=\"spacer.default\">\n\t\t\t\t<div class=\"elementor-widget-container\">\n\t\t\t<style>\/*! elementor - v3.23.0 - 05-08-2024 *\/\n.elementor-column .elementor-spacer-inner{height:var(--spacer-size)}.e-con{--container-widget-width:100%}.e-con-inner>.elementor-widget-spacer,.e-con>.elementor-widget-spacer{width:var(--container-widget-width,var(--spacer-size));--align-self:var(--container-widget-align-self,initial);--flex-shrink:0}.e-con-inner>.elementor-widget-spacer>.elementor-widget-container,.e-con>.elementor-widget-spacer>.elementor-widget-container{height:100%;width:100%}.e-con-inner>.elementor-widget-spacer>.elementor-widget-container>.elementor-spacer,.e-con>.elementor-widget-spacer>.elementor-widget-container>.elementor-spacer{height:100%}.e-con-inner>.elementor-widget-spacer>.elementor-widget-container>.elementor-spacer>.elementor-spacer-inner,.e-con>.elementor-widget-spacer>.elementor-widget-container>.elementor-spacer>.elementor-spacer-inner{height:var(--container-widget-height,var(--spacer-size))}.e-con-inner>.elementor-widget-spacer.elementor-widget-empty,.e-con>.elementor-widget-spacer.elementor-widget-empty{position:relative;min-height:22px;min-width:22px}.e-con-inner>.elementor-widget-spacer.elementor-widget-empty .elementor-widget-empty-icon,.e-con>.elementor-widget-spacer.elementor-widget-empty .elementor-widget-empty-icon{position:absolute;top:0;bottom:0;left:0;right:0;margin:auto;padding:0;width:22px;height:22px}<\/style>\t\t<div class=\"elementor-spacer\">\n\t\t\t<div class=\"elementor-spacer-inner\"><\/div>\n\t\t<\/div>\n\t\t\t\t<\/div>\n\t\t\t\t<\/div>\n\t\t\t\t\t<\/div>\n\t\t<\/div>\n\t\t\t\t\t<\/div>\n\t\t<\/section>\n\t\t\t\t<section class=\"elementor-section elementor-top-section elementor-element elementor-element-189c2b4 elementor-section-boxed elementor-section-height-default elementor-section-height-default\" data-id=\"189c2b4\" data-element_type=\"section\">\n\t\t\t\t\t\t<div class=\"elementor-container elementor-column-gap-default\">\n\t\t\t\t\t<div class=\"elementor-column elementor-col-100 elementor-top-column elementor-element elementor-element-b387b64\" data-id=\"b387b64\" data-element_type=\"column\">\n\t\t\t<div class=\"elementor-widget-wrap elementor-element-populated\">\n\t\t\t\t\t\t<div class=\"elementor-element elementor-element-0dacc11 elementor-widget elementor-widget-text-editor\" data-id=\"0dacc11\" data-element_type=\"widget\" data-widget_type=\"text-editor.default\">\n\t\t\t\t<div class=\"elementor-widget-container\">\n\t\t\t<style>\/*! elementor - v3.23.0 - 05-08-2024 *\/\n.elementor-widget-text-editor.elementor-drop-cap-view-stacked .elementor-drop-cap{background-color:#69727d;color:#fff}.elementor-widget-text-editor.elementor-drop-cap-view-framed .elementor-drop-cap{color:#69727d;border:3px solid;background-color:transparent}.elementor-widget-text-editor:not(.elementor-drop-cap-view-default) .elementor-drop-cap{margin-top:8px}.elementor-widget-text-editor:not(.elementor-drop-cap-view-default) .elementor-drop-cap-letter{width:1em;height:1em}.elementor-widget-text-editor .elementor-drop-cap{float:left;text-align:center;line-height:1;font-size:50px}.elementor-widget-text-editor .elementor-drop-cap-letter{display:inline-block}<\/style>\t\t\t\t<h1>Taivalmaa<\/h1>\n<p>The village of Taivalmaa is located on the border between the city of Kurika and the settlement of Per\u00e4sein\u00e4joki, which is part of the city of Sein\u00e4joki. It is 15 kilometers to the center of Jalasj\u00e4rvi, 9 kilometers to Per\u00e4sein\u00e4joki and 35 kilometers to Sein\u00e4joki. The village is a traditional agricultural area, which, however, as farm sizes have increased, has turned into a comfortable place to live, from where you can go to work outside the village. There are just under 200 residents in the village, and there are also plenty of leisure apartments. A peaceful, warm-hearted community in the middle of diverse nature adds to the comfort of living.<\/p>\n<p><br><\/p>\n<h2>Services<\/h2>\n<p>The municipality&#039;s services are mostly in the center. In addition to agriculture, the village has e.g. earthmoving, mining, bus transport, furniture and metal industry companies, graphic design and computer maintenance company, car electrical and carriage maintenance, online tire shop and coffee machine dealership, and pet care. Taivaltupa offers space for party organizers.<\/p>\n<p><br><\/p>\n<h2>Shared spaces and hobby opportunities<\/h2>\n<p>The Taivaltupa youth club is used by the villagers. In the village, there are swimming spots, ski slopes in winter and, of course, hiking opportunities in nature, with diverse fauna and birds.<\/p>\n<p><br><\/p>\n<h2>Village events<\/h2>\n<p>Field trips, dinners, Easter dinners, village church service, summer event and excursions, little Christmas, Christmas carol evenings, karaoke and billiards evenings.<\/p>\n<p><br><\/p>\n<h2>Associations operating in the area<\/h2>\n<p>In addition to the youth club, the Agricultural and Household Association, the Taivalmaa hunters&#039; association and the diaconia village committee.<\/p>\n<p><br><\/p>\n<h2>Construction sites<\/h2>\n<p>Plots are being sought for willing builders. Houses in habitable condition change hands quite well, but sometimes there is something available.<\/p>\n<p><br><\/p>\n<h2>The strengths of the village<\/h2>\n<p>Cozy, peaceful living environment. A tight-knit village community with a talkative spirit. Plenty of jobs nearby, e.g. peat bogs, Vapo pellet factory and workshop, Kekkil\u00e4 peat factory and greenhouse village.<\/p>\n<p><br><\/p>\n<h2>Special features<\/h2>\n<p>The Tokerotie, built as an emergency relief work during the famine years of the 1860s, runs through the village. There used to be a kestikievari in the village. The history of the village has been collected in the book &quot;Taivalmaa kyl\u00e4\u00e4 kansissa&quot;.<\/p>\n<p><br><\/p>\n<h2>The village&#039;s possibilities in the future<\/h2>\n<p>The profitability of agricultural entrepreneurship in the future. Keeping jobs in the local area. Preserving and strengthening the community spirit of the village. Activating the youth in village activities.<\/p>\n<p><br><\/p>\n<h2>Good aspects of the village in terms of business operations<\/h2>\n<p>Good road connections. An open and helpful atmosphere. Services available nearby.<\/p>\n<p><br><\/p>\n<h2>The most important areas for development<\/h2>\n<p>Reasonable solutions to the wastewater issue. Availability of city services, e.g. transport connections, care for the elderly, consideration of villages in the development of the municipality.<\/p>\n<p><br><\/p>\t\t\t\t\t\t<\/div>\n\t\t\t\t<\/div>\n\t\t\t\t\t<\/div>\n\t\t<\/div>\n\t\t\t\t\t<\/div>\n\t\t<\/section>\n\t\t\t\t<section class=\"elementor-section elementor-top-section elementor-element elementor-element-5b6c5aac elementor-section-boxed elementor-section-height-default elementor-section-height-default\" data-id=\"5b6c5aac\" data-element_type=\"section\">\n\t\t\t\t\t\t\t<div class=\"elementor-background-overlay\"><\/div>\n\t\t\t\t\t\t\t<div class=\"elementor-container elementor-column-gap-default\">\n\t\t\t\t\t<div class=\"elementor-column elementor-col-100 elementor-top-column elementor-element elementor-element-6f80850a\" data-id=\"6f80850a\" data-element_type=\"column\">\n\t\t\t<div class=\"elementor-widget-wrap elementor-element-populated\">\n\t\t\t\t\t\t<div class=\"elementor-element elementor-element-23b5ead2 elementor-widget elementor-widget-spacer\" data-id=\"23b5ead2\" data-element_type=\"widget\" data-widget_type=\"spacer.default\">\n\t\t\t\t<div class=\"elementor-widget-container\">\n\t\t\t\t\t<div class=\"elementor-spacer\">\n\t\t\t<div class=\"elementor-spacer-inner\"><\/div>\n\t\t<\/div>\n\t\t\t\t<\/div>\n\t\t\t\t<\/div>\n\t\t\t\t<div class=\"elementor-element elementor-element-58c01d5e elementor-widget elementor-widget-text-editor\" data-id=\"58c01d5e\" data-element_type=\"widget\" data-widget_type=\"text-editor.default\">\n\t\t\t\t<div class=\"elementor-widget-container\">\n\t\t\t\t\t\t\t<h3 style=\"text-align: center\">Taivalmaan Nuorisoseura ry<\/h3><p style=\"text-align: center\">principal Pauli Antila, tel. 040 543 8651<br \/>taivalmaan.ns@gmail.com<\/p>\t\t\t\t\t\t<\/div>\n\t\t\t\t<\/div>\n\t\t\t\t<div class=\"elementor-element elementor-element-33d66e60 elementor-align-center elementor-widget elementor-widget-button\" data-id=\"33d66e60\" data-element_type=\"widget\" data-widget_type=\"button.default\">\n\t\t\t\t<div class=\"elementor-widget-container\">\n\t\t\t\t\t<div class=\"elementor-button-wrapper\">\n\t\t\t<a class=\"elementor-button elementor-button-link elementor-size-md\" href=\"https:\/\/taivalmaa.epk.fi\/\" target=\"_blank\">\n\t\t\t\t\t\t<span class=\"elementor-button-content-wrapper\">\n\t\t\t\t\t\t\t\t\t<span class=\"elementor-button-text\">To the pages of Sky<\/span>\n\t\t\t\t\t<\/span>\n\t\t\t\t\t<\/a>\n\t\t<\/div>\n\t\t\t\t<\/div>\n\t\t\t\t<\/div>\n\t\t\t\t<div class=\"elementor-element elementor-element-54fa55dc elementor-widget elementor-widget-spacer\" data-id=\"54fa55dc\" data-element_type=\"widget\" data-widget_type=\"spacer.default\">\n\t\t\t\t<div class=\"elementor-widget-container\">\n\t\t\t\t\t<div class=\"elementor-spacer\">\n\t\t\t<div class=\"elementor-spacer-inner\"><\/div>\n\t\t<\/div>\n\t\t\t\t<\/div>\n\t\t\t\t<\/div>\n\t\t\t\t\t<\/div>\n\t\t<\/div>\n\t\t\t\t\t<\/div>\n\t\t<\/section>\n\t\t\t\t<\/div>","protected":false},"excerpt":{"rendered":"<p>Taivalmaa Taivalmaa The village of Taivalmaa is located on the border between the town of Kurika and the settlement of Per\u00e4sein\u00e4joki, which is part of the town of Sein\u00e4joki. It is 15 kilometers to the center of Jalasj\u00e4rvi, 9 kilometers to Per\u00e4sein\u00e4joki and 35 kilometers to Sein\u00e4joki. The village is a traditional agricultural area, which, however, as farm sizes have increased, has turned into a comfortable place to live, from where you can go to work outside the village. There are almost 200 inhabitants in the village, in addition there are plenty of leisure [\u2026]<\/p>","protected":false},"author":8,"featured_media":0,"parent":240,"menu_order":0,"comment_status":"closed","ping_status":"closed","template":"elementor_header_footer","meta":{"_acf_changed":false,"footnotes":""},"class_list":["post-5807","page","type-page","status-publish","hentry"],"yoast_head":"<!-- This site is optimized with the Yoast SEO plugin v23.3 - https:\/\/yoast.com\/wordpress\/plugins\/seo\/ -->\n<title>Taivalmaa - Liiveri<\/title>\n<meta name=\"robots\" content=\"index, follow, max-snippet:-1, max-image-preview:large, max-video-preview:-1\" \/>\n<link rel=\"canonical\" href=\"https:\/\/liiveri.net\/en\/kylat\/kylaesittelyt\/taivalmaa\/\" \/>\n<meta property=\"og:locale\" content=\"en_GB\" \/>\n<meta property=\"og:type\" content=\"article\" \/>\n<meta property=\"og:title\" content=\"Taivalmaa - Liiveri\" \/>\n<meta property=\"og:description\" content=\"Taivalmaa Taivalmaa Taivalmaan kyl\u00e4 sijaitsee Kurikan kaupungin ja Sein\u00e4joen kaupunkiin kuuluvan Per\u00e4sein\u00e4joen taajaman rajalla. Jalasj\u00e4rven keskustaan on matkaa 15 kilometri\u00e4, Per\u00e4sein\u00e4joelle 9 kilometri\u00e4 ja Sein\u00e4joelle 35 kilometri\u00e4. Kyl\u00e4 on perinteist\u00e4 maatalousaluetta, joka kuitenkin tilakokojen kasvaessa on muuttunut monen osalta viihtyis\u00e4ksi asuinpaikaksi, josta k\u00e4yd\u00e4\u00e4n t\u00f6iss\u00e4 kyl\u00e4n ulkopuolella. Asukkaita kyl\u00e4ss\u00e4 on vajaa 200, lis\u00e4ksi on runsaasti vapaa-ajan [&hellip;]\" \/>\n<meta property=\"og:url\" content=\"https:\/\/liiveri.net\/en\/kylat\/kylaesittelyt\/taivalmaa\/\" \/>\n<meta property=\"og:site_name\" content=\"Liiveri\" \/>\n<meta property=\"article:publisher\" content=\"https:\/\/www.facebook.com\/LeaderLiiveri\" \/>\n<meta property=\"article:modified_time\" content=\"2023-05-11T11:56:20+00:00\" \/>\n<meta property=\"og:image\" content=\"https:\/\/liiveri.net\/wp-content\/uploads\/2023\/02\/placeholder.png\" \/>\n\t<meta property=\"og:image:width\" content=\"1920\" \/>\n\t<meta property=\"og:image:height\" content=\"1080\" \/>\n\t<meta property=\"og:image:type\" content=\"image\/png\" \/>\n<meta name=\"twitter:card\" content=\"summary_large_image\" \/>\n<meta name=\"twitter:site\" content=\"@LeaderLiiveri\" \/>\n<meta name=\"twitter:label1\" content=\"Estimated reading time\" \/>\n\t<meta name=\"twitter:data1\" content=\"2 minutes\" \/>\n<script type=\"application\/ld+json\" class=\"yoast-schema-graph\">{\"@context\":\"https:\/\/schema.org\",\"@graph\":[{\"@type\":\"Article\",\"@id\":\"https:\/\/liiveri.net\/kylat\/kylaesittelyt\/taivalmaa\/#article\",\"isPartOf\":{\"@id\":\"https:\/\/liiveri.net\/kylat\/kylaesittelyt\/taivalmaa\/\"},\"author\":{\"name\":\"Anne Palohuhta\",\"@id\":\"https:\/\/liiveri.net\/#\/schema\/person\/695b3ac3ad86072b48f9d3dc46101495\"},\"headline\":\"Taivalmaa\",\"datePublished\":\"2023-04-25T10:12:22+00:00\",\"dateModified\":\"2023-05-11T11:56:20+00:00\",\"mainEntityOfPage\":{\"@id\":\"https:\/\/liiveri.net\/kylat\/kylaesittelyt\/taivalmaa\/\"},\"wordCount\":348,\"publisher\":{\"@id\":\"https:\/\/liiveri.net\/#organization\"},\"inLanguage\":\"en-GB\"},{\"@type\":\"WebPage\",\"@id\":\"https:\/\/liiveri.net\/kylat\/kylaesittelyt\/taivalmaa\/\",\"url\":\"https:\/\/liiveri.net\/kylat\/kylaesittelyt\/taivalmaa\/\",\"name\":\"Taivalmaa - Liiveri\",\"isPartOf\":{\"@id\":\"https:\/\/liiveri.net\/#website\"},\"datePublished\":\"2023-04-25T10:12:22+00:00\",\"dateModified\":\"2023-05-11T11:56:20+00:00\",\"breadcrumb\":{\"@id\":\"https:\/\/liiveri.net\/kylat\/kylaesittelyt\/taivalmaa\/#breadcrumb\"},\"inLanguage\":\"en-GB\",\"potentialAction\":[{\"@type\":\"ReadAction\",\"target\":[\"https:\/\/liiveri.net\/kylat\/kylaesittelyt\/taivalmaa\/\"]}]},{\"@type\":\"BreadcrumbList\",\"@id\":\"https:\/\/liiveri.net\/kylat\/kylaesittelyt\/taivalmaa\/#breadcrumb\",\"itemListElement\":[{\"@type\":\"ListItem\",\"position\":1,\"name\":\"Etusivu\",\"item\":\"https:\/\/liiveri.net\/\"},{\"@type\":\"ListItem\",\"position\":2,\"name\":\"Kyl\u00e4t\",\"item\":\"https:\/\/liiveri.net\/kylat\/\"},{\"@type\":\"ListItem\",\"position\":3,\"name\":\"Kyl\u00e4esittelyt\",\"item\":\"https:\/\/liiveri.net\/kylat\/kylaesittelyt\/\"},{\"@type\":\"ListItem\",\"position\":4,\"name\":\"Taivalmaa\"}]},{\"@type\":\"WebSite\",\"@id\":\"https:\/\/liiveri.net\/#website\",\"url\":\"https:\/\/liiveri.net\/\",\"name\":\"Liiveri - Kehitt\u00e4misyhdistys\",\"description\":\"REILU RAHOITTAJA PALVELUKSESSASI\",\"publisher\":{\"@id\":\"https:\/\/liiveri.net\/#organization\"},\"potentialAction\":[{\"@type\":\"SearchAction\",\"target\":{\"@type\":\"EntryPoint\",\"urlTemplate\":\"https:\/\/liiveri.net\/?s={search_term_string}\"},\"query-input\":\"required name=search_term_string\"}],\"inLanguage\":\"en-GB\"},{\"@type\":\"Organization\",\"@id\":\"https:\/\/liiveri.net\/#organization\",\"name\":\"Kehitt\u00e4misyhdistys Liiveri ry\",\"url\":\"https:\/\/liiveri.net\/\",\"logo\":{\"@type\":\"ImageObject\",\"inLanguage\":\"en-GB\",\"@id\":\"https:\/\/liiveri.net\/#\/schema\/logo\/image\/\",\"url\":\"https:\/\/liiveri.net\/wp-content\/uploads\/2023\/02\/placeholder.png\",\"contentUrl\":\"https:\/\/liiveri.net\/wp-content\/uploads\/2023\/02\/placeholder.png\",\"width\":1920,\"height\":1080,\"caption\":\"Kehitt\u00e4misyhdistys Liiveri ry\"},\"image\":{\"@id\":\"https:\/\/liiveri.net\/#\/schema\/logo\/image\/\"},\"sameAs\":[\"https:\/\/www.facebook.com\/LeaderLiiveri\",\"https:\/\/x.com\/LeaderLiiveri\",\"https:\/\/www.instagram.com\/leaderliiveri\/\"]},{\"@type\":\"Person\",\"@id\":\"https:\/\/liiveri.net\/#\/schema\/person\/695b3ac3ad86072b48f9d3dc46101495\",\"name\":\"Anne Palohuhta\",\"image\":{\"@type\":\"ImageObject\",\"inLanguage\":\"en-GB\",\"@id\":\"https:\/\/liiveri.net\/#\/schema\/person\/image\/\",\"url\":\"https:\/\/liiveri.net\/wp-content\/litespeed\/avatar\/1\/d82383b70a738698a450c9a9e67b0baa.jpg?ver=1777493162\",\"contentUrl\":\"https:\/\/liiveri.net\/wp-content\/litespeed\/avatar\/1\/d82383b70a738698a450c9a9e67b0baa.jpg?ver=1777493162\",\"caption\":\"Anne Palohuhta\"},\"url\":\"https:\/\/liiveri.net\/en\/uutiset\/author\/anne-palohuhta\/\"}]}<\/script>\n<!-- \/ Yoast SEO plugin. -->","yoast_head_json":{"title":"Taivalmaa - Liiveri","robots":{"index":"index","follow":"follow","max-snippet":"max-snippet:-1","max-image-preview":"max-image-preview:large","max-video-preview":"max-video-preview:-1"},"canonical":"https:\/\/liiveri.net\/en\/kylat\/kylaesittelyt\/taivalmaa\/","og_locale":"en_GB","og_type":"article","og_title":"Taivalmaa - Liiveri","og_description":"Taivalmaa Taivalmaa Taivalmaan kyl\u00e4 sijaitsee Kurikan kaupungin ja Sein\u00e4joen kaupunkiin kuuluvan Per\u00e4sein\u00e4joen taajaman rajalla. Jalasj\u00e4rven keskustaan on matkaa 15 kilometri\u00e4, Per\u00e4sein\u00e4joelle 9 kilometri\u00e4 ja Sein\u00e4joelle 35 kilometri\u00e4. Kyl\u00e4 on perinteist\u00e4 maatalousaluetta, joka kuitenkin tilakokojen kasvaessa on muuttunut monen osalta viihtyis\u00e4ksi asuinpaikaksi, josta k\u00e4yd\u00e4\u00e4n t\u00f6iss\u00e4 kyl\u00e4n ulkopuolella. Asukkaita kyl\u00e4ss\u00e4 on vajaa 200, lis\u00e4ksi on runsaasti vapaa-ajan [&hellip;]","og_url":"https:\/\/liiveri.net\/en\/kylat\/kylaesittelyt\/taivalmaa\/","og_site_name":"Liiveri","article_publisher":"https:\/\/www.facebook.com\/LeaderLiiveri","article_modified_time":"2023-05-11T11:56:20+00:00","og_image":[{"width":1920,"height":1080,"url":"https:\/\/liiveri.net\/wp-content\/uploads\/2023\/02\/placeholder.png","type":"image\/png"}],"twitter_card":"summary_large_image","twitter_site":"@LeaderLiiveri","twitter_misc":{"Estimated reading time":"2 minutes"},"schema":{"@context":"https:\/\/schema.org","@graph":[{"@type":"Article","@id":"https:\/\/liiveri.net\/kylat\/kylaesittelyt\/taivalmaa\/#article","isPartOf":{"@id":"https:\/\/liiveri.net\/kylat\/kylaesittelyt\/taivalmaa\/"},"author":{"name":"Anne Palohuhta","@id":"https:\/\/liiveri.net\/#\/schema\/person\/695b3ac3ad86072b48f9d3dc46101495"},"headline":"Taivalmaa","datePublished":"2023-04-25T10:12:22+00:00","dateModified":"2023-05-11T11:56:20+00:00","mainEntityOfPage":{"@id":"https:\/\/liiveri.net\/kylat\/kylaesittelyt\/taivalmaa\/"},"wordCount":348,"publisher":{"@id":"https:\/\/liiveri.net\/#organization"},"inLanguage":"en-GB"},{"@type":"WebPage","@id":"https:\/\/liiveri.net\/kylat\/kylaesittelyt\/taivalmaa\/","url":"https:\/\/liiveri.net\/kylat\/kylaesittelyt\/taivalmaa\/","name":"Taivalmaa - Liiveri","isPartOf":{"@id":"https:\/\/liiveri.net\/#website"},"datePublished":"2023-04-25T10:12:22+00:00","dateModified":"2023-05-11T11:56:20+00:00","breadcrumb":{"@id":"https:\/\/liiveri.net\/kylat\/kylaesittelyt\/taivalmaa\/#breadcrumb"},"inLanguage":"en-GB","potentialAction":[{"@type":"ReadAction","target":["https:\/\/liiveri.net\/kylat\/kylaesittelyt\/taivalmaa\/"]}]},{"@type":"BreadcrumbList","@id":"https:\/\/liiveri.net\/kylat\/kylaesittelyt\/taivalmaa\/#breadcrumb","itemListElement":[{"@type":"ListItem","position":1,"name":"Etusivu","item":"https:\/\/liiveri.net\/"},{"@type":"ListItem","position":2,"name":"Kyl\u00e4t","item":"https:\/\/liiveri.net\/kylat\/"},{"@type":"ListItem","position":3,"name":"Kyl\u00e4esittelyt","item":"https:\/\/liiveri.net\/kylat\/kylaesittelyt\/"},{"@type":"ListItem","position":4,"name":"Taivalmaa"}]},{"@type":"WebSite","@id":"https:\/\/liiveri.net\/#website","url":"https:\/\/liiveri.net\/","name":"Liiveri - Kehitt\u00e4misyhdistys","description":"REILU RAHOITTAJA PALVELUKSESSASI","publisher":{"@id":"https:\/\/liiveri.net\/#organization"},"potentialAction":[{"@type":"SearchAction","target":{"@type":"EntryPoint","urlTemplate":"https:\/\/liiveri.net\/?s={search_term_string}"},"query-input":"required name=search_term_string"}],"inLanguage":"en-GB"},{"@type":"Organization","@id":"https:\/\/liiveri.net\/#organization","name":"Kehitt\u00e4misyhdistys Liiveri ry","url":"https:\/\/liiveri.net\/","logo":{"@type":"ImageObject","inLanguage":"en-GB","@id":"https:\/\/liiveri.net\/#\/schema\/logo\/image\/","url":"https:\/\/liiveri.net\/wp-content\/uploads\/2023\/02\/placeholder.png","contentUrl":"https:\/\/liiveri.net\/wp-content\/uploads\/2023\/02\/placeholder.png","width":1920,"height":1080,"caption":"Kehitt\u00e4misyhdistys Liiveri ry"},"image":{"@id":"https:\/\/liiveri.net\/#\/schema\/logo\/image\/"},"sameAs":["https:\/\/www.facebook.com\/LeaderLiiveri","https:\/\/x.com\/LeaderLiiveri","https:\/\/www.instagram.com\/leaderliiveri\/"]},{"@type":"Person","@id":"https:\/\/liiveri.net\/#\/schema\/person\/695b3ac3ad86072b48f9d3dc46101495","name":"Anne Palohuhta","image":{"@type":"ImageObject","inLanguage":"en-GB","@id":"https:\/\/liiveri.net\/#\/schema\/person\/image\/","url":"https:\/\/liiveri.net\/wp-content\/litespeed\/avatar\/1\/d82383b70a738698a450c9a9e67b0baa.jpg?ver=1777493162","contentUrl":"https:\/\/liiveri.net\/wp-content\/litespeed\/avatar\/1\/d82383b70a738698a450c9a9e67b0baa.jpg?ver=1777493162","caption":"Anne Palohuhta"},"url":"https:\/\/liiveri.net\/en\/uutiset\/author\/anne-palohuhta\/"}]}},"acf":[],"_links":{"self":[{"href":"https:\/\/liiveri.net\/en\/wp-json\/wp\/v2\/pages\/5807","targetHints":{"allow":["GET"]}}],"collection":[{"href":"https:\/\/liiveri.net\/en\/wp-json\/wp\/v2\/pages"}],"about":[{"href":"https:\/\/liiveri.net\/en\/wp-json\/wp\/v2\/types\/page"}],"author":[{"embeddable":true,"href":"https:\/\/liiveri.net\/en\/wp-json\/wp\/v2\/users\/8"}],"replies":[{"embeddable":true,"href":"https:\/\/liiveri.net\/en\/wp-json\/wp\/v2\/comments?post=5807"}],"version-history":[{"count":0,"href":"https:\/\/liiveri.net\/en\/wp-json\/wp\/v2\/pages\/5807\/revisions"}],"up":[{"embeddable":true,"href":"https:\/\/liiveri.net\/en\/wp-json\/wp\/v2\/pages\/240"}],"wp:attachment":[{"href":"https:\/\/liiveri.net\/en\/wp-json\/wp\/v2\/media?parent=5807"}],"curies":[{"name":"wp","href":"https:\/\/api.w.org\/{rel}","templated":true}]}}