{"id":6033,"date":"2023-04-27T08:53:55","date_gmt":"2023-04-27T05:53:55","guid":{"rendered":"https:\/\/liiveri.net\/kylat\/kylaesittelyt\/huissinkyla-2\/"},"modified":"2023-05-11T15:00:08","modified_gmt":"2023-05-11T12:00:08","slug":"kasperi-kivisto","status":"publish","type":"page","link":"https:\/\/liiveri.net\/en\/kylat\/kylaesittelyt\/kasperi-kivisto\/","title":{"rendered":"Kasperi-Kivist\u00f6"},"content":{"rendered":"<div data-elementor-type=\"wp-page\" data-elementor-id=\"6033\" class=\"elementor elementor-6033\">\n\t\t\t\t\t\t<section class=\"elementor-section elementor-top-section elementor-element elementor-element-354c1aef elementor-section-height-min-height elementor-section-boxed elementor-section-height-default elementor-section-items-middle\" data-id=\"354c1aef\" data-element_type=\"section\" data-settings=\"{&quot;background_background&quot;:&quot;classic&quot;}\">\n\t\t\t\t\t\t<div class=\"elementor-container elementor-column-gap-default\">\n\t\t\t\t\t<div class=\"elementor-column elementor-col-100 elementor-top-column elementor-element elementor-element-294ead1f\" data-id=\"294ead1f\" data-element_type=\"column\">\n\t\t\t<div class=\"elementor-widget-wrap elementor-element-populated\">\n\t\t\t\t\t\t<div class=\"elementor-element elementor-element-6e9037d elementor-widget elementor-widget-heading\" data-id=\"6e9037d\" data-element_type=\"widget\" data-widget_type=\"heading.default\">\n\t\t\t\t<div class=\"elementor-widget-container\">\n\t\t\t<style>\/*! elementor - v3.23.0 - 05-08-2024 *\/\n.elementor-heading-title{padding:0;margin:0;line-height:1}.elementor-widget-heading .elementor-heading-title[class*=elementor-size-]>a{color:inherit;font-size:inherit;line-height:inherit}.elementor-widget-heading .elementor-heading-title.elementor-size-small{font-size:15px}.elementor-widget-heading .elementor-heading-title.elementor-size-medium{font-size:19px}.elementor-widget-heading .elementor-heading-title.elementor-size-large{font-size:29px}.elementor-widget-heading .elementor-heading-title.elementor-size-xl{font-size:39px}.elementor-widget-heading .elementor-heading-title.elementor-size-xxl{font-size:59px}<\/style><h1 class=\"elementor-heading-title elementor-size-default\">Kasperi-Kivist\u00f6<\/h1>\t\t<\/div>\n\t\t\t\t<\/div>\n\t\t\t\t\t<\/div>\n\t\t<\/div>\n\t\t\t\t\t<\/div>\n\t\t<\/section>\n\t\t\t\t<section class=\"elementor-section elementor-top-section elementor-element elementor-element-5572e7be elementor-section-boxed elementor-section-height-default elementor-section-height-default\" data-id=\"5572e7be\" data-element_type=\"section\">\n\t\t\t\t\t\t<div class=\"elementor-container elementor-column-gap-default\">\n\t\t\t\t\t<div class=\"elementor-column elementor-col-100 elementor-top-column elementor-element elementor-element-316da01f\" data-id=\"316da01f\" data-element_type=\"column\">\n\t\t\t<div class=\"elementor-widget-wrap elementor-element-populated\">\n\t\t\t\t\t\t<div class=\"elementor-element elementor-element-32e71314 elementor-widget elementor-widget-shortcode\" data-id=\"32e71314\" data-element_type=\"widget\" data-widget_type=\"shortcode.default\">\n\t\t\t\t<div class=\"elementor-widget-container\">\n\t\t\t\t\t<div class=\"elementor-shortcode\"><span><span><a href=\"https:\/\/liiveri.net\/en\/\">Front page<\/a><\/span><\/span><\/div>\n\t\t\t\t<\/div>\n\t\t\t\t<\/div>\n\t\t\t\t<div class=\"elementor-element elementor-element-114eb8a8 elementor-widget elementor-widget-spacer\" data-id=\"114eb8a8\" data-element_type=\"widget\" data-widget_type=\"spacer.default\">\n\t\t\t\t<div class=\"elementor-widget-container\">\n\t\t\t<style>\/*! elementor - v3.23.0 - 05-08-2024 *\/\n.elementor-column .elementor-spacer-inner{height:var(--spacer-size)}.e-con{--container-widget-width:100%}.e-con-inner>.elementor-widget-spacer,.e-con>.elementor-widget-spacer{width:var(--container-widget-width,var(--spacer-size));--align-self:var(--container-widget-align-self,initial);--flex-shrink:0}.e-con-inner>.elementor-widget-spacer>.elementor-widget-container,.e-con>.elementor-widget-spacer>.elementor-widget-container{height:100%;width:100%}.e-con-inner>.elementor-widget-spacer>.elementor-widget-container>.elementor-spacer,.e-con>.elementor-widget-spacer>.elementor-widget-container>.elementor-spacer{height:100%}.e-con-inner>.elementor-widget-spacer>.elementor-widget-container>.elementor-spacer>.elementor-spacer-inner,.e-con>.elementor-widget-spacer>.elementor-widget-container>.elementor-spacer>.elementor-spacer-inner{height:var(--container-widget-height,var(--spacer-size))}.e-con-inner>.elementor-widget-spacer.elementor-widget-empty,.e-con>.elementor-widget-spacer.elementor-widget-empty{position:relative;min-height:22px;min-width:22px}.e-con-inner>.elementor-widget-spacer.elementor-widget-empty .elementor-widget-empty-icon,.e-con>.elementor-widget-spacer.elementor-widget-empty .elementor-widget-empty-icon{position:absolute;top:0;bottom:0;left:0;right:0;margin:auto;padding:0;width:22px;height:22px}<\/style>\t\t<div class=\"elementor-spacer\">\n\t\t\t<div class=\"elementor-spacer-inner\"><\/div>\n\t\t<\/div>\n\t\t\t\t<\/div>\n\t\t\t\t<\/div>\n\t\t\t\t\t<\/div>\n\t\t<\/div>\n\t\t\t\t\t<\/div>\n\t\t<\/section>\n\t\t\t\t<section class=\"elementor-section elementor-top-section elementor-element elementor-element-189c2b4 elementor-section-boxed elementor-section-height-default elementor-section-height-default\" data-id=\"189c2b4\" data-element_type=\"section\">\n\t\t\t\t\t\t<div class=\"elementor-container elementor-column-gap-default\">\n\t\t\t\t\t<div class=\"elementor-column elementor-col-100 elementor-top-column elementor-element elementor-element-b387b64\" data-id=\"b387b64\" data-element_type=\"column\">\n\t\t\t<div class=\"elementor-widget-wrap elementor-element-populated\">\n\t\t\t\t\t\t<div class=\"elementor-element elementor-element-0dacc11 elementor-widget elementor-widget-text-editor\" data-id=\"0dacc11\" data-element_type=\"widget\" data-widget_type=\"text-editor.default\">\n\t\t\t\t<div class=\"elementor-widget-container\">\n\t\t\t<style>\/*! elementor - v3.23.0 - 05-08-2024 *\/\n.elementor-widget-text-editor.elementor-drop-cap-view-stacked .elementor-drop-cap{background-color:#69727d;color:#fff}.elementor-widget-text-editor.elementor-drop-cap-view-framed .elementor-drop-cap{color:#69727d;border:3px solid;background-color:transparent}.elementor-widget-text-editor:not(.elementor-drop-cap-view-default) .elementor-drop-cap{margin-top:8px}.elementor-widget-text-editor:not(.elementor-drop-cap-view-default) .elementor-drop-cap-letter{width:1em;height:1em}.elementor-widget-text-editor .elementor-drop-cap{float:left;text-align:center;line-height:1;font-size:50px}.elementor-widget-text-editor .elementor-drop-cap-letter{display:inline-block}<\/style>\t\t\t\t<h1>Kasperi-Kivist\u00f6<\/h1>\n<div><br><\/div>\n<h2>Common spaces<\/h2>\n<p>The function building, which is the heart of the residential area, has meeting, sauna and party rooms for rent. The shed of the Kasperi-Kivist\u00f6 club was completed in 2000. It is located along K\u00e4rjenlenk in Luomanmutka. Halliska&#039;s shed was completed in 2011. It is located along the Hallilanvuori fitness track, near the exit of the Kasper ball court. Halliska laavu offers barrier-free access to laavu experiences for everyone.<\/p>\n<p><br><\/p>\n<h2>Associations<\/h2>\n<p>The Kasperi-Kivist\u00f6 association is a residents&#039; association that has been active in Sein\u00e4joki since 1978. For thirty years, the association has done important work to develop the residential areas of Kasperi and Kivist\u00f6 and to increase the comfort of the residents. One of the most important tasks of the residents&#039; association has been the development of services in their own residential area, and to increase and bring them to their own &quot;village&quot;.<\/p>\n<p>Tomintontenaloyhdistys ry was founded in 2011. The purpose of the association is to maintain, increase and develop community spirit, equality, inclusion and well-being in the surrounding area and the surrounding province, as well as to prevent exclusion. The association continues the Tomintinton Talo project started by the Kasperi-Kivist\u00f6 society in 1998. The building functions as a job training unit for the city of Sein\u00e4joki. The house has the opportunity for services that increase participation in working life through job training in real work tasks. The building employs several dozen people every year through various employment measures.&nbsp;&nbsp;&nbsp;<\/p>\n<p><br><\/p>\n<h2>The most important events in the village<\/h2>\n<p>Toimari has around 400 customer visits every day. About 800 different events are organized annually in cooperation with associations, organizations and individual citizens. The events are either free for customers or for a very small fee, in which case everyone has the opportunity to participate. On summer Saturdays, the tailgate flea market at the fountain in Kasperi-aukio.&nbsp;<\/p>\n<p><br><\/p>\n<h2>Services<\/h2>\n<p>The function hall&#039;s cafe is a meeting place for all people, where unauthorized stay is allowed, and there is no compulsion to buy. Sustainable development is strengthened with the help of flea market operations. Customers can sell things they no longer need or buy something necessary with a small amount of money. Toimari has spaces for rent for meetings, parties or any occasion. There is also a self-service flower shop in the same building.<\/p>\n<p><br><\/p>\n<p>Updated on October 19, 2017<\/p>\t\t\t\t\t\t<\/div>\n\t\t\t\t<\/div>\n\t\t\t\t\t<\/div>\n\t\t<\/div>\n\t\t\t\t\t<\/div>\n\t\t<\/section>\n\t\t\t\t<section class=\"elementor-section elementor-top-section elementor-element elementor-element-5b6c5aac elementor-section-boxed elementor-section-height-default elementor-section-height-default\" data-id=\"5b6c5aac\" data-element_type=\"section\">\n\t\t\t\t\t\t\t<div class=\"elementor-background-overlay\"><\/div>\n\t\t\t\t\t\t\t<div class=\"elementor-container elementor-column-gap-default\">\n\t\t\t\t\t<div class=\"elementor-column elementor-col-100 elementor-top-column elementor-element elementor-element-6f80850a\" data-id=\"6f80850a\" data-element_type=\"column\">\n\t\t\t<div class=\"elementor-widget-wrap elementor-element-populated\">\n\t\t\t\t\t\t<div class=\"elementor-element elementor-element-23b5ead2 elementor-widget elementor-widget-spacer\" data-id=\"23b5ead2\" data-element_type=\"widget\" data-widget_type=\"spacer.default\">\n\t\t\t\t<div class=\"elementor-widget-container\">\n\t\t\t\t\t<div class=\"elementor-spacer\">\n\t\t\t<div class=\"elementor-spacer-inner\"><\/div>\n\t\t<\/div>\n\t\t\t\t<\/div>\n\t\t\t\t<\/div>\n\t\t\t\t<div class=\"elementor-element elementor-element-58c01d5e elementor-widget elementor-widget-text-editor\" data-id=\"58c01d5e\" data-element_type=\"widget\" data-widget_type=\"text-editor.default\">\n\t\t\t\t<div class=\"elementor-widget-container\">\n\t\t\t\t\t\t\t<h3 style=\"text-align: center\">Kasperi-Kivist\u00f6 society<\/h3><p style=\"text-align: center\">principal Tero K\u00e4ns\u00e4koski, tel. 040 779 2247<br \/>kasperikivistoseura@gmail.com<\/p>\t\t\t\t\t\t<\/div>\n\t\t\t\t<\/div>\n\t\t\t\t<div class=\"elementor-element elementor-element-33d66e60 elementor-align-center elementor-widget elementor-widget-button\" data-id=\"33d66e60\" data-element_type=\"widget\" data-widget_type=\"button.default\">\n\t\t\t\t<div class=\"elementor-widget-container\">\n\t\t\t\t\t<div class=\"elementor-button-wrapper\">\n\t\t\t<a class=\"elementor-button elementor-button-link elementor-size-md\" href=\"https:\/\/www.facebook.com\/KasperiKivistoSeura\" target=\"_blank\">\n\t\t\t\t\t\t<span class=\"elementor-button-content-wrapper\">\n\t\t\t\t\t\t\t\t\t<span class=\"elementor-button-text\">Facebook group of the Kasperi-Kivist\u00f6 club<\/span>\n\t\t\t\t\t<\/span>\n\t\t\t\t\t<\/a>\n\t\t<\/div>\n\t\t\t\t<\/div>\n\t\t\t\t<\/div>\n\t\t\t\t<div class=\"elementor-element elementor-element-54fa55dc elementor-widget elementor-widget-spacer\" data-id=\"54fa55dc\" data-element_type=\"widget\" data-widget_type=\"spacer.default\">\n\t\t\t\t<div class=\"elementor-widget-container\">\n\t\t\t\t\t<div class=\"elementor-spacer\">\n\t\t\t<div class=\"elementor-spacer-inner\"><\/div>\n\t\t<\/div>\n\t\t\t\t<\/div>\n\t\t\t\t<\/div>\n\t\t\t\t\t<\/div>\n\t\t<\/div>\n\t\t\t\t\t<\/div>\n\t\t<\/section>\n\t\t\t\t<\/div>","protected":false},"excerpt":{"rendered":"<p>Kasperi-Kivist\u00f6 Kasperi-Kivist\u00f6 Common spaces The function building, which is the heart of the residential area, has meeting, sauna and party rooms for rent. The shed of the Kasperi-Kivist\u00f6 club was completed in 2000. It is located along K\u00e4rjenlenk in Luomanmutka. Halliska&#039;s shed was completed in 2011. It is located along the Hallilanvuori fitness track, near the exit of the Kasper ball court. Halliska laavu offers barrier-free access to laavu experiences for everyone. Associations Kasperi-Kivist\u00f6 seura ry is a resident association that is [\u2026]<\/p>","protected":false},"author":8,"featured_media":0,"parent":240,"menu_order":0,"comment_status":"closed","ping_status":"closed","template":"elementor_header_footer","meta":{"_acf_changed":false,"footnotes":""},"class_list":["post-6033","page","type-page","status-publish","hentry"],"yoast_head":"<!-- This site is optimized with the Yoast SEO plugin v23.3 - https:\/\/yoast.com\/wordpress\/plugins\/seo\/ -->\n<title>Kasperi-Kivist\u00f6 - Liiveri<\/title>\n<meta name=\"robots\" content=\"index, follow, max-snippet:-1, max-image-preview:large, max-video-preview:-1\" \/>\n<link rel=\"canonical\" href=\"https:\/\/liiveri.net\/en\/kylat\/kylaesittelyt\/kasperi-kivisto\/\" \/>\n<meta property=\"og:locale\" content=\"en_GB\" \/>\n<meta property=\"og:type\" content=\"article\" \/>\n<meta property=\"og:title\" content=\"Kasperi-Kivist\u00f6 - Liiveri\" \/>\n<meta property=\"og:description\" content=\"Kasperi-Kivist\u00f6 Kasperi-Kivist\u00f6 Yhteiset tilat Toimintojentalolla, joka on asuinalueen syd\u00e4n, on vuokrattavia kokous-, sauna- ja juhlatiloja. Kasperi-Kivist\u00f6 seuran laavu valmistui vuonna 2000. Se sijaitsee K\u00e4rjenlenkin varrella Luomanmutkassa. Halliskan laavu valmisui vuonna 2011. Se sijaitsee Hallilanvuoren kuntoradan varrella, l\u00e4hell\u00e4 Kasperin pallokent\u00e4n liittym\u00e4\u00e4. Halliskan laavu tarjoaa esteett\u00f6m\u00e4n p\u00e4\u00e4syn laavuel\u00e4myksiin kaikille. Yhdistykset Kasperi-Kivist\u00f6 seura r.y. on asukasyhdistys, joka on [&hellip;]\" \/>\n<meta property=\"og:url\" content=\"https:\/\/liiveri.net\/en\/kylat\/kylaesittelyt\/kasperi-kivisto\/\" \/>\n<meta property=\"og:site_name\" content=\"Liiveri\" \/>\n<meta property=\"article:publisher\" content=\"https:\/\/www.facebook.com\/LeaderLiiveri\" \/>\n<meta property=\"article:modified_time\" content=\"2023-05-11T12:00:08+00:00\" \/>\n<meta property=\"og:image\" content=\"https:\/\/liiveri.net\/wp-content\/uploads\/2023\/02\/placeholder.png\" \/>\n\t<meta property=\"og:image:width\" content=\"1920\" \/>\n\t<meta property=\"og:image:height\" content=\"1080\" \/>\n\t<meta property=\"og:image:type\" content=\"image\/png\" \/>\n<meta name=\"twitter:card\" content=\"summary_large_image\" \/>\n<meta name=\"twitter:site\" content=\"@LeaderLiiveri\" \/>\n<meta name=\"twitter:label1\" content=\"Estimated reading time\" \/>\n\t<meta name=\"twitter:data1\" content=\"2 minutes\" \/>\n<script type=\"application\/ld+json\" class=\"yoast-schema-graph\">{\"@context\":\"https:\/\/schema.org\",\"@graph\":[{\"@type\":\"Article\",\"@id\":\"https:\/\/liiveri.net\/kylat\/kylaesittelyt\/kasperi-kivisto\/#article\",\"isPartOf\":{\"@id\":\"https:\/\/liiveri.net\/kylat\/kylaesittelyt\/kasperi-kivisto\/\"},\"author\":{\"name\":\"Anne Palohuhta\",\"@id\":\"https:\/\/liiveri.net\/#\/schema\/person\/695b3ac3ad86072b48f9d3dc46101495\"},\"headline\":\"Kasperi-Kivist\u00f6\",\"datePublished\":\"2023-04-27T05:53:55+00:00\",\"dateModified\":\"2023-05-11T12:00:08+00:00\",\"mainEntityOfPage\":{\"@id\":\"https:\/\/liiveri.net\/kylat\/kylaesittelyt\/kasperi-kivisto\/\"},\"wordCount\":332,\"publisher\":{\"@id\":\"https:\/\/liiveri.net\/#organization\"},\"inLanguage\":\"en-GB\"},{\"@type\":\"WebPage\",\"@id\":\"https:\/\/liiveri.net\/kylat\/kylaesittelyt\/kasperi-kivisto\/\",\"url\":\"https:\/\/liiveri.net\/kylat\/kylaesittelyt\/kasperi-kivisto\/\",\"name\":\"Kasperi-Kivist\u00f6 - Liiveri\",\"isPartOf\":{\"@id\":\"https:\/\/liiveri.net\/#website\"},\"datePublished\":\"2023-04-27T05:53:55+00:00\",\"dateModified\":\"2023-05-11T12:00:08+00:00\",\"breadcrumb\":{\"@id\":\"https:\/\/liiveri.net\/kylat\/kylaesittelyt\/kasperi-kivisto\/#breadcrumb\"},\"inLanguage\":\"en-GB\",\"potentialAction\":[{\"@type\":\"ReadAction\",\"target\":[\"https:\/\/liiveri.net\/kylat\/kylaesittelyt\/kasperi-kivisto\/\"]}]},{\"@type\":\"BreadcrumbList\",\"@id\":\"https:\/\/liiveri.net\/kylat\/kylaesittelyt\/kasperi-kivisto\/#breadcrumb\",\"itemListElement\":[{\"@type\":\"ListItem\",\"position\":1,\"name\":\"Etusivu\",\"item\":\"https:\/\/liiveri.net\/\"},{\"@type\":\"ListItem\",\"position\":2,\"name\":\"Kyl\u00e4t\",\"item\":\"https:\/\/liiveri.net\/kylat\/\"},{\"@type\":\"ListItem\",\"position\":3,\"name\":\"Kyl\u00e4esittelyt\",\"item\":\"https:\/\/liiveri.net\/kylat\/kylaesittelyt\/\"},{\"@type\":\"ListItem\",\"position\":4,\"name\":\"Kasperi-Kivist\u00f6\"}]},{\"@type\":\"WebSite\",\"@id\":\"https:\/\/liiveri.net\/#website\",\"url\":\"https:\/\/liiveri.net\/\",\"name\":\"Liiveri - Kehitt\u00e4misyhdistys\",\"description\":\"REILU RAHOITTAJA PALVELUKSESSASI\",\"publisher\":{\"@id\":\"https:\/\/liiveri.net\/#organization\"},\"potentialAction\":[{\"@type\":\"SearchAction\",\"target\":{\"@type\":\"EntryPoint\",\"urlTemplate\":\"https:\/\/liiveri.net\/?s={search_term_string}\"},\"query-input\":\"required name=search_term_string\"}],\"inLanguage\":\"en-GB\"},{\"@type\":\"Organization\",\"@id\":\"https:\/\/liiveri.net\/#organization\",\"name\":\"Kehitt\u00e4misyhdistys Liiveri ry\",\"url\":\"https:\/\/liiveri.net\/\",\"logo\":{\"@type\":\"ImageObject\",\"inLanguage\":\"en-GB\",\"@id\":\"https:\/\/liiveri.net\/#\/schema\/logo\/image\/\",\"url\":\"https:\/\/liiveri.net\/wp-content\/uploads\/2023\/02\/placeholder.png\",\"contentUrl\":\"https:\/\/liiveri.net\/wp-content\/uploads\/2023\/02\/placeholder.png\",\"width\":1920,\"height\":1080,\"caption\":\"Kehitt\u00e4misyhdistys Liiveri ry\"},\"image\":{\"@id\":\"https:\/\/liiveri.net\/#\/schema\/logo\/image\/\"},\"sameAs\":[\"https:\/\/www.facebook.com\/LeaderLiiveri\",\"https:\/\/x.com\/LeaderLiiveri\",\"https:\/\/www.instagram.com\/leaderliiveri\/\"]},{\"@type\":\"Person\",\"@id\":\"https:\/\/liiveri.net\/#\/schema\/person\/695b3ac3ad86072b48f9d3dc46101495\",\"name\":\"Anne Palohuhta\",\"image\":{\"@type\":\"ImageObject\",\"inLanguage\":\"en-GB\",\"@id\":\"https:\/\/liiveri.net\/#\/schema\/person\/image\/\",\"url\":\"https:\/\/liiveri.net\/wp-content\/litespeed\/avatar\/1\/d82383b70a738698a450c9a9e67b0baa.jpg?ver=1776282614\",\"contentUrl\":\"https:\/\/liiveri.net\/wp-content\/litespeed\/avatar\/1\/d82383b70a738698a450c9a9e67b0baa.jpg?ver=1776282614\",\"caption\":\"Anne Palohuhta\"},\"url\":\"https:\/\/liiveri.net\/en\/uutiset\/author\/anne-palohuhta\/\"}]}<\/script>\n<!-- \/ Yoast SEO plugin. -->","yoast_head_json":{"title":"Kasperi-Kivist\u00f6 - Liiveri","robots":{"index":"index","follow":"follow","max-snippet":"max-snippet:-1","max-image-preview":"max-image-preview:large","max-video-preview":"max-video-preview:-1"},"canonical":"https:\/\/liiveri.net\/en\/kylat\/kylaesittelyt\/kasperi-kivisto\/","og_locale":"en_GB","og_type":"article","og_title":"Kasperi-Kivist\u00f6 - Liiveri","og_description":"Kasperi-Kivist\u00f6 Kasperi-Kivist\u00f6 Yhteiset tilat Toimintojentalolla, joka on asuinalueen syd\u00e4n, on vuokrattavia kokous-, sauna- ja juhlatiloja. Kasperi-Kivist\u00f6 seuran laavu valmistui vuonna 2000. Se sijaitsee K\u00e4rjenlenkin varrella Luomanmutkassa. Halliskan laavu valmisui vuonna 2011. Se sijaitsee Hallilanvuoren kuntoradan varrella, l\u00e4hell\u00e4 Kasperin pallokent\u00e4n liittym\u00e4\u00e4. Halliskan laavu tarjoaa esteett\u00f6m\u00e4n p\u00e4\u00e4syn laavuel\u00e4myksiin kaikille. Yhdistykset Kasperi-Kivist\u00f6 seura r.y. on asukasyhdistys, joka on [&hellip;]","og_url":"https:\/\/liiveri.net\/en\/kylat\/kylaesittelyt\/kasperi-kivisto\/","og_site_name":"Liiveri","article_publisher":"https:\/\/www.facebook.com\/LeaderLiiveri","article_modified_time":"2023-05-11T12:00:08+00:00","og_image":[{"width":1920,"height":1080,"url":"https:\/\/liiveri.net\/wp-content\/uploads\/2023\/02\/placeholder.png","type":"image\/png"}],"twitter_card":"summary_large_image","twitter_site":"@LeaderLiiveri","twitter_misc":{"Estimated reading time":"2 minutes"},"schema":{"@context":"https:\/\/schema.org","@graph":[{"@type":"Article","@id":"https:\/\/liiveri.net\/kylat\/kylaesittelyt\/kasperi-kivisto\/#article","isPartOf":{"@id":"https:\/\/liiveri.net\/kylat\/kylaesittelyt\/kasperi-kivisto\/"},"author":{"name":"Anne Palohuhta","@id":"https:\/\/liiveri.net\/#\/schema\/person\/695b3ac3ad86072b48f9d3dc46101495"},"headline":"Kasperi-Kivist\u00f6","datePublished":"2023-04-27T05:53:55+00:00","dateModified":"2023-05-11T12:00:08+00:00","mainEntityOfPage":{"@id":"https:\/\/liiveri.net\/kylat\/kylaesittelyt\/kasperi-kivisto\/"},"wordCount":332,"publisher":{"@id":"https:\/\/liiveri.net\/#organization"},"inLanguage":"en-GB"},{"@type":"WebPage","@id":"https:\/\/liiveri.net\/kylat\/kylaesittelyt\/kasperi-kivisto\/","url":"https:\/\/liiveri.net\/kylat\/kylaesittelyt\/kasperi-kivisto\/","name":"Kasperi-Kivist\u00f6 - Liiveri","isPartOf":{"@id":"https:\/\/liiveri.net\/#website"},"datePublished":"2023-04-27T05:53:55+00:00","dateModified":"2023-05-11T12:00:08+00:00","breadcrumb":{"@id":"https:\/\/liiveri.net\/kylat\/kylaesittelyt\/kasperi-kivisto\/#breadcrumb"},"inLanguage":"en-GB","potentialAction":[{"@type":"ReadAction","target":["https:\/\/liiveri.net\/kylat\/kylaesittelyt\/kasperi-kivisto\/"]}]},{"@type":"BreadcrumbList","@id":"https:\/\/liiveri.net\/kylat\/kylaesittelyt\/kasperi-kivisto\/#breadcrumb","itemListElement":[{"@type":"ListItem","position":1,"name":"Etusivu","item":"https:\/\/liiveri.net\/"},{"@type":"ListItem","position":2,"name":"Kyl\u00e4t","item":"https:\/\/liiveri.net\/kylat\/"},{"@type":"ListItem","position":3,"name":"Kyl\u00e4esittelyt","item":"https:\/\/liiveri.net\/kylat\/kylaesittelyt\/"},{"@type":"ListItem","position":4,"name":"Kasperi-Kivist\u00f6"}]},{"@type":"WebSite","@id":"https:\/\/liiveri.net\/#website","url":"https:\/\/liiveri.net\/","name":"Liiveri - Kehitt\u00e4misyhdistys","description":"REILU RAHOITTAJA PALVELUKSESSASI","publisher":{"@id":"https:\/\/liiveri.net\/#organization"},"potentialAction":[{"@type":"SearchAction","target":{"@type":"EntryPoint","urlTemplate":"https:\/\/liiveri.net\/?s={search_term_string}"},"query-input":"required name=search_term_string"}],"inLanguage":"en-GB"},{"@type":"Organization","@id":"https:\/\/liiveri.net\/#organization","name":"Kehitt\u00e4misyhdistys Liiveri ry","url":"https:\/\/liiveri.net\/","logo":{"@type":"ImageObject","inLanguage":"en-GB","@id":"https:\/\/liiveri.net\/#\/schema\/logo\/image\/","url":"https:\/\/liiveri.net\/wp-content\/uploads\/2023\/02\/placeholder.png","contentUrl":"https:\/\/liiveri.net\/wp-content\/uploads\/2023\/02\/placeholder.png","width":1920,"height":1080,"caption":"Kehitt\u00e4misyhdistys Liiveri ry"},"image":{"@id":"https:\/\/liiveri.net\/#\/schema\/logo\/image\/"},"sameAs":["https:\/\/www.facebook.com\/LeaderLiiveri","https:\/\/x.com\/LeaderLiiveri","https:\/\/www.instagram.com\/leaderliiveri\/"]},{"@type":"Person","@id":"https:\/\/liiveri.net\/#\/schema\/person\/695b3ac3ad86072b48f9d3dc46101495","name":"Anne Palohuhta","image":{"@type":"ImageObject","inLanguage":"en-GB","@id":"https:\/\/liiveri.net\/#\/schema\/person\/image\/","url":"https:\/\/liiveri.net\/wp-content\/litespeed\/avatar\/1\/d82383b70a738698a450c9a9e67b0baa.jpg?ver=1776282614","contentUrl":"https:\/\/liiveri.net\/wp-content\/litespeed\/avatar\/1\/d82383b70a738698a450c9a9e67b0baa.jpg?ver=1776282614","caption":"Anne Palohuhta"},"url":"https:\/\/liiveri.net\/en\/uutiset\/author\/anne-palohuhta\/"}]}},"acf":[],"_links":{"self":[{"href":"https:\/\/liiveri.net\/en\/wp-json\/wp\/v2\/pages\/6033","targetHints":{"allow":["GET"]}}],"collection":[{"href":"https:\/\/liiveri.net\/en\/wp-json\/wp\/v2\/pages"}],"about":[{"href":"https:\/\/liiveri.net\/en\/wp-json\/wp\/v2\/types\/page"}],"author":[{"embeddable":true,"href":"https:\/\/liiveri.net\/en\/wp-json\/wp\/v2\/users\/8"}],"replies":[{"embeddable":true,"href":"https:\/\/liiveri.net\/en\/wp-json\/wp\/v2\/comments?post=6033"}],"version-history":[{"count":0,"href":"https:\/\/liiveri.net\/en\/wp-json\/wp\/v2\/pages\/6033\/revisions"}],"up":[{"embeddable":true,"href":"https:\/\/liiveri.net\/en\/wp-json\/wp\/v2\/pages\/240"}],"wp:attachment":[{"href":"https:\/\/liiveri.net\/en\/wp-json\/wp\/v2\/media?parent=6033"}],"curies":[{"name":"wp","href":"https:\/\/api.w.org\/{rel}","templated":true}]}}