{"id":6066,"date":"2023-04-27T12:57:55","date_gmt":"2023-04-27T09:57:55","guid":{"rendered":"https:\/\/liiveri.net\/kylat\/kylaesittelyt\/huissinkyla-2\/"},"modified":"2023-05-11T15:01:34","modified_gmt":"2023-05-11T12:01:34","slug":"karki","status":"publish","type":"page","link":"https:\/\/liiveri.net\/en\/kylat\/kylaesittelyt\/karki\/","title":{"rendered":"K\u00e4rki"},"content":{"rendered":"<div data-elementor-type=\"wp-page\" data-elementor-id=\"6066\" class=\"elementor elementor-6066\">\n\t\t\t\t\t\t<section class=\"elementor-section elementor-top-section elementor-element elementor-element-354c1aef elementor-section-height-min-height elementor-section-boxed elementor-section-height-default elementor-section-items-middle\" data-id=\"354c1aef\" data-element_type=\"section\" data-settings=\"{&quot;background_background&quot;:&quot;classic&quot;}\">\n\t\t\t\t\t\t<div class=\"elementor-container elementor-column-gap-default\">\n\t\t\t\t\t<div class=\"elementor-column elementor-col-100 elementor-top-column elementor-element elementor-element-294ead1f\" data-id=\"294ead1f\" data-element_type=\"column\">\n\t\t\t<div class=\"elementor-widget-wrap elementor-element-populated\">\n\t\t\t\t\t\t<div class=\"elementor-element elementor-element-6e9037d elementor-widget elementor-widget-heading\" data-id=\"6e9037d\" data-element_type=\"widget\" data-widget_type=\"heading.default\">\n\t\t\t\t<div class=\"elementor-widget-container\">\n\t\t\t<style>\/*! elementor - v3.23.0 - 05-08-2024 *\/\n.elementor-heading-title{padding:0;margin:0;line-height:1}.elementor-widget-heading .elementor-heading-title[class*=elementor-size-]>a{color:inherit;font-size:inherit;line-height:inherit}.elementor-widget-heading .elementor-heading-title.elementor-size-small{font-size:15px}.elementor-widget-heading .elementor-heading-title.elementor-size-medium{font-size:19px}.elementor-widget-heading .elementor-heading-title.elementor-size-large{font-size:29px}.elementor-widget-heading .elementor-heading-title.elementor-size-xl{font-size:39px}.elementor-widget-heading .elementor-heading-title.elementor-size-xxl{font-size:59px}<\/style><h1 class=\"elementor-heading-title elementor-size-default\">K\u00e4rki<\/h1>\t\t<\/div>\n\t\t\t\t<\/div>\n\t\t\t\t\t<\/div>\n\t\t<\/div>\n\t\t\t\t\t<\/div>\n\t\t<\/section>\n\t\t\t\t<section class=\"elementor-section elementor-top-section elementor-element elementor-element-5572e7be elementor-section-boxed elementor-section-height-default elementor-section-height-default\" data-id=\"5572e7be\" data-element_type=\"section\">\n\t\t\t\t\t\t<div class=\"elementor-container elementor-column-gap-default\">\n\t\t\t\t\t<div class=\"elementor-column elementor-col-100 elementor-top-column elementor-element elementor-element-316da01f\" data-id=\"316da01f\" data-element_type=\"column\">\n\t\t\t<div class=\"elementor-widget-wrap elementor-element-populated\">\n\t\t\t\t\t\t<div class=\"elementor-element elementor-element-32e71314 elementor-widget elementor-widget-shortcode\" data-id=\"32e71314\" data-element_type=\"widget\" data-widget_type=\"shortcode.default\">\n\t\t\t\t<div class=\"elementor-widget-container\">\n\t\t\t\t\t<div class=\"elementor-shortcode\"><span><span><a href=\"https:\/\/liiveri.net\/en\/\">Front page<\/a><\/span><\/span><\/div>\n\t\t\t\t<\/div>\n\t\t\t\t<\/div>\n\t\t\t\t<div class=\"elementor-element elementor-element-114eb8a8 elementor-widget elementor-widget-spacer\" data-id=\"114eb8a8\" data-element_type=\"widget\" data-widget_type=\"spacer.default\">\n\t\t\t\t<div class=\"elementor-widget-container\">\n\t\t\t<style>\/*! elementor - v3.23.0 - 05-08-2024 *\/\n.elementor-column .elementor-spacer-inner{height:var(--spacer-size)}.e-con{--container-widget-width:100%}.e-con-inner>.elementor-widget-spacer,.e-con>.elementor-widget-spacer{width:var(--container-widget-width,var(--spacer-size));--align-self:var(--container-widget-align-self,initial);--flex-shrink:0}.e-con-inner>.elementor-widget-spacer>.elementor-widget-container,.e-con>.elementor-widget-spacer>.elementor-widget-container{height:100%;width:100%}.e-con-inner>.elementor-widget-spacer>.elementor-widget-container>.elementor-spacer,.e-con>.elementor-widget-spacer>.elementor-widget-container>.elementor-spacer{height:100%}.e-con-inner>.elementor-widget-spacer>.elementor-widget-container>.elementor-spacer>.elementor-spacer-inner,.e-con>.elementor-widget-spacer>.elementor-widget-container>.elementor-spacer>.elementor-spacer-inner{height:var(--container-widget-height,var(--spacer-size))}.e-con-inner>.elementor-widget-spacer.elementor-widget-empty,.e-con>.elementor-widget-spacer.elementor-widget-empty{position:relative;min-height:22px;min-width:22px}.e-con-inner>.elementor-widget-spacer.elementor-widget-empty .elementor-widget-empty-icon,.e-con>.elementor-widget-spacer.elementor-widget-empty .elementor-widget-empty-icon{position:absolute;top:0;bottom:0;left:0;right:0;margin:auto;padding:0;width:22px;height:22px}<\/style>\t\t<div class=\"elementor-spacer\">\n\t\t\t<div class=\"elementor-spacer-inner\"><\/div>\n\t\t<\/div>\n\t\t\t\t<\/div>\n\t\t\t\t<\/div>\n\t\t\t\t\t<\/div>\n\t\t<\/div>\n\t\t\t\t\t<\/div>\n\t\t<\/section>\n\t\t\t\t<section class=\"elementor-section elementor-top-section elementor-element elementor-element-189c2b4 elementor-section-boxed elementor-section-height-default elementor-section-height-default\" data-id=\"189c2b4\" data-element_type=\"section\">\n\t\t\t\t\t\t<div class=\"elementor-container elementor-column-gap-default\">\n\t\t\t\t\t<div class=\"elementor-column elementor-col-100 elementor-top-column elementor-element elementor-element-b387b64\" data-id=\"b387b64\" data-element_type=\"column\">\n\t\t\t<div class=\"elementor-widget-wrap elementor-element-populated\">\n\t\t\t\t\t\t<div class=\"elementor-element elementor-element-0dacc11 elementor-widget elementor-widget-text-editor\" data-id=\"0dacc11\" data-element_type=\"widget\" data-widget_type=\"text-editor.default\">\n\t\t\t\t<div class=\"elementor-widget-container\">\n\t\t\t<style>\/*! elementor - v3.23.0 - 05-08-2024 *\/\n.elementor-widget-text-editor.elementor-drop-cap-view-stacked .elementor-drop-cap{background-color:#69727d;color:#fff}.elementor-widget-text-editor.elementor-drop-cap-view-framed .elementor-drop-cap{color:#69727d;border:3px solid;background-color:transparent}.elementor-widget-text-editor:not(.elementor-drop-cap-view-default) .elementor-drop-cap{margin-top:8px}.elementor-widget-text-editor:not(.elementor-drop-cap-view-default) .elementor-drop-cap-letter{width:1em;height:1em}.elementor-widget-text-editor .elementor-drop-cap{float:left;text-align:center;line-height:1;font-size:50px}.elementor-widget-text-editor .elementor-drop-cap-letter{display:inline-block}<\/style>\t\t\t\t<h1>K\u00e4rki<\/h1>\n<p>K\u00e4rki is close to nature, cozy and child-friendly. It is located south of Sein\u00e4joki. T\u00f6rn\u00e4v\u00e4ntie, which runs through K\u00e4rje, leads to Sein\u00e4joki Per\u00e4sein\u00e4joki. Through K\u00e4rje you can get to the new bypass road on the south side, from which you can easily reach Tampere, Jyv\u00e4skyl\u00e4 and Lapua.<\/p>\n<p><br><\/p>\n<h2>Common spaces and hobby opportunities<\/h2>\n<p>The school hall and facilities for afternoon activities are available if necessary. In K\u00e4rje&#039;s school hall, you can practice many kinds of sports. The hall is actively used, e.g. baseball players, volleyball players, competitive aerobic dancers and floorball players. Outdoor trails.<\/p>\n<p><br><\/p>\n<h2>Associations operating in the area<\/h2>\n<p>K\u00e4rki-seura ry.<\/p>\n<p><br><\/p>\n<h2>Village events<\/h2>\n<p>The events organized by K\u00e4rki-seura ry vary every year.<\/p>\n<p><br><\/p>\n<h2>Services&nbsp;<\/h2>\n<p>In the area there is a school, a convenience store, a pizza corner, a post office, a dentist&#039;s office, a playground and a daycare center, where an eskari also works. In addition, the congregation offers day club activities. There is also an elderly service unit in the area, which specializes in dementia care. The library car stops at least at Palok\u00e4rjentaipale, in the yard of the K-shop, in the school yard and at Jahtitaipale.<\/p>\n<p><br><\/p>\n<h2>Village business<\/h2>\n<p>At the top are small businesses in various fields.<\/p>\n<p><br><\/p>\n<h2>The strengths of the village<\/h2>\n<p>My own school, where grades 1 \u2013 6 work. A daycare center, where the eskari also works. A local store that offers a high-quality postal service.<\/p>\n<p><br><\/p>\n<h2>The future possibilities of our village<\/h2>\n<p>Offer up-to-date teaching, preschool and day care. Local sports and outdoor opportunities for everyone.<\/p>\n<p><br><\/p>\n<h2>The most important areas of development in the village<\/h2>\n<p>School, daycare center, counseling center, youth facilities, proper lighting for park areas, sledding hill, more garbage and park benches. There should be three skating rinks, a rink, a bigger rink and a small practice area for beginners. Development and renovation of the park next to the school, playground equipment and equipment renovation in the park, so that it is safe and comfortable to play. Cycle paths and their poor condition, public transport very inadequate. There could be more cooperation with city operators in events organized by residents&#039; associations. It would also be worthwhile to think about e.g. the amount of rents for sports facilities, especially from residents&#039; associations or other local adult actors.<\/p>\n<p><br><\/p>\n<h2>Threats to avoid<\/h2>\n<p>Unsafe and poorly maintained light traffic routes and routes to schools (K\u00e4rjen school and Pruuk unified school) are a threat. Lack of youth facilities, young people gather in the front yard of the school in front of the doors. The traffic of mopeds, motorcycles and moped cars along the park corridors. With better planning, cooperation with the city and decent facilities and human resources for children and youth work, threats can be prevented from happening. Counseling services back in K\u00e4rke, there are a lot of families with children in the area.<\/p>\n<p><br><\/p>\n<h2>Construction sites<\/h2>\n<p>The tip is rapidly expanding towards the south towards the new bypass road.<\/p>\n<p><br><\/p>\n<h2>Special features<\/h2>\n<p>Historical landscape facing T\u00f6rn\u00e4v\u00e4.<\/p>\n<p><br><\/p>\n<p><span style=\"color: var( --e-global-color-text );font-size: 1rem\">Updated on October 19, 2017<\/span><\/p>\t\t\t\t\t\t<\/div>\n\t\t\t\t<\/div>\n\t\t\t\t\t<\/div>\n\t\t<\/div>\n\t\t\t\t\t<\/div>\n\t\t<\/section>\n\t\t\t\t<section class=\"elementor-section elementor-top-section elementor-element elementor-element-5b6c5aac elementor-section-boxed elementor-section-height-default elementor-section-height-default\" data-id=\"5b6c5aac\" data-element_type=\"section\">\n\t\t\t\t\t\t\t<div class=\"elementor-background-overlay\"><\/div>\n\t\t\t\t\t\t\t<div class=\"elementor-container elementor-column-gap-default\">\n\t\t\t\t\t<div class=\"elementor-column elementor-col-100 elementor-top-column elementor-element elementor-element-6f80850a\" data-id=\"6f80850a\" data-element_type=\"column\">\n\t\t\t<div class=\"elementor-widget-wrap elementor-element-populated\">\n\t\t\t\t\t\t<div class=\"elementor-element elementor-element-23b5ead2 elementor-widget elementor-widget-spacer\" data-id=\"23b5ead2\" data-element_type=\"widget\" data-widget_type=\"spacer.default\">\n\t\t\t\t<div class=\"elementor-widget-container\">\n\t\t\t\t\t<div class=\"elementor-spacer\">\n\t\t\t<div class=\"elementor-spacer-inner\"><\/div>\n\t\t<\/div>\n\t\t\t\t<\/div>\n\t\t\t\t<\/div>\n\t\t\t\t<div class=\"elementor-element elementor-element-58c01d5e elementor-widget elementor-widget-text-editor\" data-id=\"58c01d5e\" data-element_type=\"widget\" data-widget_type=\"text-editor.default\">\n\t\t\t\t<div class=\"elementor-widget-container\">\n\t\t\t\t\t\t\t<h3 style=\"text-align: center\">K\u00e4rki-seura ry<\/h3><p style=\"text-align: center\">principal Marjo Niskanen<br \/>karkiseura@gmail.com<\/p>\t\t\t\t\t\t<\/div>\n\t\t\t\t<\/div>\n\t\t\t\t<div class=\"elementor-element elementor-element-33d66e60 elementor-align-center elementor-widget elementor-widget-button\" data-id=\"33d66e60\" data-element_type=\"widget\" data-widget_type=\"button.default\">\n\t\t\t\t<div class=\"elementor-widget-container\">\n\t\t\t\t\t<div class=\"elementor-button-wrapper\">\n\t\t\t<a class=\"elementor-button elementor-button-link elementor-size-md\" href=\"https:\/\/www.facebook.com\/KarkiSeura\" target=\"_blank\">\n\t\t\t\t\t\t<span class=\"elementor-button-content-wrapper\">\n\t\t\t\t\t\t\t\t\t<span class=\"elementor-button-text\">K\u00e4rki club&#039;s Facebook group<\/span>\n\t\t\t\t\t<\/span>\n\t\t\t\t\t<\/a>\n\t\t<\/div>\n\t\t\t\t<\/div>\n\t\t\t\t<\/div>\n\t\t\t\t<div class=\"elementor-element elementor-element-54fa55dc elementor-widget elementor-widget-spacer\" data-id=\"54fa55dc\" data-element_type=\"widget\" data-widget_type=\"spacer.default\">\n\t\t\t\t<div class=\"elementor-widget-container\">\n\t\t\t\t\t<div class=\"elementor-spacer\">\n\t\t\t<div class=\"elementor-spacer-inner\"><\/div>\n\t\t<\/div>\n\t\t\t\t<\/div>\n\t\t\t\t<\/div>\n\t\t\t\t\t<\/div>\n\t\t<\/div>\n\t\t\t\t\t<\/div>\n\t\t<\/section>\n\t\t\t\t<\/div>","protected":false},"excerpt":{"rendered":"<p>K\u00e4rki K\u00e4rki K\u00e4rki is close to nature, cozy and child-friendly. It is located south of Sein\u00e4joki. T\u00f6rn\u00e4v\u00e4ntie, which runs through K\u00e4rje, leads to Sein\u00e4joki Per\u00e4sein\u00e4joki. Through K\u00e4rje you can get to the new bypass road on the south side, from which you can easily reach Tampere, Jyv\u00e4skyl\u00e4 and Lapua. Common facilities and hobby opportunities The school hall and facilities for afternoon activities are available if necessary. In K\u00e4rje&#039;s school hall, you can practice many kinds of sports. The hall is actively [...]<\/p>","protected":false},"author":8,"featured_media":0,"parent":240,"menu_order":0,"comment_status":"closed","ping_status":"closed","template":"elementor_header_footer","meta":{"_acf_changed":false,"footnotes":""},"class_list":["post-6066","page","type-page","status-publish","hentry"],"yoast_head":"<!-- This site is optimized with the Yoast SEO plugin v23.3 - https:\/\/yoast.com\/wordpress\/plugins\/seo\/ -->\n<title>K\u00e4rki - Liiveri<\/title>\n<meta name=\"robots\" content=\"index, follow, max-snippet:-1, max-image-preview:large, max-video-preview:-1\" \/>\n<link rel=\"canonical\" href=\"https:\/\/liiveri.net\/en\/kylat\/kylaesittelyt\/karki\/\" \/>\n<meta property=\"og:locale\" content=\"en_GB\" \/>\n<meta property=\"og:type\" content=\"article\" \/>\n<meta property=\"og:title\" content=\"K\u00e4rki - Liiveri\" \/>\n<meta property=\"og:description\" content=\"K\u00e4rki K\u00e4rki K\u00e4rki on luonnonl\u00e4heinen, viihtyis\u00e4 ja lapsiyst\u00e4v\u00e4llinen. Se&nbsp; sijaitsee Sein\u00e4joen etel\u00e4puolella. K\u00e4rjen halki kulkeva T\u00f6rn\u00e4v\u00e4ntie johtaa Sein\u00e4joen Per\u00e4sein\u00e4joelle. K\u00e4rjen kautta p\u00e4\u00e4see uudelle etel\u00e4npuoleiselle ohikulkutielle, josta p\u00e4\u00e4see k\u00e4tev\u00e4sti kohti Tamperetta, Jyv\u00e4skyl\u00e4\u00e4 sek\u00e4 Lapuaa. Yhteiset tilat ja harrastusmahdollisuudet Koulun sali ja iltap\u00e4iv\u00e4toiminnan tilat tarvittaessa ovat k\u00e4ytett\u00e4viss\u00e4. K\u00e4rjen koulun salissa voi harrastaa monenmoista liikuntaharrastusta. Sali onkin aktiivisesti [&hellip;]\" \/>\n<meta property=\"og:url\" content=\"https:\/\/liiveri.net\/en\/kylat\/kylaesittelyt\/karki\/\" \/>\n<meta property=\"og:site_name\" content=\"Liiveri\" \/>\n<meta property=\"article:publisher\" content=\"https:\/\/www.facebook.com\/LeaderLiiveri\" \/>\n<meta property=\"article:modified_time\" content=\"2023-05-11T12:01:34+00:00\" \/>\n<meta property=\"og:image\" content=\"https:\/\/liiveri.net\/wp-content\/uploads\/2023\/02\/placeholder.png\" \/>\n\t<meta property=\"og:image:width\" content=\"1920\" \/>\n\t<meta property=\"og:image:height\" content=\"1080\" \/>\n\t<meta property=\"og:image:type\" content=\"image\/png\" \/>\n<meta name=\"twitter:card\" content=\"summary_large_image\" \/>\n<meta name=\"twitter:site\" content=\"@LeaderLiiveri\" \/>\n<meta name=\"twitter:label1\" content=\"Estimated reading time\" \/>\n\t<meta name=\"twitter:data1\" content=\"2 minutes\" \/>\n<script type=\"application\/ld+json\" class=\"yoast-schema-graph\">{\"@context\":\"https:\/\/schema.org\",\"@graph\":[{\"@type\":\"Article\",\"@id\":\"https:\/\/liiveri.net\/kylat\/kylaesittelyt\/karki\/#article\",\"isPartOf\":{\"@id\":\"https:\/\/liiveri.net\/kylat\/kylaesittelyt\/karki\/\"},\"author\":{\"name\":\"Anne Palohuhta\",\"@id\":\"https:\/\/liiveri.net\/#\/schema\/person\/695b3ac3ad86072b48f9d3dc46101495\"},\"headline\":\"K\u00e4rki\",\"datePublished\":\"2023-04-27T09:57:55+00:00\",\"dateModified\":\"2023-05-11T12:01:34+00:00\",\"mainEntityOfPage\":{\"@id\":\"https:\/\/liiveri.net\/kylat\/kylaesittelyt\/karki\/\"},\"wordCount\":416,\"publisher\":{\"@id\":\"https:\/\/liiveri.net\/#organization\"},\"inLanguage\":\"en-GB\"},{\"@type\":\"WebPage\",\"@id\":\"https:\/\/liiveri.net\/kylat\/kylaesittelyt\/karki\/\",\"url\":\"https:\/\/liiveri.net\/kylat\/kylaesittelyt\/karki\/\",\"name\":\"K\u00e4rki - Liiveri\",\"isPartOf\":{\"@id\":\"https:\/\/liiveri.net\/#website\"},\"datePublished\":\"2023-04-27T09:57:55+00:00\",\"dateModified\":\"2023-05-11T12:01:34+00:00\",\"breadcrumb\":{\"@id\":\"https:\/\/liiveri.net\/kylat\/kylaesittelyt\/karki\/#breadcrumb\"},\"inLanguage\":\"en-GB\",\"potentialAction\":[{\"@type\":\"ReadAction\",\"target\":[\"https:\/\/liiveri.net\/kylat\/kylaesittelyt\/karki\/\"]}]},{\"@type\":\"BreadcrumbList\",\"@id\":\"https:\/\/liiveri.net\/kylat\/kylaesittelyt\/karki\/#breadcrumb\",\"itemListElement\":[{\"@type\":\"ListItem\",\"position\":1,\"name\":\"Etusivu\",\"item\":\"https:\/\/liiveri.net\/\"},{\"@type\":\"ListItem\",\"position\":2,\"name\":\"Kyl\u00e4t\",\"item\":\"https:\/\/liiveri.net\/kylat\/\"},{\"@type\":\"ListItem\",\"position\":3,\"name\":\"Kyl\u00e4esittelyt\",\"item\":\"https:\/\/liiveri.net\/kylat\/kylaesittelyt\/\"},{\"@type\":\"ListItem\",\"position\":4,\"name\":\"K\u00e4rki\"}]},{\"@type\":\"WebSite\",\"@id\":\"https:\/\/liiveri.net\/#website\",\"url\":\"https:\/\/liiveri.net\/\",\"name\":\"Liiveri - Kehitt\u00e4misyhdistys\",\"description\":\"REILU RAHOITTAJA PALVELUKSESSASI\",\"publisher\":{\"@id\":\"https:\/\/liiveri.net\/#organization\"},\"potentialAction\":[{\"@type\":\"SearchAction\",\"target\":{\"@type\":\"EntryPoint\",\"urlTemplate\":\"https:\/\/liiveri.net\/?s={search_term_string}\"},\"query-input\":\"required name=search_term_string\"}],\"inLanguage\":\"en-GB\"},{\"@type\":\"Organization\",\"@id\":\"https:\/\/liiveri.net\/#organization\",\"name\":\"Kehitt\u00e4misyhdistys Liiveri ry\",\"url\":\"https:\/\/liiveri.net\/\",\"logo\":{\"@type\":\"ImageObject\",\"inLanguage\":\"en-GB\",\"@id\":\"https:\/\/liiveri.net\/#\/schema\/logo\/image\/\",\"url\":\"https:\/\/liiveri.net\/wp-content\/uploads\/2023\/02\/placeholder.png\",\"contentUrl\":\"https:\/\/liiveri.net\/wp-content\/uploads\/2023\/02\/placeholder.png\",\"width\":1920,\"height\":1080,\"caption\":\"Kehitt\u00e4misyhdistys Liiveri ry\"},\"image\":{\"@id\":\"https:\/\/liiveri.net\/#\/schema\/logo\/image\/\"},\"sameAs\":[\"https:\/\/www.facebook.com\/LeaderLiiveri\",\"https:\/\/x.com\/LeaderLiiveri\",\"https:\/\/www.instagram.com\/leaderliiveri\/\"]},{\"@type\":\"Person\",\"@id\":\"https:\/\/liiveri.net\/#\/schema\/person\/695b3ac3ad86072b48f9d3dc46101495\",\"name\":\"Anne Palohuhta\",\"image\":{\"@type\":\"ImageObject\",\"inLanguage\":\"en-GB\",\"@id\":\"https:\/\/liiveri.net\/#\/schema\/person\/image\/\",\"url\":\"https:\/\/liiveri.net\/wp-content\/litespeed\/avatar\/1\/d82383b70a738698a450c9a9e67b0baa.jpg?ver=1777493162\",\"contentUrl\":\"https:\/\/liiveri.net\/wp-content\/litespeed\/avatar\/1\/d82383b70a738698a450c9a9e67b0baa.jpg?ver=1777493162\",\"caption\":\"Anne Palohuhta\"},\"url\":\"https:\/\/liiveri.net\/en\/uutiset\/author\/anne-palohuhta\/\"}]}<\/script>\n<!-- \/ Yoast SEO plugin. -->","yoast_head_json":{"title":"K\u00e4rki - Liiveri","robots":{"index":"index","follow":"follow","max-snippet":"max-snippet:-1","max-image-preview":"max-image-preview:large","max-video-preview":"max-video-preview:-1"},"canonical":"https:\/\/liiveri.net\/en\/kylat\/kylaesittelyt\/karki\/","og_locale":"en_GB","og_type":"article","og_title":"K\u00e4rki - Liiveri","og_description":"K\u00e4rki K\u00e4rki K\u00e4rki on luonnonl\u00e4heinen, viihtyis\u00e4 ja lapsiyst\u00e4v\u00e4llinen. Se&nbsp; sijaitsee Sein\u00e4joen etel\u00e4puolella. K\u00e4rjen halki kulkeva T\u00f6rn\u00e4v\u00e4ntie johtaa Sein\u00e4joen Per\u00e4sein\u00e4joelle. K\u00e4rjen kautta p\u00e4\u00e4see uudelle etel\u00e4npuoleiselle ohikulkutielle, josta p\u00e4\u00e4see k\u00e4tev\u00e4sti kohti Tamperetta, Jyv\u00e4skyl\u00e4\u00e4 sek\u00e4 Lapuaa. Yhteiset tilat ja harrastusmahdollisuudet Koulun sali ja iltap\u00e4iv\u00e4toiminnan tilat tarvittaessa ovat k\u00e4ytett\u00e4viss\u00e4. K\u00e4rjen koulun salissa voi harrastaa monenmoista liikuntaharrastusta. Sali onkin aktiivisesti [&hellip;]","og_url":"https:\/\/liiveri.net\/en\/kylat\/kylaesittelyt\/karki\/","og_site_name":"Liiveri","article_publisher":"https:\/\/www.facebook.com\/LeaderLiiveri","article_modified_time":"2023-05-11T12:01:34+00:00","og_image":[{"width":1920,"height":1080,"url":"https:\/\/liiveri.net\/wp-content\/uploads\/2023\/02\/placeholder.png","type":"image\/png"}],"twitter_card":"summary_large_image","twitter_site":"@LeaderLiiveri","twitter_misc":{"Estimated reading time":"2 minutes"},"schema":{"@context":"https:\/\/schema.org","@graph":[{"@type":"Article","@id":"https:\/\/liiveri.net\/kylat\/kylaesittelyt\/karki\/#article","isPartOf":{"@id":"https:\/\/liiveri.net\/kylat\/kylaesittelyt\/karki\/"},"author":{"name":"Anne Palohuhta","@id":"https:\/\/liiveri.net\/#\/schema\/person\/695b3ac3ad86072b48f9d3dc46101495"},"headline":"K\u00e4rki","datePublished":"2023-04-27T09:57:55+00:00","dateModified":"2023-05-11T12:01:34+00:00","mainEntityOfPage":{"@id":"https:\/\/liiveri.net\/kylat\/kylaesittelyt\/karki\/"},"wordCount":416,"publisher":{"@id":"https:\/\/liiveri.net\/#organization"},"inLanguage":"en-GB"},{"@type":"WebPage","@id":"https:\/\/liiveri.net\/kylat\/kylaesittelyt\/karki\/","url":"https:\/\/liiveri.net\/kylat\/kylaesittelyt\/karki\/","name":"K\u00e4rki - Liiveri","isPartOf":{"@id":"https:\/\/liiveri.net\/#website"},"datePublished":"2023-04-27T09:57:55+00:00","dateModified":"2023-05-11T12:01:34+00:00","breadcrumb":{"@id":"https:\/\/liiveri.net\/kylat\/kylaesittelyt\/karki\/#breadcrumb"},"inLanguage":"en-GB","potentialAction":[{"@type":"ReadAction","target":["https:\/\/liiveri.net\/kylat\/kylaesittelyt\/karki\/"]}]},{"@type":"BreadcrumbList","@id":"https:\/\/liiveri.net\/kylat\/kylaesittelyt\/karki\/#breadcrumb","itemListElement":[{"@type":"ListItem","position":1,"name":"Etusivu","item":"https:\/\/liiveri.net\/"},{"@type":"ListItem","position":2,"name":"Kyl\u00e4t","item":"https:\/\/liiveri.net\/kylat\/"},{"@type":"ListItem","position":3,"name":"Kyl\u00e4esittelyt","item":"https:\/\/liiveri.net\/kylat\/kylaesittelyt\/"},{"@type":"ListItem","position":4,"name":"K\u00e4rki"}]},{"@type":"WebSite","@id":"https:\/\/liiveri.net\/#website","url":"https:\/\/liiveri.net\/","name":"Liiveri - Kehitt\u00e4misyhdistys","description":"REILU RAHOITTAJA PALVELUKSESSASI","publisher":{"@id":"https:\/\/liiveri.net\/#organization"},"potentialAction":[{"@type":"SearchAction","target":{"@type":"EntryPoint","urlTemplate":"https:\/\/liiveri.net\/?s={search_term_string}"},"query-input":"required name=search_term_string"}],"inLanguage":"en-GB"},{"@type":"Organization","@id":"https:\/\/liiveri.net\/#organization","name":"Kehitt\u00e4misyhdistys Liiveri ry","url":"https:\/\/liiveri.net\/","logo":{"@type":"ImageObject","inLanguage":"en-GB","@id":"https:\/\/liiveri.net\/#\/schema\/logo\/image\/","url":"https:\/\/liiveri.net\/wp-content\/uploads\/2023\/02\/placeholder.png","contentUrl":"https:\/\/liiveri.net\/wp-content\/uploads\/2023\/02\/placeholder.png","width":1920,"height":1080,"caption":"Kehitt\u00e4misyhdistys Liiveri ry"},"image":{"@id":"https:\/\/liiveri.net\/#\/schema\/logo\/image\/"},"sameAs":["https:\/\/www.facebook.com\/LeaderLiiveri","https:\/\/x.com\/LeaderLiiveri","https:\/\/www.instagram.com\/leaderliiveri\/"]},{"@type":"Person","@id":"https:\/\/liiveri.net\/#\/schema\/person\/695b3ac3ad86072b48f9d3dc46101495","name":"Anne Palohuhta","image":{"@type":"ImageObject","inLanguage":"en-GB","@id":"https:\/\/liiveri.net\/#\/schema\/person\/image\/","url":"https:\/\/liiveri.net\/wp-content\/litespeed\/avatar\/1\/d82383b70a738698a450c9a9e67b0baa.jpg?ver=1777493162","contentUrl":"https:\/\/liiveri.net\/wp-content\/litespeed\/avatar\/1\/d82383b70a738698a450c9a9e67b0baa.jpg?ver=1777493162","caption":"Anne Palohuhta"},"url":"https:\/\/liiveri.net\/en\/uutiset\/author\/anne-palohuhta\/"}]}},"acf":[],"_links":{"self":[{"href":"https:\/\/liiveri.net\/en\/wp-json\/wp\/v2\/pages\/6066","targetHints":{"allow":["GET"]}}],"collection":[{"href":"https:\/\/liiveri.net\/en\/wp-json\/wp\/v2\/pages"}],"about":[{"href":"https:\/\/liiveri.net\/en\/wp-json\/wp\/v2\/types\/page"}],"author":[{"embeddable":true,"href":"https:\/\/liiveri.net\/en\/wp-json\/wp\/v2\/users\/8"}],"replies":[{"embeddable":true,"href":"https:\/\/liiveri.net\/en\/wp-json\/wp\/v2\/comments?post=6066"}],"version-history":[{"count":0,"href":"https:\/\/liiveri.net\/en\/wp-json\/wp\/v2\/pages\/6066\/revisions"}],"up":[{"embeddable":true,"href":"https:\/\/liiveri.net\/en\/wp-json\/wp\/v2\/pages\/240"}],"wp:attachment":[{"href":"https:\/\/liiveri.net\/en\/wp-json\/wp\/v2\/media?parent=6066"}],"curies":[{"name":"wp","href":"https:\/\/api.w.org\/{rel}","templated":true}]}}