{"id":6855,"date":"2023-05-08T12:42:59","date_gmt":"2023-05-08T09:42:59","guid":{"rendered":"https:\/\/liiveri.net\/kylat\/kylaesittelyt\/huissinkyla-2\/"},"modified":"2024-01-02T11:41:38","modified_gmt":"2024-01-02T09:41:38","slug":"halkosaari","status":"publish","type":"page","link":"https:\/\/liiveri.net\/en\/kylat\/kylaesittelyt\/halkosaari\/","title":{"rendered":"Halkosaari"},"content":{"rendered":"<div data-elementor-type=\"wp-page\" data-elementor-id=\"6855\" class=\"elementor elementor-6855\">\n\t\t\t\t\t\t<section class=\"elementor-section elementor-top-section elementor-element elementor-element-354c1aef elementor-section-height-min-height elementor-section-boxed elementor-section-height-default elementor-section-items-middle\" data-id=\"354c1aef\" data-element_type=\"section\" data-settings=\"{&quot;background_background&quot;:&quot;classic&quot;}\">\n\t\t\t\t\t\t<div class=\"elementor-container elementor-column-gap-default\">\n\t\t\t\t\t<div class=\"elementor-column elementor-col-100 elementor-top-column elementor-element elementor-element-294ead1f\" data-id=\"294ead1f\" data-element_type=\"column\">\n\t\t\t<div class=\"elementor-widget-wrap elementor-element-populated\">\n\t\t\t\t\t\t<div class=\"elementor-element elementor-element-6e9037d elementor-widget elementor-widget-heading\" data-id=\"6e9037d\" data-element_type=\"widget\" data-widget_type=\"heading.default\">\n\t\t\t\t<div class=\"elementor-widget-container\">\n\t\t\t<style>\/*! elementor - v3.23.0 - 05-08-2024 *\/\n.elementor-heading-title{padding:0;margin:0;line-height:1}.elementor-widget-heading .elementor-heading-title[class*=elementor-size-]>a{color:inherit;font-size:inherit;line-height:inherit}.elementor-widget-heading .elementor-heading-title.elementor-size-small{font-size:15px}.elementor-widget-heading .elementor-heading-title.elementor-size-medium{font-size:19px}.elementor-widget-heading .elementor-heading-title.elementor-size-large{font-size:29px}.elementor-widget-heading .elementor-heading-title.elementor-size-xl{font-size:39px}.elementor-widget-heading .elementor-heading-title.elementor-size-xxl{font-size:59px}<\/style><h1 class=\"elementor-heading-title elementor-size-default\">Halkosaari<\/h1>\t\t<\/div>\n\t\t\t\t<\/div>\n\t\t\t\t\t<\/div>\n\t\t<\/div>\n\t\t\t\t\t<\/div>\n\t\t<\/section>\n\t\t\t\t<section class=\"elementor-section elementor-top-section elementor-element elementor-element-5572e7be elementor-section-boxed elementor-section-height-default elementor-section-height-default\" data-id=\"5572e7be\" data-element_type=\"section\">\n\t\t\t\t\t\t<div class=\"elementor-container elementor-column-gap-default\">\n\t\t\t\t\t<div class=\"elementor-column elementor-col-100 elementor-top-column elementor-element elementor-element-316da01f\" data-id=\"316da01f\" data-element_type=\"column\">\n\t\t\t<div class=\"elementor-widget-wrap elementor-element-populated\">\n\t\t\t\t\t\t<div class=\"elementor-element elementor-element-32e71314 elementor-widget elementor-widget-shortcode\" data-id=\"32e71314\" data-element_type=\"widget\" data-widget_type=\"shortcode.default\">\n\t\t\t\t<div class=\"elementor-widget-container\">\n\t\t\t\t\t<div class=\"elementor-shortcode\"><span><span><a href=\"https:\/\/liiveri.net\/en\/\">Front page<\/a><\/span><\/span><\/div>\n\t\t\t\t<\/div>\n\t\t\t\t<\/div>\n\t\t\t\t<div class=\"elementor-element elementor-element-114eb8a8 elementor-widget elementor-widget-spacer\" data-id=\"114eb8a8\" data-element_type=\"widget\" data-widget_type=\"spacer.default\">\n\t\t\t\t<div class=\"elementor-widget-container\">\n\t\t\t<style>\/*! elementor - v3.23.0 - 05-08-2024 *\/\n.elementor-column .elementor-spacer-inner{height:var(--spacer-size)}.e-con{--container-widget-width:100%}.e-con-inner>.elementor-widget-spacer,.e-con>.elementor-widget-spacer{width:var(--container-widget-width,var(--spacer-size));--align-self:var(--container-widget-align-self,initial);--flex-shrink:0}.e-con-inner>.elementor-widget-spacer>.elementor-widget-container,.e-con>.elementor-widget-spacer>.elementor-widget-container{height:100%;width:100%}.e-con-inner>.elementor-widget-spacer>.elementor-widget-container>.elementor-spacer,.e-con>.elementor-widget-spacer>.elementor-widget-container>.elementor-spacer{height:100%}.e-con-inner>.elementor-widget-spacer>.elementor-widget-container>.elementor-spacer>.elementor-spacer-inner,.e-con>.elementor-widget-spacer>.elementor-widget-container>.elementor-spacer>.elementor-spacer-inner{height:var(--container-widget-height,var(--spacer-size))}.e-con-inner>.elementor-widget-spacer.elementor-widget-empty,.e-con>.elementor-widget-spacer.elementor-widget-empty{position:relative;min-height:22px;min-width:22px}.e-con-inner>.elementor-widget-spacer.elementor-widget-empty .elementor-widget-empty-icon,.e-con>.elementor-widget-spacer.elementor-widget-empty .elementor-widget-empty-icon{position:absolute;top:0;bottom:0;left:0;right:0;margin:auto;padding:0;width:22px;height:22px}<\/style>\t\t<div class=\"elementor-spacer\">\n\t\t\t<div class=\"elementor-spacer-inner\"><\/div>\n\t\t<\/div>\n\t\t\t\t<\/div>\n\t\t\t\t<\/div>\n\t\t\t\t\t<\/div>\n\t\t<\/div>\n\t\t\t\t\t<\/div>\n\t\t<\/section>\n\t\t\t\t<section class=\"elementor-section elementor-top-section elementor-element elementor-element-189c2b4 elementor-section-boxed elementor-section-height-default elementor-section-height-default\" data-id=\"189c2b4\" data-element_type=\"section\">\n\t\t\t\t\t\t<div class=\"elementor-container elementor-column-gap-default\">\n\t\t\t\t\t<div class=\"elementor-column elementor-col-100 elementor-top-column elementor-element elementor-element-b387b64\" data-id=\"b387b64\" data-element_type=\"column\">\n\t\t\t<div class=\"elementor-widget-wrap elementor-element-populated\">\n\t\t\t\t\t\t<div class=\"elementor-element elementor-element-0dacc11 elementor-widget elementor-widget-text-editor\" data-id=\"0dacc11\" data-element_type=\"widget\" data-widget_type=\"text-editor.default\">\n\t\t\t\t<div class=\"elementor-widget-container\">\n\t\t\t<style>\/*! elementor - v3.23.0 - 05-08-2024 *\/\n.elementor-widget-text-editor.elementor-drop-cap-view-stacked .elementor-drop-cap{background-color:#69727d;color:#fff}.elementor-widget-text-editor.elementor-drop-cap-view-framed .elementor-drop-cap{color:#69727d;border:3px solid;background-color:transparent}.elementor-widget-text-editor:not(.elementor-drop-cap-view-default) .elementor-drop-cap{margin-top:8px}.elementor-widget-text-editor:not(.elementor-drop-cap-view-default) .elementor-drop-cap-letter{width:1em;height:1em}.elementor-widget-text-editor .elementor-drop-cap{float:left;text-align:center;line-height:1;font-size:50px}.elementor-widget-text-editor .elementor-drop-cap-letter{display:inline-block}<\/style>\t\t\t\t<h1>Halkosaari<\/h1>\n<p>Halkosaari village is a modern rural village that has grown rapidly over the past ten years. There are currently almost 250 households in the village. The majority of the village&#039;s households are families with children, and the area has just been renovated by a modern school and kindergarten Satulinna, which is a pioneer in media education in our region. There is also one family daycare worker in Halkosaari. Most of the houses are located in the residential areas along Kitinojantie. The landscape is a beautiful field landscape.<\/p><p><br><\/p>\n<h2>Services<\/h2>\n<p>School, daycare center, pre-school, afternoon club for school children, parish clubs, 4H club, activities of civic college and library car Yk\u00e4.<\/p><p><br><\/p>\n<h2>Shared spaces and hobby opportunities<\/h2>\n<p>Halkkis, the school and its nearby sports areas, Santi&#039;s jogging track with sheds and renovated playgrounds, scouting, a skate area built by the village association and a frisbee golf course.<\/p><p><br><\/p>\n<h2>Village events<\/h2>\n<p>The youthful and idea-rich board of the village association organizes many events throughout the year, e.g. Street races for adults and various events for children and the whole family. Twice a week there is a joint run from school. The run is run in the middle of the fields in good company. In the summer, the men of the village play football once a week, and in the winter there is a game of football in the school hall. In cooperation with Ilmajoki&#039;s Munaka village, a cycling competition is organized every summer.<\/p><p><br><\/p>\n<h2>Construction sites<\/h2>\n<p>Inquire about free plots from the city.<\/p><p><br><\/p>\n<h2>The strengths of the village<\/h2>\n<p>Halkosaari has good child care opportunities in an expanded modern daycare center and a new expanded elementary school. The location of Halkosaari is good, because even though the village is only seven minutes away from the center of Sein\u00e4joki, you still live in Halkosaari in the peace of the countryside.<\/p><p><br><\/p>\n<h2>The possibilities of the village<\/h2>\n<p>Due to the large number of children in the village, there are enough children for the primary school and all care facilities.<\/p><p><br><\/p>\n<h2>Good aspects in terms of business operations<\/h2>\n<p>The village has a good location near the center of Sein\u00e4joki.<\/p><p><br><\/p>\n<h2>The most important areas for development<\/h2>\n<p>The village association wants to increase community spirit by organizing various events for all villagers. As a result of the community, the comfort of the villagers increases and they participate more actively in the activities. An important area of development is also increasing information through the village association&#039;s own website.<\/p><p><br><\/p>\n<h2>Avoidable threats<\/h2>\n<p>The villagers should be made to feel like they belong to Halkosaari, and thus create a sense of community. With this, migration to hobbies, shops and other services can be avoided, despite the lack of public transport.<\/p><p><br><\/p>\n<p>Updated on December 5, 2017<\/p>\t\t\t\t\t\t<\/div>\n\t\t\t\t<\/div>\n\t\t\t\t\t<\/div>\n\t\t<\/div>\n\t\t\t\t\t<\/div>\n\t\t<\/section>\n\t\t\t\t<section class=\"elementor-section elementor-top-section elementor-element elementor-element-5b6c5aac elementor-section-boxed elementor-section-height-default elementor-section-height-default\" data-id=\"5b6c5aac\" data-element_type=\"section\">\n\t\t\t\t\t\t\t<div class=\"elementor-background-overlay\"><\/div>\n\t\t\t\t\t\t\t<div class=\"elementor-container elementor-column-gap-default\">\n\t\t\t\t\t<div class=\"elementor-column elementor-col-100 elementor-top-column elementor-element elementor-element-6f80850a\" data-id=\"6f80850a\" data-element_type=\"column\">\n\t\t\t<div class=\"elementor-widget-wrap elementor-element-populated\">\n\t\t\t\t\t\t<div class=\"elementor-element elementor-element-23b5ead2 elementor-widget elementor-widget-spacer\" data-id=\"23b5ead2\" data-element_type=\"widget\" data-widget_type=\"spacer.default\">\n\t\t\t\t<div class=\"elementor-widget-container\">\n\t\t\t\t\t<div class=\"elementor-spacer\">\n\t\t\t<div class=\"elementor-spacer-inner\"><\/div>\n\t\t<\/div>\n\t\t\t\t<\/div>\n\t\t\t\t<\/div>\n\t\t\t\t<div class=\"elementor-element elementor-element-58c01d5e elementor-widget elementor-widget-text-editor\" data-id=\"58c01d5e\" data-element_type=\"widget\" data-widget_type=\"text-editor.default\">\n\t\t\t\t<div class=\"elementor-widget-container\">\n\t\t\t\t\t\t\t<h3 style=\"text-align: center\">Halkosaari village association<\/h3><p style=\"text-align: center\">principal Ari Niemel\u00e4, tel. 040 527 2818<br \/>halkosaari.kylayhdistys@gmail.com<\/p>\t\t\t\t\t\t<\/div>\n\t\t\t\t<\/div>\n\t\t\t\t<div class=\"elementor-element elementor-element-33d66e60 elementor-align-center elementor-widget elementor-widget-button\" data-id=\"33d66e60\" data-element_type=\"widget\" data-widget_type=\"button.default\">\n\t\t\t\t<div class=\"elementor-widget-container\">\n\t\t\t\t\t<div class=\"elementor-button-wrapper\">\n\t\t\t<a class=\"elementor-button elementor-button-link elementor-size-md\" href=\"https:\/\/www.facebook.com\/groups\/611481575532373\" target=\"_blank\">\n\t\t\t\t\t\t<span class=\"elementor-button-content-wrapper\">\n\t\t\t\t\t\t\t\t\t<span class=\"elementor-button-text\">Halkosaari village association&#039;s Facebook group<\/span>\n\t\t\t\t\t<\/span>\n\t\t\t\t\t<\/a>\n\t\t<\/div>\n\t\t\t\t<\/div>\n\t\t\t\t<\/div>\n\t\t\t\t<div class=\"elementor-element elementor-element-54fa55dc elementor-widget elementor-widget-spacer\" data-id=\"54fa55dc\" data-element_type=\"widget\" data-widget_type=\"spacer.default\">\n\t\t\t\t<div class=\"elementor-widget-container\">\n\t\t\t\t\t<div class=\"elementor-spacer\">\n\t\t\t<div class=\"elementor-spacer-inner\"><\/div>\n\t\t<\/div>\n\t\t\t\t<\/div>\n\t\t\t\t<\/div>\n\t\t\t\t\t<\/div>\n\t\t<\/div>\n\t\t\t\t\t<\/div>\n\t\t<\/section>\n\t\t\t\t<\/div>","protected":false},"excerpt":{"rendered":"<p>Halkosaari Halkosaari The village of Halkosaari is a modern rural village that has grown rapidly over the past ten years. There are currently almost 250 households in the village. The majority of the village&#039;s households are families with children, and the area has just been renovated by a modern school and kindergarten Satulinna, which is a pioneer in media education in our region. There is also one family daycare worker in Halkosaari. Most of the houses are located along Kitinojantie [\u2026]<\/p>","protected":false},"author":8,"featured_media":0,"parent":240,"menu_order":0,"comment_status":"closed","ping_status":"closed","template":"elementor_header_footer","meta":{"_acf_changed":false,"footnotes":""},"class_list":["post-6855","page","type-page","status-publish","hentry"],"yoast_head":"<!-- This site is optimized with the Yoast SEO plugin v23.3 - https:\/\/yoast.com\/wordpress\/plugins\/seo\/ -->\n<title>Halkosaari - Liiveri<\/title>\n<meta name=\"robots\" content=\"index, follow, max-snippet:-1, max-image-preview:large, max-video-preview:-1\" \/>\n<link rel=\"canonical\" href=\"https:\/\/liiveri.net\/en\/kylat\/kylaesittelyt\/halkosaari\/\" \/>\n<meta property=\"og:locale\" content=\"en_GB\" \/>\n<meta property=\"og:type\" content=\"article\" \/>\n<meta property=\"og:title\" content=\"Halkosaari - Liiveri\" \/>\n<meta property=\"og:description\" content=\"Halkosaari Halkosaari Halkosaaren kyl\u00e4 on moderni maalaiskyl\u00e4, joka on kasvanut yli kymmenen vuoden aikana vauhdilla. Kyl\u00e4ss\u00e4 on t\u00e4ll\u00e4 hetkell\u00e4 l\u00e4hes 250 taloutta. Kyl\u00e4n talouksista suurin osa on lapsiperheit\u00e4 ja alueelle on juuri remontoitu uudenaikainen koulu ja p\u00e4iv\u00e4koti Satulinna, joka on alueemme edell\u00e4k\u00e4vij\u00e4 mediakasvatuksessa. Halkosaaressa toimii my\u00f6s yksi perhep\u00e4iv\u00e4hoitaja. Suurin osa taloista sijaitsee Kitinojantien varrella olevilla [&hellip;]\" \/>\n<meta property=\"og:url\" content=\"https:\/\/liiveri.net\/en\/kylat\/kylaesittelyt\/halkosaari\/\" \/>\n<meta property=\"og:site_name\" content=\"Liiveri\" \/>\n<meta property=\"article:publisher\" content=\"https:\/\/www.facebook.com\/LeaderLiiveri\" \/>\n<meta property=\"article:modified_time\" content=\"2024-01-02T09:41:38+00:00\" \/>\n<meta property=\"og:image\" content=\"https:\/\/liiveri.net\/wp-content\/uploads\/2023\/02\/placeholder.png\" \/>\n\t<meta property=\"og:image:width\" content=\"1920\" \/>\n\t<meta property=\"og:image:height\" content=\"1080\" \/>\n\t<meta property=\"og:image:type\" content=\"image\/png\" \/>\n<meta name=\"twitter:card\" content=\"summary_large_image\" \/>\n<meta name=\"twitter:site\" content=\"@LeaderLiiveri\" \/>\n<meta name=\"twitter:label1\" content=\"Estimated reading time\" \/>\n\t<meta name=\"twitter:data1\" content=\"2 minutes\" \/>\n<script type=\"application\/ld+json\" class=\"yoast-schema-graph\">{\"@context\":\"https:\/\/schema.org\",\"@graph\":[{\"@type\":\"Article\",\"@id\":\"https:\/\/liiveri.net\/kylat\/kylaesittelyt\/halkosaari\/#article\",\"isPartOf\":{\"@id\":\"https:\/\/liiveri.net\/kylat\/kylaesittelyt\/halkosaari\/\"},\"author\":{\"name\":\"Anne Palohuhta\",\"@id\":\"https:\/\/liiveri.net\/#\/schema\/person\/695b3ac3ad86072b48f9d3dc46101495\"},\"headline\":\"Halkosaari\",\"datePublished\":\"2023-05-08T09:42:59+00:00\",\"dateModified\":\"2024-01-02T09:41:38+00:00\",\"mainEntityOfPage\":{\"@id\":\"https:\/\/liiveri.net\/kylat\/kylaesittelyt\/halkosaari\/\"},\"wordCount\":368,\"publisher\":{\"@id\":\"https:\/\/liiveri.net\/#organization\"},\"inLanguage\":\"en-GB\"},{\"@type\":\"WebPage\",\"@id\":\"https:\/\/liiveri.net\/kylat\/kylaesittelyt\/halkosaari\/\",\"url\":\"https:\/\/liiveri.net\/kylat\/kylaesittelyt\/halkosaari\/\",\"name\":\"Halkosaari - Liiveri\",\"isPartOf\":{\"@id\":\"https:\/\/liiveri.net\/#website\"},\"datePublished\":\"2023-05-08T09:42:59+00:00\",\"dateModified\":\"2024-01-02T09:41:38+00:00\",\"breadcrumb\":{\"@id\":\"https:\/\/liiveri.net\/kylat\/kylaesittelyt\/halkosaari\/#breadcrumb\"},\"inLanguage\":\"en-GB\",\"potentialAction\":[{\"@type\":\"ReadAction\",\"target\":[\"https:\/\/liiveri.net\/kylat\/kylaesittelyt\/halkosaari\/\"]}]},{\"@type\":\"BreadcrumbList\",\"@id\":\"https:\/\/liiveri.net\/kylat\/kylaesittelyt\/halkosaari\/#breadcrumb\",\"itemListElement\":[{\"@type\":\"ListItem\",\"position\":1,\"name\":\"Etusivu\",\"item\":\"https:\/\/liiveri.net\/\"},{\"@type\":\"ListItem\",\"position\":2,\"name\":\"Kyl\u00e4t\",\"item\":\"https:\/\/liiveri.net\/kylat\/\"},{\"@type\":\"ListItem\",\"position\":3,\"name\":\"Kyl\u00e4esittelyt\",\"item\":\"https:\/\/liiveri.net\/kylat\/kylaesittelyt\/\"},{\"@type\":\"ListItem\",\"position\":4,\"name\":\"Halkosaari\"}]},{\"@type\":\"WebSite\",\"@id\":\"https:\/\/liiveri.net\/#website\",\"url\":\"https:\/\/liiveri.net\/\",\"name\":\"Liiveri - Kehitt\u00e4misyhdistys\",\"description\":\"REILU RAHOITTAJA PALVELUKSESSASI\",\"publisher\":{\"@id\":\"https:\/\/liiveri.net\/#organization\"},\"potentialAction\":[{\"@type\":\"SearchAction\",\"target\":{\"@type\":\"EntryPoint\",\"urlTemplate\":\"https:\/\/liiveri.net\/?s={search_term_string}\"},\"query-input\":\"required name=search_term_string\"}],\"inLanguage\":\"en-GB\"},{\"@type\":\"Organization\",\"@id\":\"https:\/\/liiveri.net\/#organization\",\"name\":\"Kehitt\u00e4misyhdistys Liiveri ry\",\"url\":\"https:\/\/liiveri.net\/\",\"logo\":{\"@type\":\"ImageObject\",\"inLanguage\":\"en-GB\",\"@id\":\"https:\/\/liiveri.net\/#\/schema\/logo\/image\/\",\"url\":\"https:\/\/liiveri.net\/wp-content\/uploads\/2023\/02\/placeholder.png\",\"contentUrl\":\"https:\/\/liiveri.net\/wp-content\/uploads\/2023\/02\/placeholder.png\",\"width\":1920,\"height\":1080,\"caption\":\"Kehitt\u00e4misyhdistys Liiveri ry\"},\"image\":{\"@id\":\"https:\/\/liiveri.net\/#\/schema\/logo\/image\/\"},\"sameAs\":[\"https:\/\/www.facebook.com\/LeaderLiiveri\",\"https:\/\/x.com\/LeaderLiiveri\",\"https:\/\/www.instagram.com\/leaderliiveri\/\"]},{\"@type\":\"Person\",\"@id\":\"https:\/\/liiveri.net\/#\/schema\/person\/695b3ac3ad86072b48f9d3dc46101495\",\"name\":\"Anne Palohuhta\",\"image\":{\"@type\":\"ImageObject\",\"inLanguage\":\"en-GB\",\"@id\":\"https:\/\/liiveri.net\/#\/schema\/person\/image\/\",\"url\":\"https:\/\/liiveri.net\/wp-content\/litespeed\/avatar\/1\/d82383b70a738698a450c9a9e67b0baa.jpg?ver=1776282614\",\"contentUrl\":\"https:\/\/liiveri.net\/wp-content\/litespeed\/avatar\/1\/d82383b70a738698a450c9a9e67b0baa.jpg?ver=1776282614\",\"caption\":\"Anne Palohuhta\"},\"url\":\"https:\/\/liiveri.net\/en\/uutiset\/author\/anne-palohuhta\/\"}]}<\/script>\n<!-- \/ Yoast SEO plugin. -->","yoast_head_json":{"title":"Halkosaari - Liiveri","robots":{"index":"index","follow":"follow","max-snippet":"max-snippet:-1","max-image-preview":"max-image-preview:large","max-video-preview":"max-video-preview:-1"},"canonical":"https:\/\/liiveri.net\/en\/kylat\/kylaesittelyt\/halkosaari\/","og_locale":"en_GB","og_type":"article","og_title":"Halkosaari - Liiveri","og_description":"Halkosaari Halkosaari Halkosaaren kyl\u00e4 on moderni maalaiskyl\u00e4, joka on kasvanut yli kymmenen vuoden aikana vauhdilla. Kyl\u00e4ss\u00e4 on t\u00e4ll\u00e4 hetkell\u00e4 l\u00e4hes 250 taloutta. Kyl\u00e4n talouksista suurin osa on lapsiperheit\u00e4 ja alueelle on juuri remontoitu uudenaikainen koulu ja p\u00e4iv\u00e4koti Satulinna, joka on alueemme edell\u00e4k\u00e4vij\u00e4 mediakasvatuksessa. Halkosaaressa toimii my\u00f6s yksi perhep\u00e4iv\u00e4hoitaja. Suurin osa taloista sijaitsee Kitinojantien varrella olevilla [&hellip;]","og_url":"https:\/\/liiveri.net\/en\/kylat\/kylaesittelyt\/halkosaari\/","og_site_name":"Liiveri","article_publisher":"https:\/\/www.facebook.com\/LeaderLiiveri","article_modified_time":"2024-01-02T09:41:38+00:00","og_image":[{"width":1920,"height":1080,"url":"https:\/\/liiveri.net\/wp-content\/uploads\/2023\/02\/placeholder.png","type":"image\/png"}],"twitter_card":"summary_large_image","twitter_site":"@LeaderLiiveri","twitter_misc":{"Estimated reading time":"2 minutes"},"schema":{"@context":"https:\/\/schema.org","@graph":[{"@type":"Article","@id":"https:\/\/liiveri.net\/kylat\/kylaesittelyt\/halkosaari\/#article","isPartOf":{"@id":"https:\/\/liiveri.net\/kylat\/kylaesittelyt\/halkosaari\/"},"author":{"name":"Anne Palohuhta","@id":"https:\/\/liiveri.net\/#\/schema\/person\/695b3ac3ad86072b48f9d3dc46101495"},"headline":"Halkosaari","datePublished":"2023-05-08T09:42:59+00:00","dateModified":"2024-01-02T09:41:38+00:00","mainEntityOfPage":{"@id":"https:\/\/liiveri.net\/kylat\/kylaesittelyt\/halkosaari\/"},"wordCount":368,"publisher":{"@id":"https:\/\/liiveri.net\/#organization"},"inLanguage":"en-GB"},{"@type":"WebPage","@id":"https:\/\/liiveri.net\/kylat\/kylaesittelyt\/halkosaari\/","url":"https:\/\/liiveri.net\/kylat\/kylaesittelyt\/halkosaari\/","name":"Halkosaari - Liiveri","isPartOf":{"@id":"https:\/\/liiveri.net\/#website"},"datePublished":"2023-05-08T09:42:59+00:00","dateModified":"2024-01-02T09:41:38+00:00","breadcrumb":{"@id":"https:\/\/liiveri.net\/kylat\/kylaesittelyt\/halkosaari\/#breadcrumb"},"inLanguage":"en-GB","potentialAction":[{"@type":"ReadAction","target":["https:\/\/liiveri.net\/kylat\/kylaesittelyt\/halkosaari\/"]}]},{"@type":"BreadcrumbList","@id":"https:\/\/liiveri.net\/kylat\/kylaesittelyt\/halkosaari\/#breadcrumb","itemListElement":[{"@type":"ListItem","position":1,"name":"Etusivu","item":"https:\/\/liiveri.net\/"},{"@type":"ListItem","position":2,"name":"Kyl\u00e4t","item":"https:\/\/liiveri.net\/kylat\/"},{"@type":"ListItem","position":3,"name":"Kyl\u00e4esittelyt","item":"https:\/\/liiveri.net\/kylat\/kylaesittelyt\/"},{"@type":"ListItem","position":4,"name":"Halkosaari"}]},{"@type":"WebSite","@id":"https:\/\/liiveri.net\/#website","url":"https:\/\/liiveri.net\/","name":"Liiveri - Kehitt\u00e4misyhdistys","description":"REILU RAHOITTAJA PALVELUKSESSASI","publisher":{"@id":"https:\/\/liiveri.net\/#organization"},"potentialAction":[{"@type":"SearchAction","target":{"@type":"EntryPoint","urlTemplate":"https:\/\/liiveri.net\/?s={search_term_string}"},"query-input":"required name=search_term_string"}],"inLanguage":"en-GB"},{"@type":"Organization","@id":"https:\/\/liiveri.net\/#organization","name":"Kehitt\u00e4misyhdistys Liiveri ry","url":"https:\/\/liiveri.net\/","logo":{"@type":"ImageObject","inLanguage":"en-GB","@id":"https:\/\/liiveri.net\/#\/schema\/logo\/image\/","url":"https:\/\/liiveri.net\/wp-content\/uploads\/2023\/02\/placeholder.png","contentUrl":"https:\/\/liiveri.net\/wp-content\/uploads\/2023\/02\/placeholder.png","width":1920,"height":1080,"caption":"Kehitt\u00e4misyhdistys Liiveri ry"},"image":{"@id":"https:\/\/liiveri.net\/#\/schema\/logo\/image\/"},"sameAs":["https:\/\/www.facebook.com\/LeaderLiiveri","https:\/\/x.com\/LeaderLiiveri","https:\/\/www.instagram.com\/leaderliiveri\/"]},{"@type":"Person","@id":"https:\/\/liiveri.net\/#\/schema\/person\/695b3ac3ad86072b48f9d3dc46101495","name":"Anne Palohuhta","image":{"@type":"ImageObject","inLanguage":"en-GB","@id":"https:\/\/liiveri.net\/#\/schema\/person\/image\/","url":"https:\/\/liiveri.net\/wp-content\/litespeed\/avatar\/1\/d82383b70a738698a450c9a9e67b0baa.jpg?ver=1776282614","contentUrl":"https:\/\/liiveri.net\/wp-content\/litespeed\/avatar\/1\/d82383b70a738698a450c9a9e67b0baa.jpg?ver=1776282614","caption":"Anne Palohuhta"},"url":"https:\/\/liiveri.net\/en\/uutiset\/author\/anne-palohuhta\/"}]}},"acf":[],"_links":{"self":[{"href":"https:\/\/liiveri.net\/en\/wp-json\/wp\/v2\/pages\/6855","targetHints":{"allow":["GET"]}}],"collection":[{"href":"https:\/\/liiveri.net\/en\/wp-json\/wp\/v2\/pages"}],"about":[{"href":"https:\/\/liiveri.net\/en\/wp-json\/wp\/v2\/types\/page"}],"author":[{"embeddable":true,"href":"https:\/\/liiveri.net\/en\/wp-json\/wp\/v2\/users\/8"}],"replies":[{"embeddable":true,"href":"https:\/\/liiveri.net\/en\/wp-json\/wp\/v2\/comments?post=6855"}],"version-history":[{"count":0,"href":"https:\/\/liiveri.net\/en\/wp-json\/wp\/v2\/pages\/6855\/revisions"}],"up":[{"embeddable":true,"href":"https:\/\/liiveri.net\/en\/wp-json\/wp\/v2\/pages\/240"}],"wp:attachment":[{"href":"https:\/\/liiveri.net\/en\/wp-json\/wp\/v2\/media?parent=6855"}],"curies":[{"name":"wp","href":"https:\/\/api.w.org\/{rel}","templated":true}]}}