{"id":85,"date":"2023-02-21T20:38:34","date_gmt":"2023-02-21T20:38:34","guid":{"rendered":"https:\/\/testinikkarifi-wp20587.test.cchosting.fi\/?page_id=85"},"modified":"2023-06-28T12:27:31","modified_gmt":"2023-06-28T09:27:31","slug":"tietosuojaseloste","status":"publish","type":"page","link":"https:\/\/liiveri.net\/en\/tietosuojaseloste\/","title":{"rendered":"Privacy statement"},"content":{"rendered":"<div data-elementor-type=\"wp-page\" data-elementor-id=\"85\" class=\"elementor elementor-85\">\n\t\t\t\t\t\t<section class=\"elementor-section elementor-top-section elementor-element elementor-element-8f932d2 elementor-section-full_width elementor-section-height-default elementor-section-height-default\" data-id=\"8f932d2\" data-element_type=\"section\">\n\t\t\t\t\t\t<div class=\"elementor-container elementor-column-gap-default\">\n\t\t\t\t\t<div class=\"elementor-column elementor-col-100 elementor-top-column elementor-element elementor-element-9c52807\" data-id=\"9c52807\" data-element_type=\"column\">\n\t\t\t<div class=\"elementor-widget-wrap elementor-element-populated\">\n\t\t\t\t\t\t<section class=\"elementor-section elementor-inner-section elementor-element elementor-element-24cd820 elementor-section-boxed elementor-section-height-default elementor-section-height-default\" data-id=\"24cd820\" data-element_type=\"section\">\n\t\t\t\t\t\t<div class=\"elementor-container elementor-column-gap-default\">\n\t\t\t\t\t<div class=\"elementor-column elementor-col-100 elementor-inner-column elementor-element elementor-element-7f01480\" data-id=\"7f01480\" data-element_type=\"column\">\n\t\t\t<div class=\"elementor-widget-wrap elementor-element-populated\">\n\t\t\t\t\t\t<div class=\"elementor-element elementor-element-aa58e6e elementor-widget elementor-widget-text-editor\" data-id=\"aa58e6e\" data-element_type=\"widget\" data-widget_type=\"text-editor.default\">\n\t\t\t\t<div class=\"elementor-widget-container\">\n\t\t\t<style>\/*! elementor - v3.23.0 - 05-08-2024 *\/\n.elementor-widget-text-editor.elementor-drop-cap-view-stacked .elementor-drop-cap{background-color:#69727d;color:#fff}.elementor-widget-text-editor.elementor-drop-cap-view-framed .elementor-drop-cap{color:#69727d;border:3px solid;background-color:transparent}.elementor-widget-text-editor:not(.elementor-drop-cap-view-default) .elementor-drop-cap{margin-top:8px}.elementor-widget-text-editor:not(.elementor-drop-cap-view-default) .elementor-drop-cap-letter{width:1em;height:1em}.elementor-widget-text-editor .elementor-drop-cap{float:left;text-align:center;line-height:1;font-size:50px}.elementor-widget-text-editor .elementor-drop-cap-letter{display:inline-block}<\/style>\t\t\t\t<h1>Privacy policy<\/h1><p>\u00a0<\/p><h4>Website visitor statistics<\/h4><p>Liiver&#039;s website uses the Google Analytics visitor statistics service. Collected statistics can be used to develop the website and target online marketing. The service stores the information in anonymous form and cannot be linked to individual users.<\/p><p>If you want to block the transmission of all visitor data to the Google Analytics service on all the sites you use, you can install an add-on to block the transmission in your browser.<\/p><h4>Cookies<\/h4><p>From time to time, the so-called cookies (&quot;cookies&quot;).<br \/>Cookies can be used to collect information, for example, from which page the user has moved to the address, which of our www pages he has browsed and when, and which browser, screen resolution and operating system are in use.<\/p><p>With the help of cookie data, the number of visitors to the website can be monitored by Liiver and its partners. Cookies can also be used to target advertising. In the visitor tracking and targeting of advertising done with the help of cookies, the visitor is not identified and the information is not combined with personal information possibly obtained from the visitor in other contexts.<\/p><p>The visitor has the option to prevent the use of cookies by changing the settings of his browser so that the browser does not allow cookies to be stored. The visitor accepts that, for some services, preventing the use of cookies may affect the functionality of the service.<\/p><h4>Site forms<\/h4><p>The website contains forms through which the user can contact Liiver and\/or register for various events. The information sent through the forms is sent to Liiver&#039;s representative by e-mail and\/or saved in the site&#039;s management system.<\/p><p>\u00a0<\/p>\t\t\t\t\t\t<\/div>\n\t\t\t\t<\/div>\n\t\t\t\t\t<\/div>\n\t\t<\/div>\n\t\t\t\t\t<\/div>\n\t\t<\/section>\n\t\t\t\t\t<\/div>\n\t\t<\/div>\n\t\t\t\t\t<\/div>\n\t\t<\/section>\n\t\t\t\t<\/div>","protected":false},"excerpt":{"rendered":"<p>Privacy policy Website visitor statistics Liiver&#039;s website uses the Google Analytics visitor statistics service. Collected statistics can be used to develop the website and target online marketing. The service stores the information in anonymous form and cannot be linked to individual users. If you want to block the transmission of all visitor data to the Google Analytics service on all the sites you use, you can install an add-on to block the transmission in your browser. Cookies So-called cookies can be transferred to the visitor&#039;s computer from time to time. cookies [\u2026]<\/p>","protected":false},"author":1,"featured_media":0,"parent":0,"menu_order":0,"comment_status":"closed","ping_status":"closed","template":"elementor_header_footer","meta":{"_acf_changed":false,"footnotes":""},"class_list":["post-85","page","type-page","status-publish","hentry"],"yoast_head":"<!-- This site is optimized with the Yoast SEO plugin v23.3 - https:\/\/yoast.com\/wordpress\/plugins\/seo\/ -->\n<title>Tietosuojaseloste - Liiveri<\/title>\n<meta name=\"robots\" content=\"index, follow, max-snippet:-1, max-image-preview:large, max-video-preview:-1\" \/>\n<link rel=\"canonical\" href=\"https:\/\/liiveri.net\/en\/tietosuojaseloste\/\" \/>\n<meta property=\"og:locale\" content=\"en_GB\" \/>\n<meta property=\"og:type\" content=\"article\" \/>\n<meta property=\"og:title\" content=\"Tietosuojaseloste - Liiveri\" \/>\n<meta property=\"og:description\" content=\"Tietosuojak\u00e4yt\u00e4nt\u00f6 \u00a0 Sivuston k\u00e4vij\u00e4tilastointi Liiverin verkkosivusto k\u00e4ytt\u00e4\u00e4 Google Analytics -k\u00e4vij\u00e4tilastointipalvelua. Ker\u00e4ttyj\u00e4 tilastoja voidaan k\u00e4ytt\u00e4\u00e4 verkkosivuston kehitt\u00e4miseen ja verkkomarkkinoinnin kohdentamiseen. Palvelu tallentaa tiedot anonyymiss\u00e4 muodossa, eik\u00e4 niit\u00e4 voida yhdist\u00e4\u00e4 yksitt\u00e4isiin k\u00e4ytt\u00e4jiin. Mik\u00e4li haluat est\u00e4\u00e4 kaiken k\u00e4vij\u00e4tiedon l\u00e4hetyksen Google Analytics -palvelulle kaikilla k\u00e4ytt\u00e4mill\u00e4si sivustoilla, voit asentaa selaimeesi\u00a0l\u00e4hetyksen est\u00e4v\u00e4n lis\u00e4osan. Ev\u00e4steet K\u00e4vij\u00e4n tietokoneelle voidaan ajoittain siirt\u00e4\u00e4 ns. ev\u00e4steit\u00e4 [&hellip;]\" \/>\n<meta property=\"og:url\" content=\"https:\/\/liiveri.net\/en\/tietosuojaseloste\/\" \/>\n<meta property=\"og:site_name\" content=\"Liiveri\" \/>\n<meta property=\"article:publisher\" content=\"https:\/\/www.facebook.com\/LeaderLiiveri\" \/>\n<meta property=\"article:modified_time\" content=\"2023-06-28T09:27:31+00:00\" \/>\n<meta property=\"og:image\" content=\"https:\/\/liiveri.net\/wp-content\/uploads\/2023\/02\/placeholder.png\" \/>\n\t<meta property=\"og:image:width\" content=\"1920\" \/>\n\t<meta property=\"og:image:height\" content=\"1080\" \/>\n\t<meta property=\"og:image:type\" content=\"image\/png\" \/>\n<meta name=\"twitter:card\" content=\"summary_large_image\" \/>\n<meta name=\"twitter:site\" content=\"@LeaderLiiveri\" \/>\n<meta name=\"twitter:label1\" content=\"Estimated reading time\" \/>\n\t<meta name=\"twitter:data1\" content=\"2 minutes\" \/>\n<script type=\"application\/ld+json\" class=\"yoast-schema-graph\">{\"@context\":\"https:\/\/schema.org\",\"@graph\":[{\"@type\":\"Article\",\"@id\":\"https:\/\/liiveri.net\/tietosuojaseloste\/#article\",\"isPartOf\":{\"@id\":\"https:\/\/liiveri.net\/tietosuojaseloste\/\"},\"author\":{\"name\":\"Admin\",\"@id\":\"https:\/\/liiveri.net\/#\/schema\/person\/4d2151d167ce291fb59ae4929e4f150a\"},\"headline\":\"Tietosuojaseloste\",\"datePublished\":\"2023-02-21T20:38:34+00:00\",\"dateModified\":\"2023-06-28T09:27:31+00:00\",\"mainEntityOfPage\":{\"@id\":\"https:\/\/liiveri.net\/tietosuojaseloste\/\"},\"wordCount\":260,\"publisher\":{\"@id\":\"https:\/\/liiveri.net\/#organization\"},\"inLanguage\":\"en-GB\"},{\"@type\":\"WebPage\",\"@id\":\"https:\/\/liiveri.net\/tietosuojaseloste\/\",\"url\":\"https:\/\/liiveri.net\/tietosuojaseloste\/\",\"name\":\"Tietosuojaseloste - Liiveri\",\"isPartOf\":{\"@id\":\"https:\/\/liiveri.net\/#website\"},\"datePublished\":\"2023-02-21T20:38:34+00:00\",\"dateModified\":\"2023-06-28T09:27:31+00:00\",\"breadcrumb\":{\"@id\":\"https:\/\/liiveri.net\/tietosuojaseloste\/#breadcrumb\"},\"inLanguage\":\"en-GB\",\"potentialAction\":[{\"@type\":\"ReadAction\",\"target\":[\"https:\/\/liiveri.net\/tietosuojaseloste\/\"]}]},{\"@type\":\"BreadcrumbList\",\"@id\":\"https:\/\/liiveri.net\/tietosuojaseloste\/#breadcrumb\",\"itemListElement\":[{\"@type\":\"ListItem\",\"position\":1,\"name\":\"Etusivu\",\"item\":\"https:\/\/liiveri.net\/\"},{\"@type\":\"ListItem\",\"position\":2,\"name\":\"Tietosuojaseloste\"}]},{\"@type\":\"WebSite\",\"@id\":\"https:\/\/liiveri.net\/#website\",\"url\":\"https:\/\/liiveri.net\/\",\"name\":\"Liiveri - Kehitt\u00e4misyhdistys\",\"description\":\"REILU RAHOITTAJA PALVELUKSESSASI\",\"publisher\":{\"@id\":\"https:\/\/liiveri.net\/#organization\"},\"potentialAction\":[{\"@type\":\"SearchAction\",\"target\":{\"@type\":\"EntryPoint\",\"urlTemplate\":\"https:\/\/liiveri.net\/?s={search_term_string}\"},\"query-input\":\"required name=search_term_string\"}],\"inLanguage\":\"en-GB\"},{\"@type\":\"Organization\",\"@id\":\"https:\/\/liiveri.net\/#organization\",\"name\":\"Kehitt\u00e4misyhdistys Liiveri ry\",\"url\":\"https:\/\/liiveri.net\/\",\"logo\":{\"@type\":\"ImageObject\",\"inLanguage\":\"en-GB\",\"@id\":\"https:\/\/liiveri.net\/#\/schema\/logo\/image\/\",\"url\":\"https:\/\/liiveri.net\/wp-content\/uploads\/2023\/02\/placeholder.png\",\"contentUrl\":\"https:\/\/liiveri.net\/wp-content\/uploads\/2023\/02\/placeholder.png\",\"width\":1920,\"height\":1080,\"caption\":\"Kehitt\u00e4misyhdistys Liiveri ry\"},\"image\":{\"@id\":\"https:\/\/liiveri.net\/#\/schema\/logo\/image\/\"},\"sameAs\":[\"https:\/\/www.facebook.com\/LeaderLiiveri\",\"https:\/\/x.com\/LeaderLiiveri\",\"https:\/\/www.instagram.com\/leaderliiveri\/\"]},{\"@type\":\"Person\",\"@id\":\"https:\/\/liiveri.net\/#\/schema\/person\/4d2151d167ce291fb59ae4929e4f150a\",\"name\":\"Admin\",\"image\":{\"@type\":\"ImageObject\",\"inLanguage\":\"en-GB\",\"@id\":\"https:\/\/liiveri.net\/#\/schema\/person\/image\/\",\"url\":\"https:\/\/liiveri.net\/wp-content\/litespeed\/avatar\/1\/a408f0f48bbe882d38689644bc375f8c.jpg?ver=1778064647\",\"contentUrl\":\"https:\/\/liiveri.net\/wp-content\/litespeed\/avatar\/1\/a408f0f48bbe882d38689644bc375f8c.jpg?ver=1778064647\",\"caption\":\"Admin\"},\"sameAs\":[\"https:\/\/liiveri.net\"],\"url\":\"https:\/\/liiveri.net\/en\/uutiset\/author\/admin\/\"}]}<\/script>\n<!-- \/ Yoast SEO plugin. -->","yoast_head_json":{"title":"Tietosuojaseloste - Liiveri","robots":{"index":"index","follow":"follow","max-snippet":"max-snippet:-1","max-image-preview":"max-image-preview:large","max-video-preview":"max-video-preview:-1"},"canonical":"https:\/\/liiveri.net\/en\/tietosuojaseloste\/","og_locale":"en_GB","og_type":"article","og_title":"Tietosuojaseloste - Liiveri","og_description":"Tietosuojak\u00e4yt\u00e4nt\u00f6 \u00a0 Sivuston k\u00e4vij\u00e4tilastointi Liiverin verkkosivusto k\u00e4ytt\u00e4\u00e4 Google Analytics -k\u00e4vij\u00e4tilastointipalvelua. Ker\u00e4ttyj\u00e4 tilastoja voidaan k\u00e4ytt\u00e4\u00e4 verkkosivuston kehitt\u00e4miseen ja verkkomarkkinoinnin kohdentamiseen. Palvelu tallentaa tiedot anonyymiss\u00e4 muodossa, eik\u00e4 niit\u00e4 voida yhdist\u00e4\u00e4 yksitt\u00e4isiin k\u00e4ytt\u00e4jiin. Mik\u00e4li haluat est\u00e4\u00e4 kaiken k\u00e4vij\u00e4tiedon l\u00e4hetyksen Google Analytics -palvelulle kaikilla k\u00e4ytt\u00e4mill\u00e4si sivustoilla, voit asentaa selaimeesi\u00a0l\u00e4hetyksen est\u00e4v\u00e4n lis\u00e4osan. Ev\u00e4steet K\u00e4vij\u00e4n tietokoneelle voidaan ajoittain siirt\u00e4\u00e4 ns. ev\u00e4steit\u00e4 [&hellip;]","og_url":"https:\/\/liiveri.net\/en\/tietosuojaseloste\/","og_site_name":"Liiveri","article_publisher":"https:\/\/www.facebook.com\/LeaderLiiveri","article_modified_time":"2023-06-28T09:27:31+00:00","og_image":[{"width":1920,"height":1080,"url":"https:\/\/liiveri.net\/wp-content\/uploads\/2023\/02\/placeholder.png","type":"image\/png"}],"twitter_card":"summary_large_image","twitter_site":"@LeaderLiiveri","twitter_misc":{"Estimated reading time":"2 minutes"},"schema":{"@context":"https:\/\/schema.org","@graph":[{"@type":"Article","@id":"https:\/\/liiveri.net\/tietosuojaseloste\/#article","isPartOf":{"@id":"https:\/\/liiveri.net\/tietosuojaseloste\/"},"author":{"name":"Admin","@id":"https:\/\/liiveri.net\/#\/schema\/person\/4d2151d167ce291fb59ae4929e4f150a"},"headline":"Tietosuojaseloste","datePublished":"2023-02-21T20:38:34+00:00","dateModified":"2023-06-28T09:27:31+00:00","mainEntityOfPage":{"@id":"https:\/\/liiveri.net\/tietosuojaseloste\/"},"wordCount":260,"publisher":{"@id":"https:\/\/liiveri.net\/#organization"},"inLanguage":"en-GB"},{"@type":"WebPage","@id":"https:\/\/liiveri.net\/tietosuojaseloste\/","url":"https:\/\/liiveri.net\/tietosuojaseloste\/","name":"Tietosuojaseloste - Liiveri","isPartOf":{"@id":"https:\/\/liiveri.net\/#website"},"datePublished":"2023-02-21T20:38:34+00:00","dateModified":"2023-06-28T09:27:31+00:00","breadcrumb":{"@id":"https:\/\/liiveri.net\/tietosuojaseloste\/#breadcrumb"},"inLanguage":"en-GB","potentialAction":[{"@type":"ReadAction","target":["https:\/\/liiveri.net\/tietosuojaseloste\/"]}]},{"@type":"BreadcrumbList","@id":"https:\/\/liiveri.net\/tietosuojaseloste\/#breadcrumb","itemListElement":[{"@type":"ListItem","position":1,"name":"Etusivu","item":"https:\/\/liiveri.net\/"},{"@type":"ListItem","position":2,"name":"Tietosuojaseloste"}]},{"@type":"WebSite","@id":"https:\/\/liiveri.net\/#website","url":"https:\/\/liiveri.net\/","name":"Liiveri - Kehitt\u00e4misyhdistys","description":"REILU RAHOITTAJA PALVELUKSESSASI","publisher":{"@id":"https:\/\/liiveri.net\/#organization"},"potentialAction":[{"@type":"SearchAction","target":{"@type":"EntryPoint","urlTemplate":"https:\/\/liiveri.net\/?s={search_term_string}"},"query-input":"required name=search_term_string"}],"inLanguage":"en-GB"},{"@type":"Organization","@id":"https:\/\/liiveri.net\/#organization","name":"Kehitt\u00e4misyhdistys Liiveri ry","url":"https:\/\/liiveri.net\/","logo":{"@type":"ImageObject","inLanguage":"en-GB","@id":"https:\/\/liiveri.net\/#\/schema\/logo\/image\/","url":"https:\/\/liiveri.net\/wp-content\/uploads\/2023\/02\/placeholder.png","contentUrl":"https:\/\/liiveri.net\/wp-content\/uploads\/2023\/02\/placeholder.png","width":1920,"height":1080,"caption":"Kehitt\u00e4misyhdistys Liiveri ry"},"image":{"@id":"https:\/\/liiveri.net\/#\/schema\/logo\/image\/"},"sameAs":["https:\/\/www.facebook.com\/LeaderLiiveri","https:\/\/x.com\/LeaderLiiveri","https:\/\/www.instagram.com\/leaderliiveri\/"]},{"@type":"Person","@id":"https:\/\/liiveri.net\/#\/schema\/person\/4d2151d167ce291fb59ae4929e4f150a","name":"Admin","image":{"@type":"ImageObject","inLanguage":"en-GB","@id":"https:\/\/liiveri.net\/#\/schema\/person\/image\/","url":"https:\/\/liiveri.net\/wp-content\/litespeed\/avatar\/1\/a408f0f48bbe882d38689644bc375f8c.jpg?ver=1778064647","contentUrl":"https:\/\/liiveri.net\/wp-content\/litespeed\/avatar\/1\/a408f0f48bbe882d38689644bc375f8c.jpg?ver=1778064647","caption":"Admin"},"sameAs":["https:\/\/liiveri.net"],"url":"https:\/\/liiveri.net\/en\/uutiset\/author\/admin\/"}]}},"acf":[],"_links":{"self":[{"href":"https:\/\/liiveri.net\/en\/wp-json\/wp\/v2\/pages\/85","targetHints":{"allow":["GET"]}}],"collection":[{"href":"https:\/\/liiveri.net\/en\/wp-json\/wp\/v2\/pages"}],"about":[{"href":"https:\/\/liiveri.net\/en\/wp-json\/wp\/v2\/types\/page"}],"author":[{"embeddable":true,"href":"https:\/\/liiveri.net\/en\/wp-json\/wp\/v2\/users\/1"}],"replies":[{"embeddable":true,"href":"https:\/\/liiveri.net\/en\/wp-json\/wp\/v2\/comments?post=85"}],"version-history":[{"count":0,"href":"https:\/\/liiveri.net\/en\/wp-json\/wp\/v2\/pages\/85\/revisions"}],"wp:attachment":[{"href":"https:\/\/liiveri.net\/en\/wp-json\/wp\/v2\/media?parent=85"}],"curies":[{"name":"wp","href":"https:\/\/api.w.org\/{rel}","templated":true}]}}