{"id":87,"date":"2023-02-21T20:38:46","date_gmt":"2023-02-21T20:38:46","guid":{"rendered":"https:\/\/testinikkarifi-wp20587.test.cchosting.fi\/?page_id=87"},"modified":"2023-06-28T12:53:33","modified_gmt":"2023-06-28T09:53:33","slug":"saavutettavuuseloste","status":"publish","type":"page","link":"https:\/\/liiveri.net\/en\/saavutettavuuseloste\/","title":{"rendered":"Accessibility statement"},"content":{"rendered":"<div data-elementor-type=\"wp-page\" data-elementor-id=\"87\" class=\"elementor elementor-87\">\n\t\t\t\t\t\t<section class=\"elementor-section elementor-top-section elementor-element elementor-element-25a3869 elementor-section-full_width elementor-section-height-default elementor-section-height-default\" data-id=\"25a3869\" data-element_type=\"section\">\n\t\t\t\t\t\t<div class=\"elementor-container elementor-column-gap-default\">\n\t\t\t\t\t<div class=\"elementor-column elementor-col-100 elementor-top-column elementor-element elementor-element-549f349\" data-id=\"549f349\" data-element_type=\"column\">\n\t\t\t<div class=\"elementor-widget-wrap elementor-element-populated\">\n\t\t\t\t\t\t<section class=\"elementor-section elementor-inner-section elementor-element elementor-element-67984a7 elementor-section-boxed elementor-section-height-default elementor-section-height-default\" data-id=\"67984a7\" data-element_type=\"section\">\n\t\t\t\t\t\t<div class=\"elementor-container elementor-column-gap-default\">\n\t\t\t\t\t<div class=\"elementor-column elementor-col-100 elementor-inner-column elementor-element elementor-element-72e749a\" data-id=\"72e749a\" data-element_type=\"column\">\n\t\t\t<div class=\"elementor-widget-wrap elementor-element-populated\">\n\t\t\t\t\t\t<div class=\"elementor-element elementor-element-cd32c00 elementor-widget elementor-widget-text-editor\" data-id=\"cd32c00\" data-element_type=\"widget\" data-widget_type=\"text-editor.default\">\n\t\t\t\t<div class=\"elementor-widget-container\">\n\t\t\t<style>\/*! elementor - v3.23.0 - 05-08-2024 *\/\n.elementor-widget-text-editor.elementor-drop-cap-view-stacked .elementor-drop-cap{background-color:#69727d;color:#fff}.elementor-widget-text-editor.elementor-drop-cap-view-framed .elementor-drop-cap{color:#69727d;border:3px solid;background-color:transparent}.elementor-widget-text-editor:not(.elementor-drop-cap-view-default) .elementor-drop-cap{margin-top:8px}.elementor-widget-text-editor:not(.elementor-drop-cap-view-default) .elementor-drop-cap-letter{width:1em;height:1em}.elementor-widget-text-editor .elementor-drop-cap{float:left;text-align:center;line-height:1;font-size:50px}.elementor-widget-text-editor .elementor-drop-cap-letter{display:inline-block}<\/style>\t\t\t\t<h1>Accessibility statement<\/h1><p>Leader Liiveri is currently developing the accessibility of its website in accordance with the law on the provision of digital services and the EU accessibility directive. This accessibility statement applies to the www.liiveri.net website.<\/p><p>\u00a0<\/p><h4>Compliance<\/h4><p>Leader Liiver&#039;s website is currently not fully accessible. There is e.g. something to be developed.<\/p><ul><li>in contrasts<\/li><li>in alternative texts<\/li><li>in PDF attachments<\/li><li>in linked contents<\/li><\/ul><p>We are currently doing development work to meet accessibility requirements.<\/p><h4>Preparing the accessibility statement<\/h4><p>Liiver&#039;s website was published in 2015. This statement was prepared on September 20, 2020 (updated on June 1, 2023). The report is based on a self-assessment and an inspection performed with the Wave testing program.<\/p><h4>Feedback and contact information<\/h4><p>Feedback on the accessibility of Leader Liiveri&#039;s website can be sent to toimisto@liiveri.net. Inaccessible content can be requested in an accessible format.<\/p><h4>Accessibility complaint and accessibility clarification request<\/h4><p>If you receive an unsatisfactory response to the accessibility feedback from Leader Liiver or if you do not receive the requested content in an accessible format, you can file an accessibility complaint or request an accessibility investigation. In Finland, accessibility is monitored by the Regional Administrative Agency of Southern Finland (ESAVI). ESAVI&#039;s Saavutett\u00e4vet\u00e4\u00e4s\u00e4\u00e4vet.fi page has instructions and addresses for submitting a report.<\/p><h4>Contact information of the supervisory authority<\/h4><p>Southern Finland Regional Administrative Agency, Accessibility Control Unit<br \/>www.saavutettavus\u00e4s\u00e4m\u00e4set.fi<br \/>saavutettavus@avi.fi<br \/>tel. 0295 016 000 (switchboard)<\/p>\t\t\t\t\t\t<\/div>\n\t\t\t\t<\/div>\n\t\t\t\t\t<\/div>\n\t\t<\/div>\n\t\t\t\t\t<\/div>\n\t\t<\/section>\n\t\t\t\t\t<\/div>\n\t\t<\/div>\n\t\t\t\t\t<\/div>\n\t\t<\/section>\n\t\t\t\t<\/div>","protected":false},"excerpt":{"rendered":"<p>Accessibility statement Leader Liiveri is currently developing the accessibility of its website in accordance with the law on the provision of digital services and the EU accessibility directive. This accessibility statement applies to the www.liiveri.net website. Compliance Leader Liiver&#039;s website is currently not fully accessible. There is e.g. something to be developed. in contrasts in alternative texts in PDF attachments in linked content We are currently doing development work to meet accessibility requirements. Preparing the accessibility statement Liiver&#039;s website was published in 2015. This [\u2026]<\/p>","protected":false},"author":1,"featured_media":0,"parent":0,"menu_order":0,"comment_status":"closed","ping_status":"closed","template":"elementor_header_footer","meta":{"_acf_changed":false,"footnotes":""},"class_list":["post-87","page","type-page","status-publish","hentry"],"yoast_head":"<!-- This site is optimized with the Yoast SEO plugin v23.3 - https:\/\/yoast.com\/wordpress\/plugins\/seo\/ -->\n<title>Saavutettavuuseloste - Liiveri<\/title>\n<meta name=\"robots\" content=\"index, follow, max-snippet:-1, max-image-preview:large, max-video-preview:-1\" \/>\n<link rel=\"canonical\" href=\"https:\/\/liiveri.net\/en\/saavutettavuuseloste\/\" \/>\n<meta property=\"og:locale\" content=\"en_GB\" \/>\n<meta property=\"og:type\" content=\"article\" \/>\n<meta property=\"og:title\" content=\"Saavutettavuuseloste - Liiveri\" \/>\n<meta property=\"og:description\" content=\"Saavutettavuusseloste Leader Liiveri kehitt\u00e4\u00e4 parhaillaan verkkosivustonsa saavutettavuutta digitaalisten palvelujen tarjoamisesta annetun lain ja EU:n saavutettavuusdirektiivin mukaisesti. T\u00e4m\u00e4 saavutettavuusseloste koskee www.liiveri.net-verkkosivustoa. \u00a0 Vaatimustenmukaisuus Leader Liiverin verkkosivusto ei ole t\u00e4ll\u00e4 hetkell\u00e4 kaikilta osin saavutettava. Kehitett\u00e4v\u00e4\u00e4 l\u00f6ytyy mm. kontrasteissa vaihtoehtoisissa teksteiss\u00e4 PDF-liitetiedostoissa linkitetyiss\u00e4 sis\u00e4ll\u00f6iss\u00e4 Teemme parhaillaan kehitysty\u00f6t\u00e4 saavutettavuusvaatimusten t\u00e4ytt\u00e4miseksi. Saavutettavuusselosteen laatiminen Liiverin verkkosivusto on julkaistu vuonna 2015. T\u00e4m\u00e4 [&hellip;]\" \/>\n<meta property=\"og:url\" content=\"https:\/\/liiveri.net\/en\/saavutettavuuseloste\/\" \/>\n<meta property=\"og:site_name\" content=\"Liiveri\" \/>\n<meta property=\"article:publisher\" content=\"https:\/\/www.facebook.com\/LeaderLiiveri\" \/>\n<meta property=\"article:modified_time\" content=\"2023-06-28T09:53:33+00:00\" \/>\n<meta property=\"og:image\" content=\"https:\/\/liiveri.net\/wp-content\/uploads\/2023\/02\/placeholder.png\" \/>\n\t<meta property=\"og:image:width\" content=\"1920\" \/>\n\t<meta property=\"og:image:height\" content=\"1080\" \/>\n\t<meta property=\"og:image:type\" content=\"image\/png\" \/>\n<meta name=\"twitter:card\" content=\"summary_large_image\" \/>\n<meta name=\"twitter:site\" content=\"@LeaderLiiveri\" \/>\n<meta name=\"twitter:label1\" content=\"Estimated reading time\" \/>\n\t<meta name=\"twitter:data1\" content=\"1 minute\" \/>\n<script type=\"application\/ld+json\" class=\"yoast-schema-graph\">{\"@context\":\"https:\/\/schema.org\",\"@graph\":[{\"@type\":\"Article\",\"@id\":\"https:\/\/liiveri.net\/saavutettavuuseloste\/#article\",\"isPartOf\":{\"@id\":\"https:\/\/liiveri.net\/saavutettavuuseloste\/\"},\"author\":{\"name\":\"Admin\",\"@id\":\"https:\/\/liiveri.net\/#\/schema\/person\/4d2151d167ce291fb59ae4929e4f150a\"},\"headline\":\"Saavutettavuuseloste\",\"datePublished\":\"2023-02-21T20:38:46+00:00\",\"dateModified\":\"2023-06-28T09:53:33+00:00\",\"mainEntityOfPage\":{\"@id\":\"https:\/\/liiveri.net\/saavutettavuuseloste\/\"},\"wordCount\":161,\"publisher\":{\"@id\":\"https:\/\/liiveri.net\/#organization\"},\"inLanguage\":\"en-GB\"},{\"@type\":\"WebPage\",\"@id\":\"https:\/\/liiveri.net\/saavutettavuuseloste\/\",\"url\":\"https:\/\/liiveri.net\/saavutettavuuseloste\/\",\"name\":\"Saavutettavuuseloste - Liiveri\",\"isPartOf\":{\"@id\":\"https:\/\/liiveri.net\/#website\"},\"datePublished\":\"2023-02-21T20:38:46+00:00\",\"dateModified\":\"2023-06-28T09:53:33+00:00\",\"breadcrumb\":{\"@id\":\"https:\/\/liiveri.net\/saavutettavuuseloste\/#breadcrumb\"},\"inLanguage\":\"en-GB\",\"potentialAction\":[{\"@type\":\"ReadAction\",\"target\":[\"https:\/\/liiveri.net\/saavutettavuuseloste\/\"]}]},{\"@type\":\"BreadcrumbList\",\"@id\":\"https:\/\/liiveri.net\/saavutettavuuseloste\/#breadcrumb\",\"itemListElement\":[{\"@type\":\"ListItem\",\"position\":1,\"name\":\"Etusivu\",\"item\":\"https:\/\/liiveri.net\/\"},{\"@type\":\"ListItem\",\"position\":2,\"name\":\"Saavutettavuuseloste\"}]},{\"@type\":\"WebSite\",\"@id\":\"https:\/\/liiveri.net\/#website\",\"url\":\"https:\/\/liiveri.net\/\",\"name\":\"Liiveri - Kehitt\u00e4misyhdistys\",\"description\":\"REILU RAHOITTAJA PALVELUKSESSASI\",\"publisher\":{\"@id\":\"https:\/\/liiveri.net\/#organization\"},\"potentialAction\":[{\"@type\":\"SearchAction\",\"target\":{\"@type\":\"EntryPoint\",\"urlTemplate\":\"https:\/\/liiveri.net\/?s={search_term_string}\"},\"query-input\":\"required name=search_term_string\"}],\"inLanguage\":\"en-GB\"},{\"@type\":\"Organization\",\"@id\":\"https:\/\/liiveri.net\/#organization\",\"name\":\"Kehitt\u00e4misyhdistys Liiveri ry\",\"url\":\"https:\/\/liiveri.net\/\",\"logo\":{\"@type\":\"ImageObject\",\"inLanguage\":\"en-GB\",\"@id\":\"https:\/\/liiveri.net\/#\/schema\/logo\/image\/\",\"url\":\"https:\/\/liiveri.net\/wp-content\/uploads\/2023\/02\/placeholder.png\",\"contentUrl\":\"https:\/\/liiveri.net\/wp-content\/uploads\/2023\/02\/placeholder.png\",\"width\":1920,\"height\":1080,\"caption\":\"Kehitt\u00e4misyhdistys Liiveri ry\"},\"image\":{\"@id\":\"https:\/\/liiveri.net\/#\/schema\/logo\/image\/\"},\"sameAs\":[\"https:\/\/www.facebook.com\/LeaderLiiveri\",\"https:\/\/x.com\/LeaderLiiveri\",\"https:\/\/www.instagram.com\/leaderliiveri\/\"]},{\"@type\":\"Person\",\"@id\":\"https:\/\/liiveri.net\/#\/schema\/person\/4d2151d167ce291fb59ae4929e4f150a\",\"name\":\"Admin\",\"image\":{\"@type\":\"ImageObject\",\"inLanguage\":\"en-GB\",\"@id\":\"https:\/\/liiveri.net\/#\/schema\/person\/image\/\",\"url\":\"https:\/\/liiveri.net\/wp-content\/litespeed\/avatar\/1\/a408f0f48bbe882d38689644bc375f8c.jpg?ver=1778064647\",\"contentUrl\":\"https:\/\/liiveri.net\/wp-content\/litespeed\/avatar\/1\/a408f0f48bbe882d38689644bc375f8c.jpg?ver=1778064647\",\"caption\":\"Admin\"},\"sameAs\":[\"https:\/\/liiveri.net\"],\"url\":\"https:\/\/liiveri.net\/en\/uutiset\/author\/admin\/\"}]}<\/script>\n<!-- \/ Yoast SEO plugin. -->","yoast_head_json":{"title":"Saavutettavuuseloste - Liiveri","robots":{"index":"index","follow":"follow","max-snippet":"max-snippet:-1","max-image-preview":"max-image-preview:large","max-video-preview":"max-video-preview:-1"},"canonical":"https:\/\/liiveri.net\/en\/saavutettavuuseloste\/","og_locale":"en_GB","og_type":"article","og_title":"Saavutettavuuseloste - Liiveri","og_description":"Saavutettavuusseloste Leader Liiveri kehitt\u00e4\u00e4 parhaillaan verkkosivustonsa saavutettavuutta digitaalisten palvelujen tarjoamisesta annetun lain ja EU:n saavutettavuusdirektiivin mukaisesti. T\u00e4m\u00e4 saavutettavuusseloste koskee www.liiveri.net-verkkosivustoa. \u00a0 Vaatimustenmukaisuus Leader Liiverin verkkosivusto ei ole t\u00e4ll\u00e4 hetkell\u00e4 kaikilta osin saavutettava. Kehitett\u00e4v\u00e4\u00e4 l\u00f6ytyy mm. kontrasteissa vaihtoehtoisissa teksteiss\u00e4 PDF-liitetiedostoissa linkitetyiss\u00e4 sis\u00e4ll\u00f6iss\u00e4 Teemme parhaillaan kehitysty\u00f6t\u00e4 saavutettavuusvaatimusten t\u00e4ytt\u00e4miseksi. Saavutettavuusselosteen laatiminen Liiverin verkkosivusto on julkaistu vuonna 2015. T\u00e4m\u00e4 [&hellip;]","og_url":"https:\/\/liiveri.net\/en\/saavutettavuuseloste\/","og_site_name":"Liiveri","article_publisher":"https:\/\/www.facebook.com\/LeaderLiiveri","article_modified_time":"2023-06-28T09:53:33+00:00","og_image":[{"width":1920,"height":1080,"url":"https:\/\/liiveri.net\/wp-content\/uploads\/2023\/02\/placeholder.png","type":"image\/png"}],"twitter_card":"summary_large_image","twitter_site":"@LeaderLiiveri","twitter_misc":{"Estimated reading time":"1 minute"},"schema":{"@context":"https:\/\/schema.org","@graph":[{"@type":"Article","@id":"https:\/\/liiveri.net\/saavutettavuuseloste\/#article","isPartOf":{"@id":"https:\/\/liiveri.net\/saavutettavuuseloste\/"},"author":{"name":"Admin","@id":"https:\/\/liiveri.net\/#\/schema\/person\/4d2151d167ce291fb59ae4929e4f150a"},"headline":"Saavutettavuuseloste","datePublished":"2023-02-21T20:38:46+00:00","dateModified":"2023-06-28T09:53:33+00:00","mainEntityOfPage":{"@id":"https:\/\/liiveri.net\/saavutettavuuseloste\/"},"wordCount":161,"publisher":{"@id":"https:\/\/liiveri.net\/#organization"},"inLanguage":"en-GB"},{"@type":"WebPage","@id":"https:\/\/liiveri.net\/saavutettavuuseloste\/","url":"https:\/\/liiveri.net\/saavutettavuuseloste\/","name":"Saavutettavuuseloste - Liiveri","isPartOf":{"@id":"https:\/\/liiveri.net\/#website"},"datePublished":"2023-02-21T20:38:46+00:00","dateModified":"2023-06-28T09:53:33+00:00","breadcrumb":{"@id":"https:\/\/liiveri.net\/saavutettavuuseloste\/#breadcrumb"},"inLanguage":"en-GB","potentialAction":[{"@type":"ReadAction","target":["https:\/\/liiveri.net\/saavutettavuuseloste\/"]}]},{"@type":"BreadcrumbList","@id":"https:\/\/liiveri.net\/saavutettavuuseloste\/#breadcrumb","itemListElement":[{"@type":"ListItem","position":1,"name":"Etusivu","item":"https:\/\/liiveri.net\/"},{"@type":"ListItem","position":2,"name":"Saavutettavuuseloste"}]},{"@type":"WebSite","@id":"https:\/\/liiveri.net\/#website","url":"https:\/\/liiveri.net\/","name":"Liiveri - Kehitt\u00e4misyhdistys","description":"REILU RAHOITTAJA PALVELUKSESSASI","publisher":{"@id":"https:\/\/liiveri.net\/#organization"},"potentialAction":[{"@type":"SearchAction","target":{"@type":"EntryPoint","urlTemplate":"https:\/\/liiveri.net\/?s={search_term_string}"},"query-input":"required name=search_term_string"}],"inLanguage":"en-GB"},{"@type":"Organization","@id":"https:\/\/liiveri.net\/#organization","name":"Kehitt\u00e4misyhdistys Liiveri ry","url":"https:\/\/liiveri.net\/","logo":{"@type":"ImageObject","inLanguage":"en-GB","@id":"https:\/\/liiveri.net\/#\/schema\/logo\/image\/","url":"https:\/\/liiveri.net\/wp-content\/uploads\/2023\/02\/placeholder.png","contentUrl":"https:\/\/liiveri.net\/wp-content\/uploads\/2023\/02\/placeholder.png","width":1920,"height":1080,"caption":"Kehitt\u00e4misyhdistys Liiveri ry"},"image":{"@id":"https:\/\/liiveri.net\/#\/schema\/logo\/image\/"},"sameAs":["https:\/\/www.facebook.com\/LeaderLiiveri","https:\/\/x.com\/LeaderLiiveri","https:\/\/www.instagram.com\/leaderliiveri\/"]},{"@type":"Person","@id":"https:\/\/liiveri.net\/#\/schema\/person\/4d2151d167ce291fb59ae4929e4f150a","name":"Admin","image":{"@type":"ImageObject","inLanguage":"en-GB","@id":"https:\/\/liiveri.net\/#\/schema\/person\/image\/","url":"https:\/\/liiveri.net\/wp-content\/litespeed\/avatar\/1\/a408f0f48bbe882d38689644bc375f8c.jpg?ver=1778064647","contentUrl":"https:\/\/liiveri.net\/wp-content\/litespeed\/avatar\/1\/a408f0f48bbe882d38689644bc375f8c.jpg?ver=1778064647","caption":"Admin"},"sameAs":["https:\/\/liiveri.net"],"url":"https:\/\/liiveri.net\/en\/uutiset\/author\/admin\/"}]}},"acf":[],"_links":{"self":[{"href":"https:\/\/liiveri.net\/en\/wp-json\/wp\/v2\/pages\/87","targetHints":{"allow":["GET"]}}],"collection":[{"href":"https:\/\/liiveri.net\/en\/wp-json\/wp\/v2\/pages"}],"about":[{"href":"https:\/\/liiveri.net\/en\/wp-json\/wp\/v2\/types\/page"}],"author":[{"embeddable":true,"href":"https:\/\/liiveri.net\/en\/wp-json\/wp\/v2\/users\/1"}],"replies":[{"embeddable":true,"href":"https:\/\/liiveri.net\/en\/wp-json\/wp\/v2\/comments?post=87"}],"version-history":[{"count":0,"href":"https:\/\/liiveri.net\/en\/wp-json\/wp\/v2\/pages\/87\/revisions"}],"wp:attachment":[{"href":"https:\/\/liiveri.net\/en\/wp-json\/wp\/v2\/media?parent=87"}],"curies":[{"name":"wp","href":"https:\/\/api.w.org\/{rel}","templated":true}]}}